{"id":1476,"date":"2010-07-14T00:00:00","date_gmt":"2010-07-14T03:00:00","guid":{"rendered":"http:\/\/ajupe.com.uy\/web\/?post_type=product&#038;p=1476"},"modified":"2011-09-26T18:15:44","modified_gmt":"2011-09-26T21:15:44","slug":"los-anos-del-odio","status":"publish","type":"product","link":"https:\/\/ajupe.com.uy\/web\/biblioteca\/los-anos-del-odio\/","title":{"rendered":"Los a\u00f1os del odio"},"content":{"rendered":"<p>Hace un siglo, con la muerte de Aparicio Saravia, se cerr\u00f3 un ciclo en el que las colectividades pol\u00edticas blanca y colorada se embistieron ferozmente en dos guerras civiles que costaron miles de muertos, arruinaron al estado y crearon cismas que muchos creyeron ilevantables. Por encima de tantos odios y tantas desdichas sin embargo, la fuerza moral de los sobrevivientes logr\u00f3 edificar el Uruguay moderno. La historia de este per\u00edodo de enconos, ha sido muchas veces narrada a trav\u00e9s de los velos siempre enga\u00f1osos de la pasi\u00f3n. En Los a\u00f1os del odio, C\u00e9sar di Candia despoja a los hechos de los sesgos partidarios y nos entrega un libro apasionante que puede ser le\u00eddo sin peaje de adhesi\u00f3n a ninguna divisa.<\/p>\n","protected":false},"excerpt":{"rendered":"<p>Hace un siglo, con la muerte de Aparicio Saravia, se cerr\u00f3 un ciclo en el que las colectividades pol\u00edticas blanca y colorada se embistieron ferozmente en dos guerras civiles que costaron miles de muertos, arruinaron al estado y crearon cismas que muchos c<\/p>\n","protected":false},"featured_media":1477,"template":"","meta":[],"product_brand":[72],"product_cat":[31,45],"product_tag":[],"class_list":{"0":"post-1476","1":"product","2":"type-product","3":"status-publish","4":"has-post-thumbnail","6":"product_brand-cesar-di-candia","7":"product_cat-historico","8":"product_cat-uruguayo","10":"first","11":"instock","12":"purchasable","13":"product-type-simple"},"featured_image_urls_v2":{"full":["https:\/\/ajupe.com.uy\/web\/wp-content\/uploads\/2016\/04\/p-1476-6812.jpg",361,494,false],"thumbnail":["https:\/\/ajupe.com.uy\/web\/wp-content\/uploads\/2016\/04\/p-1476-6812.jpg",150,150,true],"medium":["https:\/\/ajupe.com.uy\/web\/wp-content\/uploads\/2016\/04\/p-1476-6812.jpg",300,214,true],"medium_large":["https:\/\/ajupe.com.uy\/web\/wp-content\/uploads\/2016\/04\/p-1476-6812.jpg",361,494,false],"large":["https:\/\/ajupe.com.uy\/web\/wp-content\/uploads\/2016\/04\/p-1476-6812.jpg",361,494,false],"1536x1536":["https:\/\/ajupe.com.uy\/web\/wp-content\/uploads\/2016\/04\/p-1476-6812.jpg",361,494,false],"2048x2048":["https:\/\/ajupe.com.uy\/web\/wp-content\/uploads\/2016\/04\/p-1476-6812.jpg",361,494,false],"woocommerce_archive_thumbnail":["https:\/\/ajupe.com.uy\/web\/wp-content\/uploads\/2016\/04\/p-1476-6812-300x450.jpg",300,450,true],"woocommerce_thumbnail":["https:\/\/ajupe.com.uy\/web\/wp-content\/uploads\/2016\/04\/p-1476-6812-300x300.jpg",300,300,true],"woocommerce_single":["https:\/\/ajupe.com.uy\/web\/wp-content\/uploads\/2016\/04\/p-1476-6812-300x411.jpg",300,411,true],"woocommerce_gallery_thumbnail":["https:\/\/ajupe.com.uy\/web\/wp-content\/uploads\/2016\/04\/p-1476-6812-100x100.jpg",100,100,true]},"post_excerpt_stackable_v2":"<p>Hace un siglo, con la muerte de Aparicio Saravia, se cerr\u00f3 un ciclo en el que las colectividades pol\u00edticas blanca y colorada se embistieron ferozmente en dos guerras civiles que costaron miles de muertos, arruinaron al estado y crearon cismas que muchos c<\/p>\n","category_list_v2":"","author_info_v2":{"name":"","url":""},"comments_num_v2":"0 comentarios","_links":{"self":[{"href":"https:\/\/ajupe.com.uy\/web\/wp-json\/wp\/v2\/product\/1476","targetHints":{"allow":["GET"]}}],"collection":[{"href":"https:\/\/ajupe.com.uy\/web\/wp-json\/wp\/v2\/product"}],"about":[{"href":"https:\/\/ajupe.com.uy\/web\/wp-json\/wp\/v2\/types\/product"}],"wp:featuredmedia":[{"embeddable":true,"href":"https:\/\/ajupe.com.uy\/web\/wp-json\/wp\/v2\/media\/1477"}],"wp:attachment":[{"href":"https:\/\/ajupe.com.uy\/web\/wp-json\/wp\/v2\/media?parent=1476"}],"wp:term":[{"taxonomy":"product_brand","embeddable":true,"href":"https:\/\/ajupe.com.uy\/web\/wp-json\/wp\/v2\/product_brand?post=1476"},{"taxonomy":"product_cat","embeddable":true,"href":"https:\/\/ajupe.com.uy\/web\/wp-json\/wp\/v2\/product_cat?post=1476"},{"taxonomy":"product_tag","embeddable":true,"href":"https:\/\/ajupe.com.uy\/web\/wp-json\/wp\/v2\/product_tag?post=1476"}],"curies":[{"name":"wp","href":"https:\/\/api.w.org\/{rel}","templated":true}]}}