{"id":1478,"date":"2010-07-14T00:00:00","date_gmt":"2010-07-14T03:00:00","guid":{"rendered":"http:\/\/ajupe.com.uy\/web\/?post_type=product&#038;p=1478"},"modified":"2010-07-14T00:00:00","modified_gmt":"2010-07-14T03:00:00","slug":"ngeles-y-demonios","status":"publish","type":"product","link":"https:\/\/ajupe.com.uy\/web\/biblioteca\/ngeles-y-demonios\/","title":{"rendered":"\u00c1ngeles y Demonios"},"content":{"rendered":"<p>En un laboratorio de m\u00e1xima seguridad, aparece asesinado un cient\u00edfico con un extra\u00f1o s\u00edmbolo grabado a fuego en su pecho. Para el profesor Robert Langdon no hay duda: los Illuminati, los hombres enfrentados a la Iglesia desde los tiempos de Galileo, han regresado, y esta vez disponen de la m\u00e1s mort\u00edfera arma que ha creado la humanidad, un artefacto con el que pueden ganar la batalla final contra su eterno enemigo. Acompa\u00f1ado de una joven cient\u00edfica y audaz capit\u00e1n de la Guardia Suiza, Langdon comienza una carrera contra reloj, en una b\u00fasqueda desesperada por los rincones m\u00e1s secretos del Vaticano. Necesitar\u00e1 todo su conocimiento para descifrar las claves ocultas que los Illuminati han dejado a trav\u00e9s de los siglos&#8230;<\/p>\n","protected":false},"excerpt":{"rendered":"<p>En un laboratorio de m\u00e1xima seguridad, aparece asesinado un cient\u00edfico con un extra\u00f1o s\u00edmbolo grabado a fuego en su pecho. Para el profesor Robert Langdon no hay duda: los Illuminati, los hombres enfrentados a la Iglesia desde los tiempos de Galileo, han <\/p>\n","protected":false},"featured_media":1479,"template":"","meta":[],"product_brand":[382],"product_cat":[30],"product_tag":[],"class_list":{"0":"post-1478","1":"product","2":"type-product","3":"status-publish","4":"has-post-thumbnail","6":"product_brand-dan-brown","7":"product_cat-suspenso","9":"first","10":"instock","11":"purchasable","12":"product-type-simple"},"featured_image_urls_v2":{"full":["https:\/\/ajupe.com.uy\/web\/wp-content\/uploads\/2016\/04\/p-1478-6813.jpg",391,589,false],"thumbnail":["https:\/\/ajupe.com.uy\/web\/wp-content\/uploads\/2016\/04\/p-1478-6813.jpg",150,150,true],"medium":["https:\/\/ajupe.com.uy\/web\/wp-content\/uploads\/2016\/04\/p-1478-6813.jpg",300,214,true],"medium_large":["https:\/\/ajupe.com.uy\/web\/wp-content\/uploads\/2016\/04\/p-1478-6813.jpg",391,589,false],"large":["https:\/\/ajupe.com.uy\/web\/wp-content\/uploads\/2016\/04\/p-1478-6813.jpg",391,589,false],"1536x1536":["https:\/\/ajupe.com.uy\/web\/wp-content\/uploads\/2016\/04\/p-1478-6813.jpg",391,589,false],"2048x2048":["https:\/\/ajupe.com.uy\/web\/wp-content\/uploads\/2016\/04\/p-1478-6813.jpg",391,589,false],"woocommerce_archive_thumbnail":["https:\/\/ajupe.com.uy\/web\/wp-content\/uploads\/2016\/04\/p-1478-6813-300x450.jpg",300,450,true],"woocommerce_thumbnail":["https:\/\/ajupe.com.uy\/web\/wp-content\/uploads\/2016\/04\/p-1478-6813-300x300.jpg",300,300,true],"woocommerce_single":["https:\/\/ajupe.com.uy\/web\/wp-content\/uploads\/2016\/04\/p-1478-6813-300x452.jpg",300,452,true],"woocommerce_gallery_thumbnail":["https:\/\/ajupe.com.uy\/web\/wp-content\/uploads\/2016\/04\/p-1478-6813-100x100.jpg",100,100,true]},"post_excerpt_stackable_v2":"<p>En un laboratorio de m\u00e1xima seguridad, aparece asesinado un cient\u00edfico con un extra\u00f1o s\u00edmbolo grabado a fuego en su pecho. Para el profesor Robert Langdon no hay duda: los Illuminati, los hombres enfrentados a la Iglesia desde los tiempos de Galileo, han <\/p>\n","category_list_v2":"","author_info_v2":{"name":"","url":""},"comments_num_v2":"0 comentarios","_links":{"self":[{"href":"https:\/\/ajupe.com.uy\/web\/wp-json\/wp\/v2\/product\/1478","targetHints":{"allow":["GET"]}}],"collection":[{"href":"https:\/\/ajupe.com.uy\/web\/wp-json\/wp\/v2\/product"}],"about":[{"href":"https:\/\/ajupe.com.uy\/web\/wp-json\/wp\/v2\/types\/product"}],"wp:featuredmedia":[{"embeddable":true,"href":"https:\/\/ajupe.com.uy\/web\/wp-json\/wp\/v2\/media\/1479"}],"wp:attachment":[{"href":"https:\/\/ajupe.com.uy\/web\/wp-json\/wp\/v2\/media?parent=1478"}],"wp:term":[{"taxonomy":"product_brand","embeddable":true,"href":"https:\/\/ajupe.com.uy\/web\/wp-json\/wp\/v2\/product_brand?post=1478"},{"taxonomy":"product_cat","embeddable":true,"href":"https:\/\/ajupe.com.uy\/web\/wp-json\/wp\/v2\/product_cat?post=1478"},{"taxonomy":"product_tag","embeddable":true,"href":"https:\/\/ajupe.com.uy\/web\/wp-json\/wp\/v2\/product_tag?post=1478"}],"curies":[{"name":"wp","href":"https:\/\/api.w.org\/{rel}","templated":true}]}}