{"id":1480,"date":"2010-07-14T00:00:00","date_gmt":"2010-07-14T03:00:00","guid":{"rendered":"http:\/\/ajupe.com.uy\/web\/?post_type=product&#038;p=1480"},"modified":"2010-07-14T00:00:00","modified_gmt":"2010-07-14T03:00:00","slug":"delirio","status":"publish","type":"product","link":"https:\/\/ajupe.com.uy\/web\/biblioteca\/delirio\/","title":{"rendered":"Delirio"},"content":{"rendered":"<p>Un hombre regresa a casa despu\u00e9s de un corto viaje de negocios y encuentra que su esposa ha enloquecido completamente. No tiene idea de qu\u00e9 le pudo haber ocurrido durante los tres d\u00edas de su ausencia, y con el fin de ayudarla a salir de la crisis empieza a investigar, s\u00f3lo para descubrir lo poco que sabe sobre las profundas perturbaciones escondidas en el pasado de la mujer que ama. Narrada con talento y emoci\u00f3n, la historia principal de esta novela se fragmenta en otras que se anudan a trav\u00e9s de personajes llenos de matices. La autora muestra una energ\u00eda narrativa fuera de lo com\u00fan, en la que el suspenso se mantiene hasta un final esperanzador que cierra una obra bien construida, mejor contada y brillantemente desarrollada.<\/p>\n","protected":false},"excerpt":{"rendered":"<p>Un hombre regresa a casa despu\u00e9s de un corto viaje de negocios y encuentra que su esposa ha enloquecido completamente. No tiene idea de qu\u00e9 le pudo haber ocurrido durante los tres d\u00edas de su ausencia, y con el fin de ayudarla a salir de la crisis empieza <\/p>\n","protected":false},"featured_media":1481,"template":"","meta":[],"product_brand":[419],"product_cat":[29],"product_tag":[],"class_list":{"0":"post-1480","1":"product","2":"type-product","3":"status-publish","4":"has-post-thumbnail","6":"product_brand-laura-restrepo","7":"product_cat-novela","9":"first","10":"instock","11":"purchasable","12":"product-type-simple"},"featured_image_urls_v2":{"full":["https:\/\/ajupe.com.uy\/web\/wp-content\/uploads\/2016\/04\/p-1480-6814.jpg",366,589,false],"thumbnail":["https:\/\/ajupe.com.uy\/web\/wp-content\/uploads\/2016\/04\/p-1480-6814.jpg",150,150,true],"medium":["https:\/\/ajupe.com.uy\/web\/wp-content\/uploads\/2016\/04\/p-1480-6814.jpg",300,214,true],"medium_large":["https:\/\/ajupe.com.uy\/web\/wp-content\/uploads\/2016\/04\/p-1480-6814.jpg",366,589,false],"large":["https:\/\/ajupe.com.uy\/web\/wp-content\/uploads\/2016\/04\/p-1480-6814.jpg",366,589,false],"1536x1536":["https:\/\/ajupe.com.uy\/web\/wp-content\/uploads\/2016\/04\/p-1480-6814.jpg",366,589,false],"2048x2048":["https:\/\/ajupe.com.uy\/web\/wp-content\/uploads\/2016\/04\/p-1480-6814.jpg",366,589,false],"woocommerce_archive_thumbnail":["https:\/\/ajupe.com.uy\/web\/wp-content\/uploads\/2016\/04\/p-1480-6814-300x450.jpg",300,450,true],"woocommerce_thumbnail":["https:\/\/ajupe.com.uy\/web\/wp-content\/uploads\/2016\/04\/p-1480-6814-300x300.jpg",300,300,true],"woocommerce_single":["https:\/\/ajupe.com.uy\/web\/wp-content\/uploads\/2016\/04\/p-1480-6814-300x483.jpg",300,483,true],"woocommerce_gallery_thumbnail":["https:\/\/ajupe.com.uy\/web\/wp-content\/uploads\/2016\/04\/p-1480-6814-100x100.jpg",100,100,true]},"post_excerpt_stackable_v2":"<p>Un hombre regresa a casa despu\u00e9s de un corto viaje de negocios y encuentra que su esposa ha enloquecido completamente. No tiene idea de qu\u00e9 le pudo haber ocurrido durante los tres d\u00edas de su ausencia, y con el fin de ayudarla a salir de la crisis empieza <\/p>\n","category_list_v2":"","author_info_v2":{"name":"","url":""},"comments_num_v2":"0 comentarios","_links":{"self":[{"href":"https:\/\/ajupe.com.uy\/web\/wp-json\/wp\/v2\/product\/1480","targetHints":{"allow":["GET"]}}],"collection":[{"href":"https:\/\/ajupe.com.uy\/web\/wp-json\/wp\/v2\/product"}],"about":[{"href":"https:\/\/ajupe.com.uy\/web\/wp-json\/wp\/v2\/types\/product"}],"wp:featuredmedia":[{"embeddable":true,"href":"https:\/\/ajupe.com.uy\/web\/wp-json\/wp\/v2\/media\/1481"}],"wp:attachment":[{"href":"https:\/\/ajupe.com.uy\/web\/wp-json\/wp\/v2\/media?parent=1480"}],"wp:term":[{"taxonomy":"product_brand","embeddable":true,"href":"https:\/\/ajupe.com.uy\/web\/wp-json\/wp\/v2\/product_brand?post=1480"},{"taxonomy":"product_cat","embeddable":true,"href":"https:\/\/ajupe.com.uy\/web\/wp-json\/wp\/v2\/product_cat?post=1480"},{"taxonomy":"product_tag","embeddable":true,"href":"https:\/\/ajupe.com.uy\/web\/wp-json\/wp\/v2\/product_tag?post=1480"}],"curies":[{"name":"wp","href":"https:\/\/api.w.org\/{rel}","templated":true}]}}