{"id":1486,"date":"2010-07-14T00:00:00","date_gmt":"2010-07-14T03:00:00","guid":{"rendered":"http:\/\/ajupe.com.uy\/web\/?post_type=product&#038;p=1486"},"modified":"2010-07-14T00:00:00","modified_gmt":"2010-07-14T03:00:00","slug":"kane-y-abel","status":"publish","type":"product","link":"https:\/\/ajupe.com.uy\/web\/biblioteca\/kane-y-abel\/","title":{"rendered":"Kane y Abel"},"content":{"rendered":"<p>William Lowell Kane y Abel Rosnovski nacieron el mismo d\u00eda. El primero, v\u00e1stago de una rica familia de banqueros; el segundo, hijo natural de una gitana polaca. William tuvo una infancia feliz: Abel padeci\u00f3 los horrores de una Europa en guerra y el drama de la emigraci\u00f3n a otro lejano, aunque prometedor, continente. Pero William y Abel ten\u00edan algo en com\u00fan: sus despensuradas ansias de triunfo. Por ellas, dos personas que jam\u00e1s habr\u00edan podido encontrarse lo hicieron. Y chocaron con tanta violencia que el resentimiento durar\u00eda todas sus vidas.<\/p>\n","protected":false},"excerpt":{"rendered":"<p>William Lowell Kane y Abel Rosnovski nacieron el mismo d\u00eda. El primero, v\u00e1stago de una rica familia de banqueros; el segundo, hijo natural de una gitana polaca. William tuvo una infancia feliz: Abel padeci\u00f3 los horrores de una Europa en guerra y el drama <\/p>\n","protected":false},"featured_media":1487,"template":"","meta":[],"product_brand":[275],"product_cat":[30],"product_tag":[],"class_list":{"0":"post-1486","1":"product","2":"type-product","3":"status-publish","4":"has-post-thumbnail","6":"product_brand-jeffrey-archer","7":"product_cat-suspenso","9":"first","10":"instock","11":"purchasable","12":"product-type-simple"},"featured_image_urls_v2":{"full":["https:\/\/ajupe.com.uy\/web\/wp-content\/uploads\/2016\/04\/p-1486-6817.jpg",362,589,false],"thumbnail":["https:\/\/ajupe.com.uy\/web\/wp-content\/uploads\/2016\/04\/p-1486-6817.jpg",150,150,true],"medium":["https:\/\/ajupe.com.uy\/web\/wp-content\/uploads\/2016\/04\/p-1486-6817.jpg",300,214,true],"medium_large":["https:\/\/ajupe.com.uy\/web\/wp-content\/uploads\/2016\/04\/p-1486-6817.jpg",362,589,false],"large":["https:\/\/ajupe.com.uy\/web\/wp-content\/uploads\/2016\/04\/p-1486-6817.jpg",362,589,false],"1536x1536":["https:\/\/ajupe.com.uy\/web\/wp-content\/uploads\/2016\/04\/p-1486-6817.jpg",362,589,false],"2048x2048":["https:\/\/ajupe.com.uy\/web\/wp-content\/uploads\/2016\/04\/p-1486-6817.jpg",362,589,false],"woocommerce_archive_thumbnail":["https:\/\/ajupe.com.uy\/web\/wp-content\/uploads\/2016\/04\/p-1486-6817-300x450.jpg",300,450,true],"woocommerce_thumbnail":["https:\/\/ajupe.com.uy\/web\/wp-content\/uploads\/2016\/04\/p-1486-6817-300x300.jpg",300,300,true],"woocommerce_single":["https:\/\/ajupe.com.uy\/web\/wp-content\/uploads\/2016\/04\/p-1486-6817-300x488.jpg",300,488,true],"woocommerce_gallery_thumbnail":["https:\/\/ajupe.com.uy\/web\/wp-content\/uploads\/2016\/04\/p-1486-6817-100x100.jpg",100,100,true]},"post_excerpt_stackable_v2":"<p>William Lowell Kane y Abel Rosnovski nacieron el mismo d\u00eda. El primero, v\u00e1stago de una rica familia de banqueros; el segundo, hijo natural de una gitana polaca. William tuvo una infancia feliz: Abel padeci\u00f3 los horrores de una Europa en guerra y el drama <\/p>\n","category_list_v2":"","author_info_v2":{"name":"","url":""},"comments_num_v2":"0 comentarios","_links":{"self":[{"href":"https:\/\/ajupe.com.uy\/web\/wp-json\/wp\/v2\/product\/1486","targetHints":{"allow":["GET"]}}],"collection":[{"href":"https:\/\/ajupe.com.uy\/web\/wp-json\/wp\/v2\/product"}],"about":[{"href":"https:\/\/ajupe.com.uy\/web\/wp-json\/wp\/v2\/types\/product"}],"wp:featuredmedia":[{"embeddable":true,"href":"https:\/\/ajupe.com.uy\/web\/wp-json\/wp\/v2\/media\/1487"}],"wp:attachment":[{"href":"https:\/\/ajupe.com.uy\/web\/wp-json\/wp\/v2\/media?parent=1486"}],"wp:term":[{"taxonomy":"product_brand","embeddable":true,"href":"https:\/\/ajupe.com.uy\/web\/wp-json\/wp\/v2\/product_brand?post=1486"},{"taxonomy":"product_cat","embeddable":true,"href":"https:\/\/ajupe.com.uy\/web\/wp-json\/wp\/v2\/product_cat?post=1486"},{"taxonomy":"product_tag","embeddable":true,"href":"https:\/\/ajupe.com.uy\/web\/wp-json\/wp\/v2\/product_tag?post=1486"}],"curies":[{"name":"wp","href":"https:\/\/api.w.org\/{rel}","templated":true}]}}