{"id":1496,"date":"2010-07-14T00:00:00","date_gmt":"2010-07-14T03:00:00","guid":{"rendered":"http:\/\/ajupe.com.uy\/web\/?post_type=product&#038;p=1496"},"modified":"2010-07-14T00:00:00","modified_gmt":"2010-07-14T03:00:00","slug":"alianza-maldita","status":"publish","type":"product","link":"https:\/\/ajupe.com.uy\/web\/biblioteca\/alianza-maldita\/","title":{"rendered":"Alianza Maldita"},"content":{"rendered":"<p>Adam Fraser, un prestigioso realizador de documentales brit\u00e1nico, decide rodar una pel\u00edcula sobre Patrick Collins, un predicador estadounidense que ha conseguido encandilar a medio mundo con su mensaje evangelizador. Sin embargo, Fraser sospecha que detr\u00e1s de sus redentoras palabras se esconden asuntos turbios que mezclan pode, dinero y negocios ilegales. A mitad del rodaje, Fraser se entera por casualidad de que Collins ha presentado su candidatura a la presidencia de los Estados Unidos, y se dispone a descubrir cualquier indicio que comprometa la idolatrada imagen que todo el mundo tiene de \u00e9l. Con la ayuda de su amigo Oscar, un ex esp\u00eda que mantiene relaciones con los servicios de inteligencia, Fraser destapar\u00e1 una oscura trama elaborada por el c\u00e1rtel del narcotr\u00e1fico colombiano a trav\u00e9s de su empresa legal Andino y su director general, Andrew Sinclair&#8230;<\/p>\n","protected":false},"excerpt":{"rendered":"<p>Adam Fraser, un prestigioso realizador de documentales brit\u00e1nico, decide rodar una pel\u00edcula sobre Patrick Collins, un predicador estadounidense que ha conseguido encandilar a medio mundo con su mensaje evangelizador. Sin embargo, Fraser sospecha que detr\u00e1<\/p>\n","protected":false},"featured_media":1497,"template":"","meta":[],"product_brand":[421],"product_cat":[30],"product_tag":[],"class_list":{"0":"post-1496","1":"product","2":"type-product","3":"status-publish","4":"has-post-thumbnail","6":"product_brand-david-yallop","7":"product_cat-suspenso","9":"first","10":"instock","11":"purchasable","12":"product-type-simple"},"featured_image_urls_v2":{"full":["https:\/\/ajupe.com.uy\/web\/wp-content\/uploads\/2016\/04\/p-1496-6822.jpg",387,589,false],"thumbnail":["https:\/\/ajupe.com.uy\/web\/wp-content\/uploads\/2016\/04\/p-1496-6822.jpg",150,150,true],"medium":["https:\/\/ajupe.com.uy\/web\/wp-content\/uploads\/2016\/04\/p-1496-6822.jpg",300,214,true],"medium_large":["https:\/\/ajupe.com.uy\/web\/wp-content\/uploads\/2016\/04\/p-1496-6822.jpg",387,589,false],"large":["https:\/\/ajupe.com.uy\/web\/wp-content\/uploads\/2016\/04\/p-1496-6822.jpg",387,589,false],"1536x1536":["https:\/\/ajupe.com.uy\/web\/wp-content\/uploads\/2016\/04\/p-1496-6822.jpg",387,589,false],"2048x2048":["https:\/\/ajupe.com.uy\/web\/wp-content\/uploads\/2016\/04\/p-1496-6822.jpg",387,589,false],"woocommerce_archive_thumbnail":["https:\/\/ajupe.com.uy\/web\/wp-content\/uploads\/2016\/04\/p-1496-6822-300x450.jpg",300,450,true],"woocommerce_thumbnail":["https:\/\/ajupe.com.uy\/web\/wp-content\/uploads\/2016\/04\/p-1496-6822-300x300.jpg",300,300,true],"woocommerce_single":["https:\/\/ajupe.com.uy\/web\/wp-content\/uploads\/2016\/04\/p-1496-6822-300x457.jpg",300,457,true],"woocommerce_gallery_thumbnail":["https:\/\/ajupe.com.uy\/web\/wp-content\/uploads\/2016\/04\/p-1496-6822-100x100.jpg",100,100,true]},"post_excerpt_stackable_v2":"<p>Adam Fraser, un prestigioso realizador de documentales brit\u00e1nico, decide rodar una pel\u00edcula sobre Patrick Collins, un predicador estadounidense que ha conseguido encandilar a medio mundo con su mensaje evangelizador. Sin embargo, Fraser sospecha que detr\u00e1<\/p>\n","category_list_v2":"","author_info_v2":{"name":"","url":""},"comments_num_v2":"0 comentarios","_links":{"self":[{"href":"https:\/\/ajupe.com.uy\/web\/wp-json\/wp\/v2\/product\/1496","targetHints":{"allow":["GET"]}}],"collection":[{"href":"https:\/\/ajupe.com.uy\/web\/wp-json\/wp\/v2\/product"}],"about":[{"href":"https:\/\/ajupe.com.uy\/web\/wp-json\/wp\/v2\/types\/product"}],"wp:featuredmedia":[{"embeddable":true,"href":"https:\/\/ajupe.com.uy\/web\/wp-json\/wp\/v2\/media\/1497"}],"wp:attachment":[{"href":"https:\/\/ajupe.com.uy\/web\/wp-json\/wp\/v2\/media?parent=1496"}],"wp:term":[{"taxonomy":"product_brand","embeddable":true,"href":"https:\/\/ajupe.com.uy\/web\/wp-json\/wp\/v2\/product_brand?post=1496"},{"taxonomy":"product_cat","embeddable":true,"href":"https:\/\/ajupe.com.uy\/web\/wp-json\/wp\/v2\/product_cat?post=1496"},{"taxonomy":"product_tag","embeddable":true,"href":"https:\/\/ajupe.com.uy\/web\/wp-json\/wp\/v2\/product_tag?post=1496"}],"curies":[{"name":"wp","href":"https:\/\/api.w.org\/{rel}","templated":true}]}}