{"id":1500,"date":"2010-07-14T00:00:00","date_gmt":"2010-07-14T03:00:00","guid":{"rendered":"http:\/\/ajupe.com.uy\/web\/?post_type=product&#038;p=1500"},"modified":"2010-07-14T00:00:00","modified_gmt":"2010-07-14T03:00:00","slug":"el-inductor","status":"publish","type":"product","link":"https:\/\/ajupe.com.uy\/web\/biblioteca\/el-inductor\/","title":{"rendered":"El Inductor"},"content":{"rendered":"<p>Clandestino: sin duda la situaci\u00f3n m\u00e1s solitaria y vulnerable para trabajar. Sin embargo, Jack Reacher est\u00e1 dispuesto a actuar en esas condiciones cuando un equipo &quot;extraoficial&quot; de la DEA le propone una misi\u00f3n de alto riesgo. Reputado por su destreza e inteligencia y la experiencia adquirida durante sus a\u00f1os como polic\u00eda militar. Reacher trabaja ahora por libre aceptando casos que la mayor\u00eda rechazan. Esta vez, la misi\u00f3n tiene un factor a\u00f1adido: una afrenta personal pendiente de llevarse a t\u00e9rmino. Tras el estudio de la operaci\u00f3n al mil\u00edmetro, Jack logra introducirse en la casa de Zachary Beck, un traficante de armas sospechoso de tener secuestrada a una agente de la DEA. Pretendiendo ejercer de guardaespaldas del hijo de Beck, encerrado en la aislada mansi\u00f3n que \u00e9ste posee en la costa de Maine bajo la atenta mirada de los habitantes de este endog\u00e1mico ambiente, Reacher intentar\u00e1 el rescate.<\/p>\n","protected":false},"excerpt":{"rendered":"<p>Clandestino: sin duda la situaci\u00f3n m\u00e1s solitaria y vulnerable para trabajar. Sin embargo, Jack Reacher est\u00e1 dispuesto a actuar en esas condiciones cuando un equipo &quot;extraoficial&quot; de la DEA le propone una misi\u00f3n de alto riesgo. Reputado por su de<\/p>\n","protected":false},"featured_media":1501,"template":"","meta":[],"product_brand":[423],"product_cat":[30],"product_tag":[],"class_list":{"0":"post-1500","1":"product","2":"type-product","3":"status-publish","4":"has-post-thumbnail","6":"product_brand-lee-child","7":"product_cat-suspenso","9":"first","10":"instock","11":"purchasable","12":"product-type-simple"},"featured_image_urls_v2":{"full":["https:\/\/ajupe.com.uy\/web\/wp-content\/uploads\/2016\/04\/p-1500-6826.jpg",360,544,false],"thumbnail":["https:\/\/ajupe.com.uy\/web\/wp-content\/uploads\/2016\/04\/p-1500-6826.jpg",150,150,true],"medium":["https:\/\/ajupe.com.uy\/web\/wp-content\/uploads\/2016\/04\/p-1500-6826.jpg",300,214,true],"medium_large":["https:\/\/ajupe.com.uy\/web\/wp-content\/uploads\/2016\/04\/p-1500-6826.jpg",360,544,false],"large":["https:\/\/ajupe.com.uy\/web\/wp-content\/uploads\/2016\/04\/p-1500-6826.jpg",360,544,false],"1536x1536":["https:\/\/ajupe.com.uy\/web\/wp-content\/uploads\/2016\/04\/p-1500-6826.jpg",360,544,false],"2048x2048":["https:\/\/ajupe.com.uy\/web\/wp-content\/uploads\/2016\/04\/p-1500-6826.jpg",360,544,false],"woocommerce_archive_thumbnail":["https:\/\/ajupe.com.uy\/web\/wp-content\/uploads\/2016\/04\/p-1500-6826-300x450.jpg",300,450,true],"woocommerce_thumbnail":["https:\/\/ajupe.com.uy\/web\/wp-content\/uploads\/2016\/04\/p-1500-6826-300x300.jpg",300,300,true],"woocommerce_single":["https:\/\/ajupe.com.uy\/web\/wp-content\/uploads\/2016\/04\/p-1500-6826-300x453.jpg",300,453,true],"woocommerce_gallery_thumbnail":["https:\/\/ajupe.com.uy\/web\/wp-content\/uploads\/2016\/04\/p-1500-6826-100x100.jpg",100,100,true]},"post_excerpt_stackable_v2":"<p>Clandestino: sin duda la situaci\u00f3n m\u00e1s solitaria y vulnerable para trabajar. Sin embargo, Jack Reacher est\u00e1 dispuesto a actuar en esas condiciones cuando un equipo &quot;extraoficial&quot; de la DEA le propone una misi\u00f3n de alto riesgo. Reputado por su de<\/p>\n","category_list_v2":"","author_info_v2":{"name":"","url":""},"comments_num_v2":"0 comentarios","_links":{"self":[{"href":"https:\/\/ajupe.com.uy\/web\/wp-json\/wp\/v2\/product\/1500","targetHints":{"allow":["GET"]}}],"collection":[{"href":"https:\/\/ajupe.com.uy\/web\/wp-json\/wp\/v2\/product"}],"about":[{"href":"https:\/\/ajupe.com.uy\/web\/wp-json\/wp\/v2\/types\/product"}],"wp:featuredmedia":[{"embeddable":true,"href":"https:\/\/ajupe.com.uy\/web\/wp-json\/wp\/v2\/media\/1501"}],"wp:attachment":[{"href":"https:\/\/ajupe.com.uy\/web\/wp-json\/wp\/v2\/media?parent=1500"}],"wp:term":[{"taxonomy":"product_brand","embeddable":true,"href":"https:\/\/ajupe.com.uy\/web\/wp-json\/wp\/v2\/product_brand?post=1500"},{"taxonomy":"product_cat","embeddable":true,"href":"https:\/\/ajupe.com.uy\/web\/wp-json\/wp\/v2\/product_cat?post=1500"},{"taxonomy":"product_tag","embeddable":true,"href":"https:\/\/ajupe.com.uy\/web\/wp-json\/wp\/v2\/product_tag?post=1500"}],"curies":[{"name":"wp","href":"https:\/\/api.w.org\/{rel}","templated":true}]}}