{"id":1504,"date":"2010-07-14T00:00:00","date_gmt":"2010-07-14T03:00:00","guid":{"rendered":"http:\/\/ajupe.com.uy\/web\/?post_type=product&#038;p=1504"},"modified":"2010-07-14T00:00:00","modified_gmt":"2010-07-14T03:00:00","slug":"convulsion","status":"publish","type":"product","link":"https:\/\/ajupe.com.uy\/web\/biblioteca\/convulsion\/","title":{"rendered":"Convulsi\u00f3n"},"content":{"rendered":"<p>El laboratorio del Dr. Lowell se dedica a la investigaci\u00f3n con c\u00e9lulas madre y ha encontrado l\u00edneas terap\u00e9uticas prometedoras. Sin embargo su trabajo est\u00e1 amenazado por una legislaci\u00f3n contraria a estas experimentaciones que ha presentado el senador Ashley y que dir\u00eda al traste con los sue\u00f1os de Lowell. Justo antes de la sesi\u00f3n del comit\u00e9 del Senado, Ashley descubre que sufre de Parkinson, una de las enfermedades que podr\u00e1n beneficiarse del nuevo tratamiento. Entonces el senador propone a Lowell un pacto sumamente arriesgado: que el m\u00e9dico le cure a cambio de paralizar el proyecto de ley. Adem\u00e1s quiere que el ADN que se le implante proceda de la S\u00e1bana Santa&#8230;<\/p>\n","protected":false},"excerpt":{"rendered":"<p>El laboratorio del Dr. Lowell se dedica a la investigaci\u00f3n con c\u00e9lulas madre y ha encontrado l\u00edneas terap\u00e9uticas prometedoras. Sin embargo su trabajo est\u00e1 amenazado por una legislaci\u00f3n contraria a estas experimentaciones que ha presentado el senador Ashle<\/p>\n","protected":false},"featured_media":1505,"template":"","meta":[],"product_brand":[133],"product_cat":[30],"product_tag":[],"class_list":{"0":"post-1504","1":"product","2":"type-product","3":"status-publish","4":"has-post-thumbnail","6":"product_brand-robin-cook","7":"product_cat-suspenso","9":"first","10":"instock","11":"purchasable","12":"product-type-simple"},"featured_image_urls_v2":{"full":["https:\/\/ajupe.com.uy\/web\/wp-content\/uploads\/2016\/04\/p-1504-6828.jpg",361,533,false],"thumbnail":["https:\/\/ajupe.com.uy\/web\/wp-content\/uploads\/2016\/04\/p-1504-6828.jpg",150,150,true],"medium":["https:\/\/ajupe.com.uy\/web\/wp-content\/uploads\/2016\/04\/p-1504-6828.jpg",300,214,true],"medium_large":["https:\/\/ajupe.com.uy\/web\/wp-content\/uploads\/2016\/04\/p-1504-6828.jpg",361,533,false],"large":["https:\/\/ajupe.com.uy\/web\/wp-content\/uploads\/2016\/04\/p-1504-6828.jpg",361,533,false],"1536x1536":["https:\/\/ajupe.com.uy\/web\/wp-content\/uploads\/2016\/04\/p-1504-6828.jpg",361,533,false],"2048x2048":["https:\/\/ajupe.com.uy\/web\/wp-content\/uploads\/2016\/04\/p-1504-6828.jpg",361,533,false],"woocommerce_archive_thumbnail":["https:\/\/ajupe.com.uy\/web\/wp-content\/uploads\/2016\/04\/p-1504-6828-300x450.jpg",300,450,true],"woocommerce_thumbnail":["https:\/\/ajupe.com.uy\/web\/wp-content\/uploads\/2016\/04\/p-1504-6828-300x300.jpg",300,300,true],"woocommerce_single":["https:\/\/ajupe.com.uy\/web\/wp-content\/uploads\/2016\/04\/p-1504-6828-300x443.jpg",300,443,true],"woocommerce_gallery_thumbnail":["https:\/\/ajupe.com.uy\/web\/wp-content\/uploads\/2016\/04\/p-1504-6828-100x100.jpg",100,100,true]},"post_excerpt_stackable_v2":"<p>El laboratorio del Dr. Lowell se dedica a la investigaci\u00f3n con c\u00e9lulas madre y ha encontrado l\u00edneas terap\u00e9uticas prometedoras. Sin embargo su trabajo est\u00e1 amenazado por una legislaci\u00f3n contraria a estas experimentaciones que ha presentado el senador Ashle<\/p>\n","category_list_v2":"","author_info_v2":{"name":"","url":""},"comments_num_v2":"0 comentarios","_links":{"self":[{"href":"https:\/\/ajupe.com.uy\/web\/wp-json\/wp\/v2\/product\/1504","targetHints":{"allow":["GET"]}}],"collection":[{"href":"https:\/\/ajupe.com.uy\/web\/wp-json\/wp\/v2\/product"}],"about":[{"href":"https:\/\/ajupe.com.uy\/web\/wp-json\/wp\/v2\/types\/product"}],"wp:featuredmedia":[{"embeddable":true,"href":"https:\/\/ajupe.com.uy\/web\/wp-json\/wp\/v2\/media\/1505"}],"wp:attachment":[{"href":"https:\/\/ajupe.com.uy\/web\/wp-json\/wp\/v2\/media?parent=1504"}],"wp:term":[{"taxonomy":"product_brand","embeddable":true,"href":"https:\/\/ajupe.com.uy\/web\/wp-json\/wp\/v2\/product_brand?post=1504"},{"taxonomy":"product_cat","embeddable":true,"href":"https:\/\/ajupe.com.uy\/web\/wp-json\/wp\/v2\/product_cat?post=1504"},{"taxonomy":"product_tag","embeddable":true,"href":"https:\/\/ajupe.com.uy\/web\/wp-json\/wp\/v2\/product_tag?post=1504"}],"curies":[{"name":"wp","href":"https:\/\/api.w.org\/{rel}","templated":true}]}}