{"id":1508,"date":"2010-07-14T00:00:00","date_gmt":"2010-07-14T03:00:00","guid":{"rendered":"http:\/\/ajupe.com.uy\/web\/?post_type=product&#038;p=1508"},"modified":"2010-07-14T00:00:00","modified_gmt":"2010-07-14T03:00:00","slug":"los-dientes-del-tigre","status":"publish","type":"product","link":"https:\/\/ajupe.com.uy\/web\/biblioteca\/los-dientes-del-tigre\/","title":{"rendered":"Los dientes del Tigre"},"content":{"rendered":"<p>Durante la era del terrorismo global, donde cualquiera puede acceder tanto a un fusil kalashnikov como a algunas fatales nociones de qu\u00edmica, o simplemente est\u00e1 dispuesto a morir por una &quot;causa justa&quot;, las antiguas reglas ya no corren. Por m\u00e1s organizaciones gubernamentales creadas ad hoc, las \u00fanicas efectivas son las r\u00e1pidas y \u00e1giles, libres de supervisi\u00f3n y restricciones&#8230; y fuera del sistema. En un an\u00f3nimo edificio suburbano, una empresa invierte con \u00e9xito en acciones, bonos y divisas pero, tras la fachada financiera, de los que se ocupa en realidad es de identificar y localizar amenazas terroristas para eliminarlas del modo que sea. Instalado con la venia del presidentes norteamericano, &quot;el Campus&quot; recluta a tres nuevos talentos.<\/p>\n","protected":false},"excerpt":{"rendered":"<p>Durante la era del terrorismo global, donde cualquiera puede acceder tanto a un fusil kalashnikov como a algunas fatales nociones de qu\u00edmica, o simplemente est\u00e1 dispuesto a morir por una &quot;causa justa&quot;, las antiguas reglas ya no corren. Por m\u00e1s o<\/p>\n","protected":false},"featured_media":1509,"template":"","meta":[],"product_brand":[95],"product_cat":[30],"product_tag":[],"class_list":{"0":"post-1508","1":"product","2":"type-product","3":"status-publish","4":"has-post-thumbnail","6":"product_brand-tom-clancy","7":"product_cat-suspenso","9":"first","10":"instock","11":"purchasable","12":"product-type-simple"},"featured_image_urls_v2":{"full":["https:\/\/ajupe.com.uy\/web\/wp-content\/uploads\/2016\/05\/p-1508-6830.jpg",362,543,false],"thumbnail":["https:\/\/ajupe.com.uy\/web\/wp-content\/uploads\/2016\/05\/p-1508-6830.jpg",150,150,true],"medium":["https:\/\/ajupe.com.uy\/web\/wp-content\/uploads\/2016\/05\/p-1508-6830.jpg",300,214,true],"medium_large":["https:\/\/ajupe.com.uy\/web\/wp-content\/uploads\/2016\/05\/p-1508-6830.jpg",362,543,false],"large":["https:\/\/ajupe.com.uy\/web\/wp-content\/uploads\/2016\/05\/p-1508-6830.jpg",362,543,false],"1536x1536":["https:\/\/ajupe.com.uy\/web\/wp-content\/uploads\/2016\/05\/p-1508-6830.jpg",362,543,false],"2048x2048":["https:\/\/ajupe.com.uy\/web\/wp-content\/uploads\/2016\/05\/p-1508-6830.jpg",362,543,false],"woocommerce_archive_thumbnail":["https:\/\/ajupe.com.uy\/web\/wp-content\/uploads\/2016\/05\/p-1508-6830-300x450.jpg",300,450,true],"woocommerce_thumbnail":["https:\/\/ajupe.com.uy\/web\/wp-content\/uploads\/2016\/05\/p-1508-6830-300x300.jpg",300,300,true],"woocommerce_single":["https:\/\/ajupe.com.uy\/web\/wp-content\/uploads\/2016\/05\/p-1508-6830-300x450.jpg",300,450,true],"woocommerce_gallery_thumbnail":["https:\/\/ajupe.com.uy\/web\/wp-content\/uploads\/2016\/05\/p-1508-6830-100x100.jpg",100,100,true]},"post_excerpt_stackable_v2":"<p>Durante la era del terrorismo global, donde cualquiera puede acceder tanto a un fusil kalashnikov como a algunas fatales nociones de qu\u00edmica, o simplemente est\u00e1 dispuesto a morir por una &quot;causa justa&quot;, las antiguas reglas ya no corren. Por m\u00e1s o<\/p>\n","category_list_v2":"","author_info_v2":{"name":"","url":""},"comments_num_v2":"0 comentarios","_links":{"self":[{"href":"https:\/\/ajupe.com.uy\/web\/wp-json\/wp\/v2\/product\/1508","targetHints":{"allow":["GET"]}}],"collection":[{"href":"https:\/\/ajupe.com.uy\/web\/wp-json\/wp\/v2\/product"}],"about":[{"href":"https:\/\/ajupe.com.uy\/web\/wp-json\/wp\/v2\/types\/product"}],"wp:featuredmedia":[{"embeddable":true,"href":"https:\/\/ajupe.com.uy\/web\/wp-json\/wp\/v2\/media\/1509"}],"wp:attachment":[{"href":"https:\/\/ajupe.com.uy\/web\/wp-json\/wp\/v2\/media?parent=1508"}],"wp:term":[{"taxonomy":"product_brand","embeddable":true,"href":"https:\/\/ajupe.com.uy\/web\/wp-json\/wp\/v2\/product_brand?post=1508"},{"taxonomy":"product_cat","embeddable":true,"href":"https:\/\/ajupe.com.uy\/web\/wp-json\/wp\/v2\/product_cat?post=1508"},{"taxonomy":"product_tag","embeddable":true,"href":"https:\/\/ajupe.com.uy\/web\/wp-json\/wp\/v2\/product_tag?post=1508"}],"curies":[{"name":"wp","href":"https:\/\/api.w.org\/{rel}","templated":true}]}}