{"id":1512,"date":"2010-07-14T00:00:00","date_gmt":"2010-07-14T03:00:00","guid":{"rendered":"http:\/\/ajupe.com.uy\/web\/?post_type=product&#038;p=1512"},"modified":"2010-07-14T00:00:00","modified_gmt":"2010-07-14T03:00:00","slug":"la-prosperidad","status":"publish","type":"product","link":"https:\/\/ajupe.com.uy\/web\/biblioteca\/la-prosperidad\/","title":{"rendered":"La Prosperidad"},"content":{"rendered":"<p>Vivimos en un Universo pr\u00f3spero en el que el bienestar, el progreso y la abundancia est\u00e1n al alcance de cada uno de nosotros. Y, a pesar de ser as\u00ed, somos nosotros quienes nos ponemos l\u00edmites para disfrutar de todo ello. \u00a1Claro que es posible convertir los sue\u00f1os en realidad! Tenemos ante nosotros, en estas p\u00e1ginas, las herramientas para crecer, evolucionar y disfrutar de la riqueza del mundo. S\u00f3lo es cuesti\u00f3n de no dejar escapar la oportunidad.<\/p>\n","protected":false},"excerpt":{"rendered":"<p>Vivimos en un Universo pr\u00f3spero en el que el bienestar, el progreso y la abundancia est\u00e1n al alcance de cada uno de nosotros. Y, a pesar de ser as\u00ed, somos nosotros quienes nos ponemos l\u00edmites para disfrutar de todo ello. \u00a1Claro que es posible convertir lo<\/p>\n","protected":false},"featured_media":1513,"template":"","meta":[],"product_brand":[427],"product_cat":[32],"product_tag":[],"class_list":{"0":"post-1512","1":"product","2":"type-product","3":"status-publish","4":"has-post-thumbnail","6":"product_brand-lair-ribeiro","7":"product_cat-autoayuda","9":"first","10":"instock","11":"purchasable","12":"product-type-simple"},"featured_image_urls_v2":{"full":["https:\/\/ajupe.com.uy\/web\/wp-content\/uploads\/2016\/04\/p-1512-6832.jpg",362,567,false],"thumbnail":["https:\/\/ajupe.com.uy\/web\/wp-content\/uploads\/2016\/04\/p-1512-6832.jpg",150,150,true],"medium":["https:\/\/ajupe.com.uy\/web\/wp-content\/uploads\/2016\/04\/p-1512-6832.jpg",300,214,true],"medium_large":["https:\/\/ajupe.com.uy\/web\/wp-content\/uploads\/2016\/04\/p-1512-6832.jpg",362,567,false],"large":["https:\/\/ajupe.com.uy\/web\/wp-content\/uploads\/2016\/04\/p-1512-6832.jpg",362,567,false],"1536x1536":["https:\/\/ajupe.com.uy\/web\/wp-content\/uploads\/2016\/04\/p-1512-6832.jpg",362,567,false],"2048x2048":["https:\/\/ajupe.com.uy\/web\/wp-content\/uploads\/2016\/04\/p-1512-6832.jpg",362,567,false],"woocommerce_archive_thumbnail":["https:\/\/ajupe.com.uy\/web\/wp-content\/uploads\/2016\/04\/p-1512-6832-300x450.jpg",300,450,true],"woocommerce_thumbnail":["https:\/\/ajupe.com.uy\/web\/wp-content\/uploads\/2016\/04\/p-1512-6832-300x300.jpg",300,300,true],"woocommerce_single":["https:\/\/ajupe.com.uy\/web\/wp-content\/uploads\/2016\/04\/p-1512-6832-300x470.jpg",300,470,true],"woocommerce_gallery_thumbnail":["https:\/\/ajupe.com.uy\/web\/wp-content\/uploads\/2016\/04\/p-1512-6832-100x100.jpg",100,100,true]},"post_excerpt_stackable_v2":"<p>Vivimos en un Universo pr\u00f3spero en el que el bienestar, el progreso y la abundancia est\u00e1n al alcance de cada uno de nosotros. Y, a pesar de ser as\u00ed, somos nosotros quienes nos ponemos l\u00edmites para disfrutar de todo ello. \u00a1Claro que es posible convertir lo<\/p>\n","category_list_v2":"","author_info_v2":{"name":"","url":""},"comments_num_v2":"0 comentarios","_links":{"self":[{"href":"https:\/\/ajupe.com.uy\/web\/wp-json\/wp\/v2\/product\/1512","targetHints":{"allow":["GET"]}}],"collection":[{"href":"https:\/\/ajupe.com.uy\/web\/wp-json\/wp\/v2\/product"}],"about":[{"href":"https:\/\/ajupe.com.uy\/web\/wp-json\/wp\/v2\/types\/product"}],"wp:featuredmedia":[{"embeddable":true,"href":"https:\/\/ajupe.com.uy\/web\/wp-json\/wp\/v2\/media\/1513"}],"wp:attachment":[{"href":"https:\/\/ajupe.com.uy\/web\/wp-json\/wp\/v2\/media?parent=1512"}],"wp:term":[{"taxonomy":"product_brand","embeddable":true,"href":"https:\/\/ajupe.com.uy\/web\/wp-json\/wp\/v2\/product_brand?post=1512"},{"taxonomy":"product_cat","embeddable":true,"href":"https:\/\/ajupe.com.uy\/web\/wp-json\/wp\/v2\/product_cat?post=1512"},{"taxonomy":"product_tag","embeddable":true,"href":"https:\/\/ajupe.com.uy\/web\/wp-json\/wp\/v2\/product_tag?post=1512"}],"curies":[{"name":"wp","href":"https:\/\/api.w.org\/{rel}","templated":true}]}}