{"id":1524,"date":"2010-07-14T00:00:00","date_gmt":"2010-07-14T03:00:00","guid":{"rendered":"http:\/\/ajupe.com.uy\/web\/?post_type=product&#038;p=1524"},"modified":"2010-07-14T00:00:00","modified_gmt":"2010-07-14T03:00:00","slug":"memoria-de-mis-putas-tristes","status":"publish","type":"product","link":"https:\/\/ajupe.com.uy\/web\/biblioteca\/memoria-de-mis-putas-tristes\/","title":{"rendered":"Memoria de mis putas tristes"},"content":{"rendered":"<p>&lt;&lt;El a\u00f1o de mis noventa quise regalarme una noche de amor loco con una adolescente virgen. Me acord\u00e9 de Rosa Cabarcas, la due\u00f1a de una casa clandestina que sol\u00eda avisar a sus buenos clientes cuando ten\u00eda una novedad disponible. Nunca sucumb\u00ed a \u00e9sa ni a ninguna de sus muchas tentaciones obscenas, pero ella no cre\u00eda en la pureza de mis principios. Tambi\u00e9n la moral es un asunto de tiempo, dec\u00eda, con una sonrisa maligna, ya lo ver\u00e1s.&gt;&gt;<\/p>\n","protected":false},"excerpt":{"rendered":"<p>&lt;&lt;El a\u00f1o de mis noventa quise regalarme una noche de amor loco con una adolescente virgen. Me acord\u00e9 de Rosa Cabarcas, la due\u00f1a de una casa clandestina que sol\u00eda avisar a sus buenos clientes cuando ten\u00eda una novedad disponible. Nunca sucumb\u00ed a \u00e9sa n<\/p>\n","protected":false},"featured_media":1525,"template":"","meta":[],"product_brand":[168],"product_cat":[29],"product_tag":[],"class_list":{"0":"post-1524","1":"product","2":"type-product","3":"status-publish","4":"has-post-thumbnail","6":"product_brand-gabriel-garcia-marquez","7":"product_cat-novela","9":"first","10":"instock","11":"purchasable","12":"product-type-simple"},"featured_image_urls_v2":{"full":["https:\/\/ajupe.com.uy\/web\/wp-content\/uploads\/2016\/04\/p-1524-6838.jpg",359,555,false],"thumbnail":["https:\/\/ajupe.com.uy\/web\/wp-content\/uploads\/2016\/04\/p-1524-6838.jpg",150,150,true],"medium":["https:\/\/ajupe.com.uy\/web\/wp-content\/uploads\/2016\/04\/p-1524-6838.jpg",300,214,true],"medium_large":["https:\/\/ajupe.com.uy\/web\/wp-content\/uploads\/2016\/04\/p-1524-6838.jpg",359,555,false],"large":["https:\/\/ajupe.com.uy\/web\/wp-content\/uploads\/2016\/04\/p-1524-6838.jpg",359,555,false],"1536x1536":["https:\/\/ajupe.com.uy\/web\/wp-content\/uploads\/2016\/04\/p-1524-6838.jpg",359,555,false],"2048x2048":["https:\/\/ajupe.com.uy\/web\/wp-content\/uploads\/2016\/04\/p-1524-6838.jpg",359,555,false],"woocommerce_archive_thumbnail":["https:\/\/ajupe.com.uy\/web\/wp-content\/uploads\/2016\/04\/p-1524-6838-300x450.jpg",300,450,true],"woocommerce_thumbnail":["https:\/\/ajupe.com.uy\/web\/wp-content\/uploads\/2016\/04\/p-1524-6838-300x300.jpg",300,300,true],"woocommerce_single":["https:\/\/ajupe.com.uy\/web\/wp-content\/uploads\/2016\/04\/p-1524-6838-300x464.jpg",300,464,true],"woocommerce_gallery_thumbnail":["https:\/\/ajupe.com.uy\/web\/wp-content\/uploads\/2016\/04\/p-1524-6838-100x100.jpg",100,100,true]},"post_excerpt_stackable_v2":"<p>&lt;&lt;El a\u00f1o de mis noventa quise regalarme una noche de amor loco con una adolescente virgen. Me acord\u00e9 de Rosa Cabarcas, la due\u00f1a de una casa clandestina que sol\u00eda avisar a sus buenos clientes cuando ten\u00eda una novedad disponible. Nunca sucumb\u00ed a \u00e9sa n<\/p>\n","category_list_v2":"","author_info_v2":{"name":"","url":""},"comments_num_v2":"0 comentarios","_links":{"self":[{"href":"https:\/\/ajupe.com.uy\/web\/wp-json\/wp\/v2\/product\/1524","targetHints":{"allow":["GET"]}}],"collection":[{"href":"https:\/\/ajupe.com.uy\/web\/wp-json\/wp\/v2\/product"}],"about":[{"href":"https:\/\/ajupe.com.uy\/web\/wp-json\/wp\/v2\/types\/product"}],"wp:featuredmedia":[{"embeddable":true,"href":"https:\/\/ajupe.com.uy\/web\/wp-json\/wp\/v2\/media\/1525"}],"wp:attachment":[{"href":"https:\/\/ajupe.com.uy\/web\/wp-json\/wp\/v2\/media?parent=1524"}],"wp:term":[{"taxonomy":"product_brand","embeddable":true,"href":"https:\/\/ajupe.com.uy\/web\/wp-json\/wp\/v2\/product_brand?post=1524"},{"taxonomy":"product_cat","embeddable":true,"href":"https:\/\/ajupe.com.uy\/web\/wp-json\/wp\/v2\/product_cat?post=1524"},{"taxonomy":"product_tag","embeddable":true,"href":"https:\/\/ajupe.com.uy\/web\/wp-json\/wp\/v2\/product_tag?post=1524"}],"curies":[{"name":"wp","href":"https:\/\/api.w.org\/{rel}","templated":true}]}}