{"id":1526,"date":"2010-07-14T00:00:00","date_gmt":"2010-07-14T03:00:00","guid":{"rendered":"http:\/\/ajupe.com.uy\/web\/?post_type=product&#038;p=1526"},"modified":"2010-07-14T00:00:00","modified_gmt":"2010-07-14T03:00:00","slug":"atrapame","status":"publish","type":"product","link":"https:\/\/ajupe.com.uy\/web\/biblioteca\/atrapame\/","title":{"rendered":"Atr\u00e1pame"},"content":{"rendered":"<p>Diana Belmaine, detective privada especializada en recuperar antig\u00fcedades y objetos de arte robados, recibe del abogado del multimillonario Steve Carmichael un encargo inusual. Parece ser que una muy rara y valiosa antig\u00fcedad ha sido sustra\u00edda de su galer\u00eda durante una fiesta. Dada la naturaleza secreta del objeto, Carmichael no quiere implicar a la polic\u00eda en el caso. Todo lo que desea es recuperar aquella peque\u00f1a caja egipcia de alabastro. Desde el momento en que Diana conoce al arque\u00f3logo Jack Austin, comienza a sospechar de \u00e9l. Pero \u00bfc\u00f3mo iba \u00e9l a perjudicar al benefactor que est\u00e1 costeando sus excavaciones en Tikukul?&#8230;<\/p>\n","protected":false},"excerpt":{"rendered":"<p>Diana Belmaine, detective privada especializada en recuperar antig\u00fcedades y objetos de arte robados, recibe del abogado del multimillonario Steve Carmichael un encargo inusual. Parece ser que una muy rara y valiosa antig\u00fcedad ha sido sustra\u00edda de su galer<\/p>\n","protected":false},"featured_media":1527,"template":"","meta":[],"product_brand":[431],"product_cat":[29],"product_tag":[],"class_list":{"0":"post-1526","1":"product","2":"type-product","3":"status-publish","4":"has-post-thumbnail","6":"product_brand-michele-albert","7":"product_cat-novela","9":"first","10":"instock","11":"purchasable","12":"product-type-simple"},"featured_image_urls_v2":{"full":["https:\/\/ajupe.com.uy\/web\/wp-content\/uploads\/2016\/04\/p-1526-6839.jpg",362,555,false],"thumbnail":["https:\/\/ajupe.com.uy\/web\/wp-content\/uploads\/2016\/04\/p-1526-6839.jpg",150,150,true],"medium":["https:\/\/ajupe.com.uy\/web\/wp-content\/uploads\/2016\/04\/p-1526-6839.jpg",300,214,true],"medium_large":["https:\/\/ajupe.com.uy\/web\/wp-content\/uploads\/2016\/04\/p-1526-6839.jpg",362,555,false],"large":["https:\/\/ajupe.com.uy\/web\/wp-content\/uploads\/2016\/04\/p-1526-6839.jpg",362,555,false],"1536x1536":["https:\/\/ajupe.com.uy\/web\/wp-content\/uploads\/2016\/04\/p-1526-6839.jpg",362,555,false],"2048x2048":["https:\/\/ajupe.com.uy\/web\/wp-content\/uploads\/2016\/04\/p-1526-6839.jpg",362,555,false],"woocommerce_archive_thumbnail":["https:\/\/ajupe.com.uy\/web\/wp-content\/uploads\/2016\/04\/p-1526-6839-300x450.jpg",300,450,true],"woocommerce_thumbnail":["https:\/\/ajupe.com.uy\/web\/wp-content\/uploads\/2016\/04\/p-1526-6839-300x300.jpg",300,300,true],"woocommerce_single":["https:\/\/ajupe.com.uy\/web\/wp-content\/uploads\/2016\/04\/p-1526-6839-300x460.jpg",300,460,true],"woocommerce_gallery_thumbnail":["https:\/\/ajupe.com.uy\/web\/wp-content\/uploads\/2016\/04\/p-1526-6839-100x100.jpg",100,100,true]},"post_excerpt_stackable_v2":"<p>Diana Belmaine, detective privada especializada en recuperar antig\u00fcedades y objetos de arte robados, recibe del abogado del multimillonario Steve Carmichael un encargo inusual. Parece ser que una muy rara y valiosa antig\u00fcedad ha sido sustra\u00edda de su galer<\/p>\n","category_list_v2":"","author_info_v2":{"name":"","url":""},"comments_num_v2":"0 comentarios","_links":{"self":[{"href":"https:\/\/ajupe.com.uy\/web\/wp-json\/wp\/v2\/product\/1526","targetHints":{"allow":["GET"]}}],"collection":[{"href":"https:\/\/ajupe.com.uy\/web\/wp-json\/wp\/v2\/product"}],"about":[{"href":"https:\/\/ajupe.com.uy\/web\/wp-json\/wp\/v2\/types\/product"}],"wp:featuredmedia":[{"embeddable":true,"href":"https:\/\/ajupe.com.uy\/web\/wp-json\/wp\/v2\/media\/1527"}],"wp:attachment":[{"href":"https:\/\/ajupe.com.uy\/web\/wp-json\/wp\/v2\/media?parent=1526"}],"wp:term":[{"taxonomy":"product_brand","embeddable":true,"href":"https:\/\/ajupe.com.uy\/web\/wp-json\/wp\/v2\/product_brand?post=1526"},{"taxonomy":"product_cat","embeddable":true,"href":"https:\/\/ajupe.com.uy\/web\/wp-json\/wp\/v2\/product_cat?post=1526"},{"taxonomy":"product_tag","embeddable":true,"href":"https:\/\/ajupe.com.uy\/web\/wp-json\/wp\/v2\/product_tag?post=1526"}],"curies":[{"name":"wp","href":"https:\/\/api.w.org\/{rel}","templated":true}]}}