{"id":1534,"date":"2010-07-14T00:00:00","date_gmt":"2010-07-14T03:00:00","guid":{"rendered":"http:\/\/ajupe.com.uy\/web\/?post_type=product&#038;p=1534"},"modified":"2011-09-26T18:21:13","modified_gmt":"2011-09-26T21:21:13","slug":"medicos-uruguayos-ejemplares","status":"publish","type":"product","link":"https:\/\/ajupe.com.uy\/web\/biblioteca\/medicos-uruguayos-ejemplares\/","title":{"rendered":"M\u00e9dicos uruguayos ejemplares"},"content":{"rendered":"<p>El muy apreciado Dr. Horacio Guti\u00e9rrez ha puesto en esta obra su rica experiencia y su alma generosa. Le sobran t\u00edtulos calificados para culminar exitosamente: su vocaci\u00f3n docente; su calidad de Profesor Em\u00e9rito de nuestra Facultad de Medicina; su actuaci\u00f3n relevante en Centros hospitalarios de Ministerio de Salud P\u00fablica; como pionero en una renovada Gastro-enterolog\u00eda; por sus publicaciones valiosas. Pero, adem\u00e1s, la empresa planeada exig\u00eda una s\u00f3lida cultura, realmente human\u00edstica, esa que es justo reconocer en el protagonista principal de estas biograf\u00edas.<\/p>\n","protected":false},"excerpt":{"rendered":"<p>El muy apreciado Dr. Horacio Guti\u00e9rrez ha puesto en esta obra su rica experiencia y su alma generosa. Le sobran t\u00edtulos calificados para culminar exitosamente: su vocaci\u00f3n docente; su calidad de Profesor Em\u00e9rito de nuestra Facultad de Medicina; su actuaci<\/p>\n","protected":false},"featured_media":1535,"template":"","meta":[],"product_brand":[434],"product_cat":[44,45],"product_tag":[],"class_list":{"0":"post-1534","1":"product","2":"type-product","3":"status-publish","4":"has-post-thumbnail","6":"product_brand-horacio-gutierrez-blanco","7":"product_cat-biografico","8":"product_cat-uruguayo","10":"first","11":"instock","12":"purchasable","13":"product-type-simple"},"featured_image_urls_v2":{"full":["https:\/\/ajupe.com.uy\/web\/wp-content\/uploads\/2016\/04\/p-1534-6843.jpg",361,518,false],"thumbnail":["https:\/\/ajupe.com.uy\/web\/wp-content\/uploads\/2016\/04\/p-1534-6843.jpg",150,150,true],"medium":["https:\/\/ajupe.com.uy\/web\/wp-content\/uploads\/2016\/04\/p-1534-6843.jpg",300,214,true],"medium_large":["https:\/\/ajupe.com.uy\/web\/wp-content\/uploads\/2016\/04\/p-1534-6843.jpg",361,518,false],"large":["https:\/\/ajupe.com.uy\/web\/wp-content\/uploads\/2016\/04\/p-1534-6843.jpg",361,518,false],"1536x1536":["https:\/\/ajupe.com.uy\/web\/wp-content\/uploads\/2016\/04\/p-1534-6843.jpg",361,518,false],"2048x2048":["https:\/\/ajupe.com.uy\/web\/wp-content\/uploads\/2016\/04\/p-1534-6843.jpg",361,518,false],"woocommerce_archive_thumbnail":["https:\/\/ajupe.com.uy\/web\/wp-content\/uploads\/2016\/04\/p-1534-6843-300x450.jpg",300,450,true],"woocommerce_thumbnail":["https:\/\/ajupe.com.uy\/web\/wp-content\/uploads\/2016\/04\/p-1534-6843-300x300.jpg",300,300,true],"woocommerce_single":["https:\/\/ajupe.com.uy\/web\/wp-content\/uploads\/2016\/04\/p-1534-6843-300x430.jpg",300,430,true],"woocommerce_gallery_thumbnail":["https:\/\/ajupe.com.uy\/web\/wp-content\/uploads\/2016\/04\/p-1534-6843-100x100.jpg",100,100,true]},"post_excerpt_stackable_v2":"<p>El muy apreciado Dr. Horacio Guti\u00e9rrez ha puesto en esta obra su rica experiencia y su alma generosa. Le sobran t\u00edtulos calificados para culminar exitosamente: su vocaci\u00f3n docente; su calidad de Profesor Em\u00e9rito de nuestra Facultad de Medicina; su actuaci<\/p>\n","category_list_v2":"","author_info_v2":{"name":"","url":""},"comments_num_v2":"0 comentarios","_links":{"self":[{"href":"https:\/\/ajupe.com.uy\/web\/wp-json\/wp\/v2\/product\/1534","targetHints":{"allow":["GET"]}}],"collection":[{"href":"https:\/\/ajupe.com.uy\/web\/wp-json\/wp\/v2\/product"}],"about":[{"href":"https:\/\/ajupe.com.uy\/web\/wp-json\/wp\/v2\/types\/product"}],"wp:featuredmedia":[{"embeddable":true,"href":"https:\/\/ajupe.com.uy\/web\/wp-json\/wp\/v2\/media\/1535"}],"wp:attachment":[{"href":"https:\/\/ajupe.com.uy\/web\/wp-json\/wp\/v2\/media?parent=1534"}],"wp:term":[{"taxonomy":"product_brand","embeddable":true,"href":"https:\/\/ajupe.com.uy\/web\/wp-json\/wp\/v2\/product_brand?post=1534"},{"taxonomy":"product_cat","embeddable":true,"href":"https:\/\/ajupe.com.uy\/web\/wp-json\/wp\/v2\/product_cat?post=1534"},{"taxonomy":"product_tag","embeddable":true,"href":"https:\/\/ajupe.com.uy\/web\/wp-json\/wp\/v2\/product_tag?post=1534"}],"curies":[{"name":"wp","href":"https:\/\/api.w.org\/{rel}","templated":true}]}}