{"id":1536,"date":"2010-07-14T00:00:00","date_gmt":"2010-07-14T03:00:00","guid":{"rendered":"http:\/\/ajupe.com.uy\/web\/?post_type=product&#038;p=1536"},"modified":"2010-07-14T00:00:00","modified_gmt":"2010-07-14T03:00:00","slug":"los-peores-cuentos-de-los-hermanos-grim","status":"publish","type":"product","link":"https:\/\/ajupe.com.uy\/web\/biblioteca\/los-peores-cuentos-de-los-hermanos-grim\/","title":{"rendered":"Los peores cuentos de los hermanos Grim"},"content":{"rendered":"<p>Sobre las andanzas de los hermanos Abel y Ca\u00edn Grim sabemos gracias al tr\u00e1fico epistolar entre dos estrafalarios personajes, los profesores Segismundo Ramiro von Kllatsch de la Patagonia y Orson C. Castellanos del Uruguay, con minuciosa prolijidad mantienen una nutrida correspondencia cruzando la informaci\u00f3n de sus respectivos conocimientos: la biolog\u00eda y costumbres sexuales del payador a trav\u00e9s de los siglos, los tratados neurol\u00f3gico\u2013psiqui\u00e1tricos respecto del payador perseguido, los casos de aberraciones musicales y sus caracter\u00edsticas de parrilleros detestables, estupendos jinetes y famosos por el arte de castrar borregos con los dientes.<\/p>\n","protected":false},"excerpt":{"rendered":"<p>Sobre las andanzas de los hermanos Abel y Ca\u00edn Grim sabemos gracias al tr\u00e1fico epistolar entre dos estrafalarios personajes, los profesores Segismundo Ramiro von Kllatsch de la Patagonia y Orson C. Castellanos del Uruguay, con minuciosa prolijidad mantien<\/p>\n","protected":false},"featured_media":1537,"template":"","meta":[],"product_brand":[435],"product_cat":[45],"product_tag":[],"class_list":{"0":"post-1536","1":"product","2":"type-product","3":"status-publish","4":"has-post-thumbnail","6":"product_brand-luis-sepulveda-mario-delgado-aparain","7":"product_cat-uruguayo","9":"first","10":"instock","11":"purchasable","12":"product-type-simple"},"featured_image_urls_v2":{"full":["https:\/\/ajupe.com.uy\/web\/wp-content\/uploads\/2016\/04\/p-1536-6846.jpg",354,606,false],"thumbnail":["https:\/\/ajupe.com.uy\/web\/wp-content\/uploads\/2016\/04\/p-1536-6846.jpg",150,150,true],"medium":["https:\/\/ajupe.com.uy\/web\/wp-content\/uploads\/2016\/04\/p-1536-6846.jpg",300,214,true],"medium_large":["https:\/\/ajupe.com.uy\/web\/wp-content\/uploads\/2016\/04\/p-1536-6846.jpg",354,606,false],"large":["https:\/\/ajupe.com.uy\/web\/wp-content\/uploads\/2016\/04\/p-1536-6846.jpg",354,606,false],"1536x1536":["https:\/\/ajupe.com.uy\/web\/wp-content\/uploads\/2016\/04\/p-1536-6846.jpg",354,606,false],"2048x2048":["https:\/\/ajupe.com.uy\/web\/wp-content\/uploads\/2016\/04\/p-1536-6846.jpg",354,606,false],"woocommerce_archive_thumbnail":["https:\/\/ajupe.com.uy\/web\/wp-content\/uploads\/2016\/04\/p-1536-6846-300x450.jpg",300,450,true],"woocommerce_thumbnail":["https:\/\/ajupe.com.uy\/web\/wp-content\/uploads\/2016\/04\/p-1536-6846-300x300.jpg",300,300,true],"woocommerce_single":["https:\/\/ajupe.com.uy\/web\/wp-content\/uploads\/2016\/04\/p-1536-6846-300x514.jpg",300,514,true],"woocommerce_gallery_thumbnail":["https:\/\/ajupe.com.uy\/web\/wp-content\/uploads\/2016\/04\/p-1536-6846-100x100.jpg",100,100,true]},"post_excerpt_stackable_v2":"<p>Sobre las andanzas de los hermanos Abel y Ca\u00edn Grim sabemos gracias al tr\u00e1fico epistolar entre dos estrafalarios personajes, los profesores Segismundo Ramiro von Kllatsch de la Patagonia y Orson C. Castellanos del Uruguay, con minuciosa prolijidad mantien<\/p>\n","category_list_v2":"","author_info_v2":{"name":"","url":""},"comments_num_v2":"0 comentarios","_links":{"self":[{"href":"https:\/\/ajupe.com.uy\/web\/wp-json\/wp\/v2\/product\/1536","targetHints":{"allow":["GET"]}}],"collection":[{"href":"https:\/\/ajupe.com.uy\/web\/wp-json\/wp\/v2\/product"}],"about":[{"href":"https:\/\/ajupe.com.uy\/web\/wp-json\/wp\/v2\/types\/product"}],"wp:featuredmedia":[{"embeddable":true,"href":"https:\/\/ajupe.com.uy\/web\/wp-json\/wp\/v2\/media\/1537"}],"wp:attachment":[{"href":"https:\/\/ajupe.com.uy\/web\/wp-json\/wp\/v2\/media?parent=1536"}],"wp:term":[{"taxonomy":"product_brand","embeddable":true,"href":"https:\/\/ajupe.com.uy\/web\/wp-json\/wp\/v2\/product_brand?post=1536"},{"taxonomy":"product_cat","embeddable":true,"href":"https:\/\/ajupe.com.uy\/web\/wp-json\/wp\/v2\/product_cat?post=1536"},{"taxonomy":"product_tag","embeddable":true,"href":"https:\/\/ajupe.com.uy\/web\/wp-json\/wp\/v2\/product_tag?post=1536"}],"curies":[{"name":"wp","href":"https:\/\/api.w.org\/{rel}","templated":true}]}}