{"id":1540,"date":"2010-07-14T00:00:00","date_gmt":"2010-07-14T03:00:00","guid":{"rendered":"http:\/\/ajupe.com.uy\/web\/?post_type=product&#038;p=1540"},"modified":"2010-07-14T00:00:00","modified_gmt":"2010-07-14T03:00:00","slug":"los-legionarios-de-cristo","status":"publish","type":"product","link":"https:\/\/ajupe.com.uy\/web\/biblioteca\/los-legionarios-de-cristo\/","title":{"rendered":"Los Legionarios de Cristo"},"content":{"rendered":"<p>Pone al descubierto la cara oculta de esta congregaci\u00f3n ultraconservadora que, gracias a sus importantes v\u00ednculos con el poder pol\u00edtico y el mundo de las finanzas, se ha convertido en uno de los movimientos con mayor poder dentro de la Iglesia cat\u00f3lica en los \u00faltimos a\u00f1os. Fundada por el sacerdote mexicano Marcial Maciel y bajo el paraguas de unas Constituciones m\u00e1s propias del Medievo que de la Iglesia postconciliar, esta congregaci\u00f3n ha logrado introducirse en los c\u00edrculos m\u00e1s poderoso de todo el mundo.<\/p>\n","protected":false},"excerpt":{"rendered":"<p>Pone al descubierto la cara oculta de esta congregaci\u00f3n ultraconservadora que, gracias a sus importantes v\u00ednculos con el poder pol\u00edtico y el mundo de las finanzas, se ha convertido en uno de los movimientos con mayor poder dentro de la Iglesia cat\u00f3lica en<\/p>\n","protected":false},"featured_media":1541,"template":"","meta":[],"product_brand":[437],"product_cat":[39],"product_tag":[],"class_list":{"0":"post-1540","1":"product","2":"type-product","3":"status-publish","4":"has-post-thumbnail","6":"product_brand-jose-martinez-de-velasco","7":"product_cat-veridico","9":"first","10":"instock","11":"purchasable","12":"product-type-simple"},"featured_image_urls_v2":{"full":["https:\/\/ajupe.com.uy\/web\/wp-content\/uploads\/2016\/04\/p-1540-6850.jpg",359,539,false],"thumbnail":["https:\/\/ajupe.com.uy\/web\/wp-content\/uploads\/2016\/04\/p-1540-6850.jpg",150,150,true],"medium":["https:\/\/ajupe.com.uy\/web\/wp-content\/uploads\/2016\/04\/p-1540-6850.jpg",300,214,true],"medium_large":["https:\/\/ajupe.com.uy\/web\/wp-content\/uploads\/2016\/04\/p-1540-6850.jpg",359,539,false],"large":["https:\/\/ajupe.com.uy\/web\/wp-content\/uploads\/2016\/04\/p-1540-6850.jpg",359,539,false],"1536x1536":["https:\/\/ajupe.com.uy\/web\/wp-content\/uploads\/2016\/04\/p-1540-6850.jpg",359,539,false],"2048x2048":["https:\/\/ajupe.com.uy\/web\/wp-content\/uploads\/2016\/04\/p-1540-6850.jpg",359,539,false],"woocommerce_archive_thumbnail":["https:\/\/ajupe.com.uy\/web\/wp-content\/uploads\/2016\/04\/p-1540-6850-300x450.jpg",300,450,true],"woocommerce_thumbnail":["https:\/\/ajupe.com.uy\/web\/wp-content\/uploads\/2016\/04\/p-1540-6850-300x300.jpg",300,300,true],"woocommerce_single":["https:\/\/ajupe.com.uy\/web\/wp-content\/uploads\/2016\/04\/p-1540-6850-300x450.jpg",300,450,true],"woocommerce_gallery_thumbnail":["https:\/\/ajupe.com.uy\/web\/wp-content\/uploads\/2016\/04\/p-1540-6850-100x100.jpg",100,100,true]},"post_excerpt_stackable_v2":"<p>Pone al descubierto la cara oculta de esta congregaci\u00f3n ultraconservadora que, gracias a sus importantes v\u00ednculos con el poder pol\u00edtico y el mundo de las finanzas, se ha convertido en uno de los movimientos con mayor poder dentro de la Iglesia cat\u00f3lica en<\/p>\n","category_list_v2":"","author_info_v2":{"name":"","url":""},"comments_num_v2":"0 comentarios","_links":{"self":[{"href":"https:\/\/ajupe.com.uy\/web\/wp-json\/wp\/v2\/product\/1540","targetHints":{"allow":["GET"]}}],"collection":[{"href":"https:\/\/ajupe.com.uy\/web\/wp-json\/wp\/v2\/product"}],"about":[{"href":"https:\/\/ajupe.com.uy\/web\/wp-json\/wp\/v2\/types\/product"}],"wp:featuredmedia":[{"embeddable":true,"href":"https:\/\/ajupe.com.uy\/web\/wp-json\/wp\/v2\/media\/1541"}],"wp:attachment":[{"href":"https:\/\/ajupe.com.uy\/web\/wp-json\/wp\/v2\/media?parent=1540"}],"wp:term":[{"taxonomy":"product_brand","embeddable":true,"href":"https:\/\/ajupe.com.uy\/web\/wp-json\/wp\/v2\/product_brand?post=1540"},{"taxonomy":"product_cat","embeddable":true,"href":"https:\/\/ajupe.com.uy\/web\/wp-json\/wp\/v2\/product_cat?post=1540"},{"taxonomy":"product_tag","embeddable":true,"href":"https:\/\/ajupe.com.uy\/web\/wp-json\/wp\/v2\/product_tag?post=1540"}],"curies":[{"name":"wp","href":"https:\/\/api.w.org\/{rel}","templated":true}]}}