{"id":1548,"date":"2010-07-14T00:00:00","date_gmt":"2010-07-14T03:00:00","guid":{"rendered":"http:\/\/ajupe.com.uy\/web\/?post_type=product&#038;p=1548"},"modified":"2010-07-14T00:00:00","modified_gmt":"2010-07-14T03:00:00","slug":"la-boda","status":"publish","type":"product","link":"https:\/\/ajupe.com.uy\/web\/biblioteca\/la-boda\/","title":{"rendered":"La Boda"},"content":{"rendered":"<p>El d\u00eda 23 de agosto de 2002, Wilson, un abogado de 56 a\u00f1os, se levante, desayuna algo y se va a la oficina como de costumbre. La diferencia es que \u00e9se no es un d\u00eda cualquiera: es su vig\u00e9simo noveno aniversario de bodas y a \u00e9l se le ha olvidado. Despu\u00e9s de esto, Wilson se da cuenta de que a pesar de que su amor por Jane, su encantadora esposa, no ha hecho m\u00e1s que acrecentarse con los a\u00f1os, ella parece haber olvidado todo sentimiento rom\u00e1ntico hacia su esposo. Con el firme prop\u00f3sito de recuperar la pasi\u00f3n en su matrimonio y hacer que Jane se vuelva e enamorar de \u00e9l, Wilson empieza a prepararle una sorpresa que no pueda olvidar jam\u00e1s y que le dar\u00e1 al cumplir los treinta a\u00f1os de casados.<\/p>\n","protected":false},"excerpt":{"rendered":"<p>El d\u00eda 23 de agosto de 2002, Wilson, un abogado de 56 a\u00f1os, se levante, desayuna algo y se va a la oficina como de costumbre. La diferencia es que \u00e9se no es un d\u00eda cualquiera: es su vig\u00e9simo noveno aniversario de bodas y a \u00e9l se le ha olvidado. Despu\u00e9s de<\/p>\n","protected":false},"featured_media":1549,"template":"","meta":[],"product_brand":[441],"product_cat":[29],"product_tag":[],"class_list":{"0":"post-1548","1":"product","2":"type-product","3":"status-publish","4":"has-post-thumbnail","6":"product_brand-nicholas-sparks","7":"product_cat-novela","9":"first","10":"instock","11":"purchasable","12":"product-type-simple"},"featured_image_urls_v2":{"full":["https:\/\/ajupe.com.uy\/web\/wp-content\/uploads\/2016\/04\/p-1548-6854.jpg",362,555,false],"thumbnail":["https:\/\/ajupe.com.uy\/web\/wp-content\/uploads\/2016\/04\/p-1548-6854.jpg",150,150,true],"medium":["https:\/\/ajupe.com.uy\/web\/wp-content\/uploads\/2016\/04\/p-1548-6854.jpg",300,214,true],"medium_large":["https:\/\/ajupe.com.uy\/web\/wp-content\/uploads\/2016\/04\/p-1548-6854.jpg",362,555,false],"large":["https:\/\/ajupe.com.uy\/web\/wp-content\/uploads\/2016\/04\/p-1548-6854.jpg",362,555,false],"1536x1536":["https:\/\/ajupe.com.uy\/web\/wp-content\/uploads\/2016\/04\/p-1548-6854.jpg",362,555,false],"2048x2048":["https:\/\/ajupe.com.uy\/web\/wp-content\/uploads\/2016\/04\/p-1548-6854.jpg",362,555,false],"woocommerce_archive_thumbnail":["https:\/\/ajupe.com.uy\/web\/wp-content\/uploads\/2016\/04\/p-1548-6854-300x450.jpg",300,450,true],"woocommerce_thumbnail":["https:\/\/ajupe.com.uy\/web\/wp-content\/uploads\/2016\/04\/p-1548-6854-300x300.jpg",300,300,true],"woocommerce_single":["https:\/\/ajupe.com.uy\/web\/wp-content\/uploads\/2016\/04\/p-1548-6854-300x460.jpg",300,460,true],"woocommerce_gallery_thumbnail":["https:\/\/ajupe.com.uy\/web\/wp-content\/uploads\/2016\/04\/p-1548-6854-100x100.jpg",100,100,true]},"post_excerpt_stackable_v2":"<p>El d\u00eda 23 de agosto de 2002, Wilson, un abogado de 56 a\u00f1os, se levante, desayuna algo y se va a la oficina como de costumbre. La diferencia es que \u00e9se no es un d\u00eda cualquiera: es su vig\u00e9simo noveno aniversario de bodas y a \u00e9l se le ha olvidado. Despu\u00e9s de<\/p>\n","category_list_v2":"","author_info_v2":{"name":"","url":""},"comments_num_v2":"0 comentarios","_links":{"self":[{"href":"https:\/\/ajupe.com.uy\/web\/wp-json\/wp\/v2\/product\/1548","targetHints":{"allow":["GET"]}}],"collection":[{"href":"https:\/\/ajupe.com.uy\/web\/wp-json\/wp\/v2\/product"}],"about":[{"href":"https:\/\/ajupe.com.uy\/web\/wp-json\/wp\/v2\/types\/product"}],"wp:featuredmedia":[{"embeddable":true,"href":"https:\/\/ajupe.com.uy\/web\/wp-json\/wp\/v2\/media\/1549"}],"wp:attachment":[{"href":"https:\/\/ajupe.com.uy\/web\/wp-json\/wp\/v2\/media?parent=1548"}],"wp:term":[{"taxonomy":"product_brand","embeddable":true,"href":"https:\/\/ajupe.com.uy\/web\/wp-json\/wp\/v2\/product_brand?post=1548"},{"taxonomy":"product_cat","embeddable":true,"href":"https:\/\/ajupe.com.uy\/web\/wp-json\/wp\/v2\/product_cat?post=1548"},{"taxonomy":"product_tag","embeddable":true,"href":"https:\/\/ajupe.com.uy\/web\/wp-json\/wp\/v2\/product_tag?post=1548"}],"curies":[{"name":"wp","href":"https:\/\/api.w.org\/{rel}","templated":true}]}}