{"id":1550,"date":"2010-07-14T00:00:00","date_gmt":"2010-07-14T03:00:00","guid":{"rendered":"http:\/\/ajupe.com.uy\/web\/?post_type=product&#038;p=1550"},"modified":"2010-07-14T00:00:00","modified_gmt":"2010-07-14T03:00:00","slug":"un-hombre-para-mi","status":"publish","type":"product","link":"https:\/\/ajupe.com.uy\/web\/biblioteca\/un-hombre-para-mi\/","title":{"rendered":"Un hombre para m\u00ed"},"content":{"rendered":"<p>Nueva Inglaterra, 1870. Las gemelas Amanda y Marian Laton pueden parecer id\u00e9nticas, pero Amanda es caprichosa, temperamental y muy vanidosa, mientras que la en\u00e9rgica Marian esconde su belleza detr\u00e1s de sus gafas y sus ropas descuidadas. Cuando el padre de ambas muere, las dos refinadas muchachas deben abandonar su tierra natal para trasladarse al rancho de su t\u00eda, en Tejas. All\u00ed conocen a Chad Kinkaid, hijo de un ranchero vecino. A pesar de que heredar\u00e1 la propiedad de su padre, Chad prefiere el trabajo duro a vivir bajo la sombra de \u00e9ste. Marian est\u00e1 fascinada con la ruda masculinidad de Chad, pero sabe que , como ha ocurrido con todos los hombres que ella y su hermana han conocido, \u00e9l acabar\u00e1 eligiendo a Amanda.<\/p>\n","protected":false},"excerpt":{"rendered":"<p>Nueva Inglaterra, 1870. Las gemelas Amanda y Marian Laton pueden parecer id\u00e9nticas, pero Amanda es caprichosa, temperamental y muy vanidosa, mientras que la en\u00e9rgica Marian esconde su belleza detr\u00e1s de sus gafas y sus ropas descuidadas. Cuando el padre de<\/p>\n","protected":false},"featured_media":1551,"template":"","meta":[],"product_brand":[442],"product_cat":[29],"product_tag":[],"class_list":{"0":"post-1550","1":"product","2":"type-product","3":"status-publish","4":"has-post-thumbnail","6":"product_brand-johanna-lindsey","7":"product_cat-novela","9":"first","10":"instock","11":"purchasable","12":"product-type-simple"},"featured_image_urls_v2":{"full":["https:\/\/ajupe.com.uy\/web\/wp-content\/uploads\/2016\/04\/p-1550-6856.jpg",361,550,false],"thumbnail":["https:\/\/ajupe.com.uy\/web\/wp-content\/uploads\/2016\/04\/p-1550-6856.jpg",150,150,true],"medium":["https:\/\/ajupe.com.uy\/web\/wp-content\/uploads\/2016\/04\/p-1550-6856.jpg",300,214,true],"medium_large":["https:\/\/ajupe.com.uy\/web\/wp-content\/uploads\/2016\/04\/p-1550-6856.jpg",361,550,false],"large":["https:\/\/ajupe.com.uy\/web\/wp-content\/uploads\/2016\/04\/p-1550-6856.jpg",361,550,false],"1536x1536":["https:\/\/ajupe.com.uy\/web\/wp-content\/uploads\/2016\/04\/p-1550-6856.jpg",361,550,false],"2048x2048":["https:\/\/ajupe.com.uy\/web\/wp-content\/uploads\/2016\/04\/p-1550-6856.jpg",361,550,false],"woocommerce_archive_thumbnail":["https:\/\/ajupe.com.uy\/web\/wp-content\/uploads\/2016\/04\/p-1550-6856-300x450.jpg",300,450,true],"woocommerce_thumbnail":["https:\/\/ajupe.com.uy\/web\/wp-content\/uploads\/2016\/04\/p-1550-6856-300x300.jpg",300,300,true],"woocommerce_single":["https:\/\/ajupe.com.uy\/web\/wp-content\/uploads\/2016\/04\/p-1550-6856-300x457.jpg",300,457,true],"woocommerce_gallery_thumbnail":["https:\/\/ajupe.com.uy\/web\/wp-content\/uploads\/2016\/04\/p-1550-6856-100x100.jpg",100,100,true]},"post_excerpt_stackable_v2":"<p>Nueva Inglaterra, 1870. Las gemelas Amanda y Marian Laton pueden parecer id\u00e9nticas, pero Amanda es caprichosa, temperamental y muy vanidosa, mientras que la en\u00e9rgica Marian esconde su belleza detr\u00e1s de sus gafas y sus ropas descuidadas. Cuando el padre de<\/p>\n","category_list_v2":"","author_info_v2":{"name":"","url":""},"comments_num_v2":"0 comentarios","_links":{"self":[{"href":"https:\/\/ajupe.com.uy\/web\/wp-json\/wp\/v2\/product\/1550","targetHints":{"allow":["GET"]}}],"collection":[{"href":"https:\/\/ajupe.com.uy\/web\/wp-json\/wp\/v2\/product"}],"about":[{"href":"https:\/\/ajupe.com.uy\/web\/wp-json\/wp\/v2\/types\/product"}],"wp:featuredmedia":[{"embeddable":true,"href":"https:\/\/ajupe.com.uy\/web\/wp-json\/wp\/v2\/media\/1551"}],"wp:attachment":[{"href":"https:\/\/ajupe.com.uy\/web\/wp-json\/wp\/v2\/media?parent=1550"}],"wp:term":[{"taxonomy":"product_brand","embeddable":true,"href":"https:\/\/ajupe.com.uy\/web\/wp-json\/wp\/v2\/product_brand?post=1550"},{"taxonomy":"product_cat","embeddable":true,"href":"https:\/\/ajupe.com.uy\/web\/wp-json\/wp\/v2\/product_cat?post=1550"},{"taxonomy":"product_tag","embeddable":true,"href":"https:\/\/ajupe.com.uy\/web\/wp-json\/wp\/v2\/product_tag?post=1550"}],"curies":[{"name":"wp","href":"https:\/\/api.w.org\/{rel}","templated":true}]}}