{"id":1554,"date":"2010-07-14T00:00:00","date_gmt":"2010-07-14T03:00:00","guid":{"rendered":"http:\/\/ajupe.com.uy\/web\/?post_type=product&#038;p=1554"},"modified":"2010-07-14T00:00:00","modified_gmt":"2010-07-14T03:00:00","slug":"no-mires-atras","status":"publish","type":"product","link":"https:\/\/ajupe.com.uy\/web\/biblioteca\/no-mires-atras\/","title":{"rendered":"No mires atr\u00e1s"},"content":{"rendered":"<p>Como si tener cabeza para los negocios y olfato para los problemas no fuera suficiente para que Lavinia Lake destaque sobre las dem\u00e1s mujeres de Londres, existe otro rasgo que la diferencia. Lavinia tambmi\u00e9n es experta en la pr\u00e1ctica del hipnotismo, un don que supera con creces el sencillo encanto y atractivo f\u00edsico. Nadie lo sabe mejor que Tobias March, que parece irremediablemente cautivado por su hechizo. Pero Lavinia ha abandonado sus poderes para formar con Tob\u00edas una empresa que proporciona &quot;discretas investigaciones privadas&quot;. Celeste Hudson, la bella esposa de un amigo de la familia y colega en la t\u00e9cnica del hipnotismo, ha sido asesinada. Al ir tras la pista del asesino, la pareja de investigadores se topar\u00e1 con una serie de tenebrosos sujetos&#8230;<\/p>\n","protected":false},"excerpt":{"rendered":"<p>Como si tener cabeza para los negocios y olfato para los problemas no fuera suficiente para que Lavinia Lake destaque sobre las dem\u00e1s mujeres de Londres, existe otro rasgo que la diferencia. Lavinia tambmi\u00e9n es experta en la pr\u00e1ctica del hipnotismo, un do<\/p>\n","protected":false},"featured_media":1555,"template":"","meta":[],"product_brand":[119],"product_cat":[29],"product_tag":[],"class_list":{"0":"post-1554","1":"product","2":"type-product","3":"status-publish","4":"has-post-thumbnail","6":"product_brand-amanda-quick","7":"product_cat-novela","9":"first","10":"instock","11":"purchasable","12":"product-type-simple"},"featured_image_urls_v2":{"full":["https:\/\/ajupe.com.uy\/web\/wp-content\/uploads\/2016\/04\/p-1554-6858.jpg",388,567,false],"thumbnail":["https:\/\/ajupe.com.uy\/web\/wp-content\/uploads\/2016\/04\/p-1554-6858.jpg",150,150,true],"medium":["https:\/\/ajupe.com.uy\/web\/wp-content\/uploads\/2016\/04\/p-1554-6858.jpg",300,214,true],"medium_large":["https:\/\/ajupe.com.uy\/web\/wp-content\/uploads\/2016\/04\/p-1554-6858.jpg",388,567,false],"large":["https:\/\/ajupe.com.uy\/web\/wp-content\/uploads\/2016\/04\/p-1554-6858.jpg",388,567,false],"1536x1536":["https:\/\/ajupe.com.uy\/web\/wp-content\/uploads\/2016\/04\/p-1554-6858.jpg",388,567,false],"2048x2048":["https:\/\/ajupe.com.uy\/web\/wp-content\/uploads\/2016\/04\/p-1554-6858.jpg",388,567,false],"woocommerce_archive_thumbnail":["https:\/\/ajupe.com.uy\/web\/wp-content\/uploads\/2016\/04\/p-1554-6858-300x450.jpg",300,450,true],"woocommerce_thumbnail":["https:\/\/ajupe.com.uy\/web\/wp-content\/uploads\/2016\/04\/p-1554-6858-300x300.jpg",300,300,true],"woocommerce_single":["https:\/\/ajupe.com.uy\/web\/wp-content\/uploads\/2016\/04\/p-1554-6858-300x438.jpg",300,438,true],"woocommerce_gallery_thumbnail":["https:\/\/ajupe.com.uy\/web\/wp-content\/uploads\/2016\/04\/p-1554-6858-100x100.jpg",100,100,true]},"post_excerpt_stackable_v2":"<p>Como si tener cabeza para los negocios y olfato para los problemas no fuera suficiente para que Lavinia Lake destaque sobre las dem\u00e1s mujeres de Londres, existe otro rasgo que la diferencia. Lavinia tambmi\u00e9n es experta en la pr\u00e1ctica del hipnotismo, un do<\/p>\n","category_list_v2":"","author_info_v2":{"name":"","url":""},"comments_num_v2":"0 comentarios","_links":{"self":[{"href":"https:\/\/ajupe.com.uy\/web\/wp-json\/wp\/v2\/product\/1554","targetHints":{"allow":["GET"]}}],"collection":[{"href":"https:\/\/ajupe.com.uy\/web\/wp-json\/wp\/v2\/product"}],"about":[{"href":"https:\/\/ajupe.com.uy\/web\/wp-json\/wp\/v2\/types\/product"}],"wp:featuredmedia":[{"embeddable":true,"href":"https:\/\/ajupe.com.uy\/web\/wp-json\/wp\/v2\/media\/1555"}],"wp:attachment":[{"href":"https:\/\/ajupe.com.uy\/web\/wp-json\/wp\/v2\/media?parent=1554"}],"wp:term":[{"taxonomy":"product_brand","embeddable":true,"href":"https:\/\/ajupe.com.uy\/web\/wp-json\/wp\/v2\/product_brand?post=1554"},{"taxonomy":"product_cat","embeddable":true,"href":"https:\/\/ajupe.com.uy\/web\/wp-json\/wp\/v2\/product_cat?post=1554"},{"taxonomy":"product_tag","embeddable":true,"href":"https:\/\/ajupe.com.uy\/web\/wp-json\/wp\/v2\/product_tag?post=1554"}],"curies":[{"name":"wp","href":"https:\/\/api.w.org\/{rel}","templated":true}]}}