{"id":1556,"date":"2010-07-14T00:00:00","date_gmt":"2010-07-14T03:00:00","guid":{"rendered":"http:\/\/ajupe.com.uy\/web\/?post_type=product&#038;p=1556"},"modified":"2010-07-14T00:00:00","modified_gmt":"2010-07-14T03:00:00","slug":"pompeya","status":"publish","type":"product","link":"https:\/\/ajupe.com.uy\/web\/biblioteca\/pompeya\/","title":{"rendered":"Pompeya"},"content":{"rendered":"<p>Una sofocante semana a finales de agosto del a\u00f1o 79 d.C. \u00bfQu\u00e9 mejor lugar para pasar los \u00faltimos d\u00edas de verano que la bah\u00eda de N\u00e1poles? A lo largo de toda la costa, los ciudadanos m\u00e1s ricos del imperio se relajan en sus lujosas villas, la flota m\u00e1s poderosa del mundo descansa pac\u00edficamente fondeada en Miseno y los visitantes gastan su dinero en las localidades de Herculano y Pompeya. Solo un hombre parece preocupado. El ingeniero Marco Atilio Primo acaba de hacerse cargo del Aqua Augusta, el enorme acueducto que suministra agua potable al cuarto de mill\u00f3n de habitantes de las nueve ciudades de la bah\u00eda de N\u00e1poles, y por primera vez desde hace generaciones&#8230;<\/p>\n","protected":false},"excerpt":{"rendered":"<p>Una sofocante semana a finales de agosto del a\u00f1o 79 d.C. \u00bfQu\u00e9 mejor lugar para pasar los \u00faltimos d\u00edas de verano que la bah\u00eda de N\u00e1poles? A lo largo de toda la costa, los ciudadanos m\u00e1s ricos del imperio se relajan en sus lujosas villas, la flota m\u00e1s poder<\/p>\n","protected":false},"featured_media":1557,"template":"","meta":[],"product_brand":[316],"product_cat":[30],"product_tag":[],"class_list":{"0":"post-1556","1":"product","2":"type-product","3":"status-publish","4":"has-post-thumbnail","6":"product_brand-robert-harris","7":"product_cat-suspenso","9":"first","10":"instock","11":"purchasable","12":"product-type-simple"},"featured_image_urls_v2":{"full":["https:\/\/ajupe.com.uy\/web\/wp-content\/uploads\/2016\/04\/p-1556-6859.jpg",361,539,false],"thumbnail":["https:\/\/ajupe.com.uy\/web\/wp-content\/uploads\/2016\/04\/p-1556-6859.jpg",150,150,true],"medium":["https:\/\/ajupe.com.uy\/web\/wp-content\/uploads\/2016\/04\/p-1556-6859.jpg",300,214,true],"medium_large":["https:\/\/ajupe.com.uy\/web\/wp-content\/uploads\/2016\/04\/p-1556-6859.jpg",361,539,false],"large":["https:\/\/ajupe.com.uy\/web\/wp-content\/uploads\/2016\/04\/p-1556-6859.jpg",361,539,false],"1536x1536":["https:\/\/ajupe.com.uy\/web\/wp-content\/uploads\/2016\/04\/p-1556-6859.jpg",361,539,false],"2048x2048":["https:\/\/ajupe.com.uy\/web\/wp-content\/uploads\/2016\/04\/p-1556-6859.jpg",361,539,false],"woocommerce_archive_thumbnail":["https:\/\/ajupe.com.uy\/web\/wp-content\/uploads\/2016\/04\/p-1556-6859-300x450.jpg",300,450,true],"woocommerce_thumbnail":["https:\/\/ajupe.com.uy\/web\/wp-content\/uploads\/2016\/04\/p-1556-6859-300x300.jpg",300,300,true],"woocommerce_single":["https:\/\/ajupe.com.uy\/web\/wp-content\/uploads\/2016\/04\/p-1556-6859-300x448.jpg",300,448,true],"woocommerce_gallery_thumbnail":["https:\/\/ajupe.com.uy\/web\/wp-content\/uploads\/2016\/04\/p-1556-6859-100x100.jpg",100,100,true]},"post_excerpt_stackable_v2":"<p>Una sofocante semana a finales de agosto del a\u00f1o 79 d.C. \u00bfQu\u00e9 mejor lugar para pasar los \u00faltimos d\u00edas de verano que la bah\u00eda de N\u00e1poles? A lo largo de toda la costa, los ciudadanos m\u00e1s ricos del imperio se relajan en sus lujosas villas, la flota m\u00e1s poder<\/p>\n","category_list_v2":"","author_info_v2":{"name":"","url":""},"comments_num_v2":"0 comentarios","_links":{"self":[{"href":"https:\/\/ajupe.com.uy\/web\/wp-json\/wp\/v2\/product\/1556","targetHints":{"allow":["GET"]}}],"collection":[{"href":"https:\/\/ajupe.com.uy\/web\/wp-json\/wp\/v2\/product"}],"about":[{"href":"https:\/\/ajupe.com.uy\/web\/wp-json\/wp\/v2\/types\/product"}],"wp:featuredmedia":[{"embeddable":true,"href":"https:\/\/ajupe.com.uy\/web\/wp-json\/wp\/v2\/media\/1557"}],"wp:attachment":[{"href":"https:\/\/ajupe.com.uy\/web\/wp-json\/wp\/v2\/media?parent=1556"}],"wp:term":[{"taxonomy":"product_brand","embeddable":true,"href":"https:\/\/ajupe.com.uy\/web\/wp-json\/wp\/v2\/product_brand?post=1556"},{"taxonomy":"product_cat","embeddable":true,"href":"https:\/\/ajupe.com.uy\/web\/wp-json\/wp\/v2\/product_cat?post=1556"},{"taxonomy":"product_tag","embeddable":true,"href":"https:\/\/ajupe.com.uy\/web\/wp-json\/wp\/v2\/product_tag?post=1556"}],"curies":[{"name":"wp","href":"https:\/\/api.w.org\/{rel}","templated":true}]}}