{"id":1562,"date":"2010-07-14T00:00:00","date_gmt":"2010-07-14T03:00:00","guid":{"rendered":"http:\/\/ajupe.com.uy\/web\/?post_type=product&#038;p=1562"},"modified":"2010-07-14T00:00:00","modified_gmt":"2010-07-14T03:00:00","slug":"la-historia-del-loco","status":"publish","type":"product","link":"https:\/\/ajupe.com.uy\/web\/biblioteca\/la-historia-del-loco\/","title":{"rendered":"La historia del loco"},"content":{"rendered":"<p>Han pasado veinte a\u00f1os desde que el Western State Hospital cerr\u00f3 sus puertas y sus \u00faltimos pacientes se reintegraron a la sociedad. Francis Petrel ten\u00eda poco m\u00e1s de veinte a\u00f1os cuando su familia lo recluy\u00f3 en el psiqui\u00e1trico tras una conducta imprevisible que culmin\u00f3 en una crisis. Ahora, alcanzada la mediana edad, lleva una vida sin rumbo y solitaria, alojado en un piso barato y permanentemente medicado para acallar el coro de voces en su cabeza. Pero un reencuentro en los terrenos de la clausurada instituci\u00f3n remueve algo profundo en la mente agitada de Francis: unos recuerdos sombr\u00edos, que \u00e9l cre\u00eda haber enterrado, sobre los truculentos hechos que condujeron al cierre del Western State Hospital&#8230;<\/p>\n","protected":false},"excerpt":{"rendered":"<p>Han pasado veinte a\u00f1os desde que el Western State Hospital cerr\u00f3 sus puertas y sus \u00faltimos pacientes se reintegraron a la sociedad. Francis Petrel ten\u00eda poco m\u00e1s de veinte a\u00f1os cuando su familia lo recluy\u00f3 en el psiqui\u00e1trico tras una conducta imprevisible<\/p>\n","protected":false},"featured_media":1563,"template":"","meta":[],"product_brand":[445],"product_cat":[30],"product_tag":[],"class_list":{"0":"post-1562","1":"product","2":"type-product","3":"status-publish","4":"has-post-thumbnail","6":"product_brand-john-katzenbach","7":"product_cat-suspenso","9":"first","10":"instock","11":"purchasable","12":"product-type-simple"},"featured_image_urls_v2":{"full":["https:\/\/ajupe.com.uy\/web\/wp-content\/uploads\/2016\/04\/p-1562-6862.jpg",374,567,false],"thumbnail":["https:\/\/ajupe.com.uy\/web\/wp-content\/uploads\/2016\/04\/p-1562-6862.jpg",150,150,true],"medium":["https:\/\/ajupe.com.uy\/web\/wp-content\/uploads\/2016\/04\/p-1562-6862.jpg",300,214,true],"medium_large":["https:\/\/ajupe.com.uy\/web\/wp-content\/uploads\/2016\/04\/p-1562-6862.jpg",374,567,false],"large":["https:\/\/ajupe.com.uy\/web\/wp-content\/uploads\/2016\/04\/p-1562-6862.jpg",374,567,false],"1536x1536":["https:\/\/ajupe.com.uy\/web\/wp-content\/uploads\/2016\/04\/p-1562-6862.jpg",374,567,false],"2048x2048":["https:\/\/ajupe.com.uy\/web\/wp-content\/uploads\/2016\/04\/p-1562-6862.jpg",374,567,false],"woocommerce_archive_thumbnail":["https:\/\/ajupe.com.uy\/web\/wp-content\/uploads\/2016\/04\/p-1562-6862-300x450.jpg",300,450,true],"woocommerce_thumbnail":["https:\/\/ajupe.com.uy\/web\/wp-content\/uploads\/2016\/04\/p-1562-6862-300x300.jpg",300,300,true],"woocommerce_single":["https:\/\/ajupe.com.uy\/web\/wp-content\/uploads\/2016\/04\/p-1562-6862-300x455.jpg",300,455,true],"woocommerce_gallery_thumbnail":["https:\/\/ajupe.com.uy\/web\/wp-content\/uploads\/2016\/04\/p-1562-6862-100x100.jpg",100,100,true]},"post_excerpt_stackable_v2":"<p>Han pasado veinte a\u00f1os desde que el Western State Hospital cerr\u00f3 sus puertas y sus \u00faltimos pacientes se reintegraron a la sociedad. Francis Petrel ten\u00eda poco m\u00e1s de veinte a\u00f1os cuando su familia lo recluy\u00f3 en el psiqui\u00e1trico tras una conducta imprevisible<\/p>\n","category_list_v2":"","author_info_v2":{"name":"","url":""},"comments_num_v2":"0 comentarios","_links":{"self":[{"href":"https:\/\/ajupe.com.uy\/web\/wp-json\/wp\/v2\/product\/1562","targetHints":{"allow":["GET"]}}],"collection":[{"href":"https:\/\/ajupe.com.uy\/web\/wp-json\/wp\/v2\/product"}],"about":[{"href":"https:\/\/ajupe.com.uy\/web\/wp-json\/wp\/v2\/types\/product"}],"wp:featuredmedia":[{"embeddable":true,"href":"https:\/\/ajupe.com.uy\/web\/wp-json\/wp\/v2\/media\/1563"}],"wp:attachment":[{"href":"https:\/\/ajupe.com.uy\/web\/wp-json\/wp\/v2\/media?parent=1562"}],"wp:term":[{"taxonomy":"product_brand","embeddable":true,"href":"https:\/\/ajupe.com.uy\/web\/wp-json\/wp\/v2\/product_brand?post=1562"},{"taxonomy":"product_cat","embeddable":true,"href":"https:\/\/ajupe.com.uy\/web\/wp-json\/wp\/v2\/product_cat?post=1562"},{"taxonomy":"product_tag","embeddable":true,"href":"https:\/\/ajupe.com.uy\/web\/wp-json\/wp\/v2\/product_tag?post=1562"}],"curies":[{"name":"wp","href":"https:\/\/api.w.org\/{rel}","templated":true}]}}