{"id":1570,"date":"2010-07-14T00:00:00","date_gmt":"2010-07-14T03:00:00","guid":{"rendered":"http:\/\/ajupe.com.uy\/web\/?post_type=product&#038;p=1570"},"modified":"2010-07-14T00:00:00","modified_gmt":"2010-07-14T03:00:00","slug":"un-giro-decisivo","status":"publish","type":"product","link":"https:\/\/ajupe.com.uy\/web\/biblioteca\/un-giro-decisivo\/","title":{"rendered":"Un giro decisivo"},"content":{"rendered":"<p>Casi al l\u00edmite del agotamiento, mientras nada en al mar con la furia de quien quiere liberarse de una noche de pensamientos obsesivos, el comisario Salvo Montalbano se topa, literalmente, con la investigaci\u00f3n m\u00e1s dif\u00edcil de cuantas ha llevado a cabo hasta la fecha. En efecto, su hallazgo de un cad\u00e1ver medio descompuesto, con unos profundos cortes en las mu\u00f1ecas y los tobillos, desencadenar\u00e1 una serie de reacciones que har\u00e1n que se sienta m\u00e1s aislado y superado por las circunstancias que nunca. La realidad pol\u00edtica, la actitud de la polic\u00eda hacia los inmigrantes, todo conspira contra su natural deseo de que haga justicia con el cad\u00e1ver an\u00f3nimo&#8230;<\/p>\n","protected":false},"excerpt":{"rendered":"<p>Casi al l\u00edmite del agotamiento, mientras nada en al mar con la furia de quien quiere liberarse de una noche de pensamientos obsesivos, el comisario Salvo Montalbano se topa, literalmente, con la investigaci\u00f3n m\u00e1s dif\u00edcil de cuantas ha llevado a cabo hasta<\/p>\n","protected":false},"featured_media":1571,"template":"","meta":[],"product_brand":[399],"product_cat":[42],"product_tag":[],"class_list":{"0":"post-1570","1":"product","2":"type-product","3":"status-publish","4":"has-post-thumbnail","6":"product_brand-andrea-camilleri","7":"product_cat-aventura","9":"first","10":"instock","11":"purchasable","12":"product-type-simple"},"featured_image_urls_v2":{"full":["https:\/\/ajupe.com.uy\/web\/wp-content\/uploads\/2016\/04\/p-1570-6866.jpg",361,573,false],"thumbnail":["https:\/\/ajupe.com.uy\/web\/wp-content\/uploads\/2016\/04\/p-1570-6866.jpg",150,150,true],"medium":["https:\/\/ajupe.com.uy\/web\/wp-content\/uploads\/2016\/04\/p-1570-6866.jpg",300,214,true],"medium_large":["https:\/\/ajupe.com.uy\/web\/wp-content\/uploads\/2016\/04\/p-1570-6866.jpg",361,573,false],"large":["https:\/\/ajupe.com.uy\/web\/wp-content\/uploads\/2016\/04\/p-1570-6866.jpg",361,573,false],"1536x1536":["https:\/\/ajupe.com.uy\/web\/wp-content\/uploads\/2016\/04\/p-1570-6866.jpg",361,573,false],"2048x2048":["https:\/\/ajupe.com.uy\/web\/wp-content\/uploads\/2016\/04\/p-1570-6866.jpg",361,573,false],"woocommerce_archive_thumbnail":["https:\/\/ajupe.com.uy\/web\/wp-content\/uploads\/2016\/04\/p-1570-6866-300x450.jpg",300,450,true],"woocommerce_thumbnail":["https:\/\/ajupe.com.uy\/web\/wp-content\/uploads\/2016\/04\/p-1570-6866-300x300.jpg",300,300,true],"woocommerce_single":["https:\/\/ajupe.com.uy\/web\/wp-content\/uploads\/2016\/04\/p-1570-6866-300x476.jpg",300,476,true],"woocommerce_gallery_thumbnail":["https:\/\/ajupe.com.uy\/web\/wp-content\/uploads\/2016\/04\/p-1570-6866-100x100.jpg",100,100,true]},"post_excerpt_stackable_v2":"<p>Casi al l\u00edmite del agotamiento, mientras nada en al mar con la furia de quien quiere liberarse de una noche de pensamientos obsesivos, el comisario Salvo Montalbano se topa, literalmente, con la investigaci\u00f3n m\u00e1s dif\u00edcil de cuantas ha llevado a cabo hasta<\/p>\n","category_list_v2":"","author_info_v2":{"name":"","url":""},"comments_num_v2":"0 comentarios","_links":{"self":[{"href":"https:\/\/ajupe.com.uy\/web\/wp-json\/wp\/v2\/product\/1570","targetHints":{"allow":["GET"]}}],"collection":[{"href":"https:\/\/ajupe.com.uy\/web\/wp-json\/wp\/v2\/product"}],"about":[{"href":"https:\/\/ajupe.com.uy\/web\/wp-json\/wp\/v2\/types\/product"}],"wp:featuredmedia":[{"embeddable":true,"href":"https:\/\/ajupe.com.uy\/web\/wp-json\/wp\/v2\/media\/1571"}],"wp:attachment":[{"href":"https:\/\/ajupe.com.uy\/web\/wp-json\/wp\/v2\/media?parent=1570"}],"wp:term":[{"taxonomy":"product_brand","embeddable":true,"href":"https:\/\/ajupe.com.uy\/web\/wp-json\/wp\/v2\/product_brand?post=1570"},{"taxonomy":"product_cat","embeddable":true,"href":"https:\/\/ajupe.com.uy\/web\/wp-json\/wp\/v2\/product_cat?post=1570"},{"taxonomy":"product_tag","embeddable":true,"href":"https:\/\/ajupe.com.uy\/web\/wp-json\/wp\/v2\/product_tag?post=1570"}],"curies":[{"name":"wp","href":"https:\/\/api.w.org\/{rel}","templated":true}]}}