{"id":1588,"date":"2010-07-14T00:00:00","date_gmt":"2010-07-14T03:00:00","guid":{"rendered":"http:\/\/ajupe.com.uy\/web\/?post_type=product&#038;p=1588"},"modified":"2010-07-14T00:00:00","modified_gmt":"2010-07-14T03:00:00","slug":"la-nina-de-sus-ojos","status":"publish","type":"product","link":"https:\/\/ajupe.com.uy\/web\/biblioteca\/la-nina-de-sus-ojos\/","title":{"rendered":"La ni\u00f1a de sus ojos"},"content":{"rendered":"<p>En un hogar sembrado de los recuerdos de su madre fallecida, dos adolescentes se enfrentan sin ayuda a la llegada de un beb\u00e9. Kate no se atreve a revelar su secreto, y ni siquiera quiere ir al hospital. En los largos meses de embarazo, nadie parece enterarse de su irregular asistencia a clase, de sus largas siestas, sus accesos de hambre. Con la sola ayuda de Tyler, su valiente hermana, dar\u00e1 a luz a una preciosa ni\u00f1a&#8230; Mucho m\u00e1s tarde, cuando el secreto se descubre, todos se preguntan c\u00f3mo fue posible que nadie se hubiera dado cuenta. \u00bfC\u00f3mo pudo ser que Davis, padre de las chicas, no viera lo que ocurr\u00eda en su propio hogar?<\/p>\n","protected":false},"excerpt":{"rendered":"<p>En un hogar sembrado de los recuerdos de su madre fallecida, dos adolescentes se enfrentan sin ayuda a la llegada de un beb\u00e9. Kate no se atreve a revelar su secreto, y ni siquiera quiere ir al hospital. En los largos meses de embarazo, nadie parece entera<\/p>\n","protected":false},"featured_media":1589,"template":"","meta":[],"product_brand":[452],"product_cat":[29],"product_tag":[],"class_list":{"0":"post-1588","1":"product","2":"type-product","3":"status-publish","4":"has-post-thumbnail","6":"product_brand-jessica-barksdale-inclan","7":"product_cat-novela","9":"first","10":"instock","11":"purchasable","12":"product-type-simple"},"featured_image_urls_v2":{"full":["https:\/\/ajupe.com.uy\/web\/wp-content\/uploads\/2016\/04\/p-1588-6875.jpg",361,550,false],"thumbnail":["https:\/\/ajupe.com.uy\/web\/wp-content\/uploads\/2016\/04\/p-1588-6875.jpg",150,150,true],"medium":["https:\/\/ajupe.com.uy\/web\/wp-content\/uploads\/2016\/04\/p-1588-6875.jpg",300,214,true],"medium_large":["https:\/\/ajupe.com.uy\/web\/wp-content\/uploads\/2016\/04\/p-1588-6875.jpg",361,550,false],"large":["https:\/\/ajupe.com.uy\/web\/wp-content\/uploads\/2016\/04\/p-1588-6875.jpg",361,550,false],"1536x1536":["https:\/\/ajupe.com.uy\/web\/wp-content\/uploads\/2016\/04\/p-1588-6875.jpg",361,550,false],"2048x2048":["https:\/\/ajupe.com.uy\/web\/wp-content\/uploads\/2016\/04\/p-1588-6875.jpg",361,550,false],"woocommerce_archive_thumbnail":["https:\/\/ajupe.com.uy\/web\/wp-content\/uploads\/2016\/04\/p-1588-6875-300x450.jpg",300,450,true],"woocommerce_thumbnail":["https:\/\/ajupe.com.uy\/web\/wp-content\/uploads\/2016\/04\/p-1588-6875-300x300.jpg",300,300,true],"woocommerce_single":["https:\/\/ajupe.com.uy\/web\/wp-content\/uploads\/2016\/04\/p-1588-6875-300x457.jpg",300,457,true],"woocommerce_gallery_thumbnail":["https:\/\/ajupe.com.uy\/web\/wp-content\/uploads\/2016\/04\/p-1588-6875-100x100.jpg",100,100,true]},"post_excerpt_stackable_v2":"<p>En un hogar sembrado de los recuerdos de su madre fallecida, dos adolescentes se enfrentan sin ayuda a la llegada de un beb\u00e9. Kate no se atreve a revelar su secreto, y ni siquiera quiere ir al hospital. En los largos meses de embarazo, nadie parece entera<\/p>\n","category_list_v2":"","author_info_v2":{"name":"","url":""},"comments_num_v2":"0 comentarios","_links":{"self":[{"href":"https:\/\/ajupe.com.uy\/web\/wp-json\/wp\/v2\/product\/1588","targetHints":{"allow":["GET"]}}],"collection":[{"href":"https:\/\/ajupe.com.uy\/web\/wp-json\/wp\/v2\/product"}],"about":[{"href":"https:\/\/ajupe.com.uy\/web\/wp-json\/wp\/v2\/types\/product"}],"wp:featuredmedia":[{"embeddable":true,"href":"https:\/\/ajupe.com.uy\/web\/wp-json\/wp\/v2\/media\/1589"}],"wp:attachment":[{"href":"https:\/\/ajupe.com.uy\/web\/wp-json\/wp\/v2\/media?parent=1588"}],"wp:term":[{"taxonomy":"product_brand","embeddable":true,"href":"https:\/\/ajupe.com.uy\/web\/wp-json\/wp\/v2\/product_brand?post=1588"},{"taxonomy":"product_cat","embeddable":true,"href":"https:\/\/ajupe.com.uy\/web\/wp-json\/wp\/v2\/product_cat?post=1588"},{"taxonomy":"product_tag","embeddable":true,"href":"https:\/\/ajupe.com.uy\/web\/wp-json\/wp\/v2\/product_tag?post=1588"}],"curies":[{"name":"wp","href":"https:\/\/api.w.org\/{rel}","templated":true}]}}