{"id":1590,"date":"2010-07-14T00:00:00","date_gmt":"2010-07-14T03:00:00","guid":{"rendered":"http:\/\/ajupe.com.uy\/web\/?post_type=product&#038;p=1590"},"modified":"2010-07-14T00:00:00","modified_gmt":"2010-07-14T03:00:00","slug":"historia-de-penarol","status":"publish","type":"product","link":"https:\/\/ajupe.com.uy\/web\/biblioteca\/historia-de-penarol\/","title":{"rendered":"Historia de Pe\u00f1arol"},"content":{"rendered":"<p>Pe\u00f1arol de los milagros o a lo Pe\u00f1arol son solo dos de las expresiones populares que inmortalizaron en el mundo de las haza\u00f1as de un club nacido en un pa\u00eds que no llega a los tres millones de habitantes, pero la mitad de los cuales son manyas, carboneros, mirasoles, pe\u00f1arolenses. Primer campe\u00f3n de Am\u00e9rica, primer americano campe\u00f3n del mundo, Pe\u00f1arol acumula t\u00edtulos y glorias en Uruguay y en el planeta. Futbolistas como Gestido, Obdulio, Hohberg, Sa\u00eda, Spencer, Morena y Bengoechea, por nombrar solo a siete, forjaron cientos de leyendas a lo largo de 113 a\u00f1os de historia.<\/p>\n","protected":false},"excerpt":{"rendered":"<p>Pe\u00f1arol de los milagros o a lo Pe\u00f1arol son solo dos de las expresiones populares que inmortalizaron en el mundo de las haza\u00f1as de un club nacido en un pa\u00eds que no llega a los tres millones de habitantes, pero la mitad de los cuales son manyas, carboneros,<\/p>\n","protected":false},"featured_media":1591,"template":"","meta":[],"product_brand":[453],"product_cat":[44],"product_tag":[],"class_list":{"0":"post-1590","1":"product","2":"type-product","3":"status-publish","4":"has-post-thumbnail","6":"product_brand-luciano-lvarez","7":"product_cat-biografico","9":"first","10":"instock","11":"purchasable","12":"product-type-simple"},"featured_image_urls_v2":{"full":["https:\/\/ajupe.com.uy\/web\/wp-content\/uploads\/2016\/04\/p-1590-6876.jpg",360,579,false],"thumbnail":["https:\/\/ajupe.com.uy\/web\/wp-content\/uploads\/2016\/04\/p-1590-6876.jpg",150,150,true],"medium":["https:\/\/ajupe.com.uy\/web\/wp-content\/uploads\/2016\/04\/p-1590-6876.jpg",300,214,true],"medium_large":["https:\/\/ajupe.com.uy\/web\/wp-content\/uploads\/2016\/04\/p-1590-6876.jpg",360,579,false],"large":["https:\/\/ajupe.com.uy\/web\/wp-content\/uploads\/2016\/04\/p-1590-6876.jpg",360,579,false],"1536x1536":["https:\/\/ajupe.com.uy\/web\/wp-content\/uploads\/2016\/04\/p-1590-6876.jpg",360,579,false],"2048x2048":["https:\/\/ajupe.com.uy\/web\/wp-content\/uploads\/2016\/04\/p-1590-6876.jpg",360,579,false],"woocommerce_archive_thumbnail":["https:\/\/ajupe.com.uy\/web\/wp-content\/uploads\/2016\/04\/p-1590-6876-300x450.jpg",300,450,true],"woocommerce_thumbnail":["https:\/\/ajupe.com.uy\/web\/wp-content\/uploads\/2016\/04\/p-1590-6876-300x300.jpg",300,300,true],"woocommerce_single":["https:\/\/ajupe.com.uy\/web\/wp-content\/uploads\/2016\/04\/p-1590-6876-300x483.jpg",300,483,true],"woocommerce_gallery_thumbnail":["https:\/\/ajupe.com.uy\/web\/wp-content\/uploads\/2016\/04\/p-1590-6876-100x100.jpg",100,100,true]},"post_excerpt_stackable_v2":"<p>Pe\u00f1arol de los milagros o a lo Pe\u00f1arol son solo dos de las expresiones populares que inmortalizaron en el mundo de las haza\u00f1as de un club nacido en un pa\u00eds que no llega a los tres millones de habitantes, pero la mitad de los cuales son manyas, carboneros,<\/p>\n","category_list_v2":"","author_info_v2":{"name":"","url":""},"comments_num_v2":"0 comentarios","_links":{"self":[{"href":"https:\/\/ajupe.com.uy\/web\/wp-json\/wp\/v2\/product\/1590","targetHints":{"allow":["GET"]}}],"collection":[{"href":"https:\/\/ajupe.com.uy\/web\/wp-json\/wp\/v2\/product"}],"about":[{"href":"https:\/\/ajupe.com.uy\/web\/wp-json\/wp\/v2\/types\/product"}],"wp:featuredmedia":[{"embeddable":true,"href":"https:\/\/ajupe.com.uy\/web\/wp-json\/wp\/v2\/media\/1591"}],"wp:attachment":[{"href":"https:\/\/ajupe.com.uy\/web\/wp-json\/wp\/v2\/media?parent=1590"}],"wp:term":[{"taxonomy":"product_brand","embeddable":true,"href":"https:\/\/ajupe.com.uy\/web\/wp-json\/wp\/v2\/product_brand?post=1590"},{"taxonomy":"product_cat","embeddable":true,"href":"https:\/\/ajupe.com.uy\/web\/wp-json\/wp\/v2\/product_cat?post=1590"},{"taxonomy":"product_tag","embeddable":true,"href":"https:\/\/ajupe.com.uy\/web\/wp-json\/wp\/v2\/product_tag?post=1590"}],"curies":[{"name":"wp","href":"https:\/\/api.w.org\/{rel}","templated":true}]}}