{"id":1596,"date":"2010-07-14T00:00:00","date_gmt":"2010-07-14T03:00:00","guid":{"rendered":"http:\/\/ajupe.com.uy\/web\/?post_type=product&#038;p=1596"},"modified":"2010-07-14T00:00:00","modified_gmt":"2010-07-14T03:00:00","slug":"no-me-ire-sin-mi-hija","status":"publish","type":"product","link":"https:\/\/ajupe.com.uy\/web\/biblioteca\/no-me-ire-sin-mi-hija\/","title":{"rendered":"No me ir\u00e9 sin mi hija"},"content":{"rendered":"<p>Esta es la historia, incre\u00edble pero real, de una mujer que supo enfrentar la adversidad con un coraje admirable. El doctor Mahmoody, su mujer americana Betty y la hija de ambos, partieron de Estados Unidos hacia Ir\u00e1n, la tierra natal de Mahmoody. Hab\u00edan decidido tomarse unas vacaciones. Al llegar a Teher\u00e1n, el marido comunic\u00f3 sorpresivamente a su mujer que se quedar\u00edan a vivir all\u00ed para siempre. Virtual prisionera de su familia pol\u00edtica, en una cultura extra\u00f1a y hostil donde las mujeres son seres inferiores, Betty decidi\u00f3 escapar de su calvario. Pero no quer\u00eda abandonar a su hija&#8230; Betty Mahmoody vive ahora en Estados Unidos. Su testimonio fue recogido por William Hoffer, autor del recordado Expreso de medianoche.<\/p>\n","protected":false},"excerpt":{"rendered":"<p>Esta es la historia, incre\u00edble pero real, de una mujer que supo enfrentar la adversidad con un coraje admirable. El doctor Mahmoody, su mujer americana Betty y la hija de ambos, partieron de Estados Unidos hacia Ir\u00e1n, la tierra natal de Mahmoody. Hab\u00edan d<\/p>\n","protected":false},"featured_media":1597,"template":"","meta":[],"product_brand":[456],"product_cat":[39],"product_tag":[],"class_list":{"0":"post-1596","1":"product","2":"type-product","3":"status-publish","4":"has-post-thumbnail","6":"product_brand-betty-mahmoody-w-hoffer","7":"product_cat-veridico","9":"first","10":"instock","11":"purchasable","12":"product-type-simple"},"featured_image_urls_v2":{"full":["https:\/\/ajupe.com.uy\/web\/wp-content\/uploads\/2016\/04\/p-1596-6879.jpg",360,561,false],"thumbnail":["https:\/\/ajupe.com.uy\/web\/wp-content\/uploads\/2016\/04\/p-1596-6879.jpg",150,150,true],"medium":["https:\/\/ajupe.com.uy\/web\/wp-content\/uploads\/2016\/04\/p-1596-6879.jpg",300,214,true],"medium_large":["https:\/\/ajupe.com.uy\/web\/wp-content\/uploads\/2016\/04\/p-1596-6879.jpg",360,561,false],"large":["https:\/\/ajupe.com.uy\/web\/wp-content\/uploads\/2016\/04\/p-1596-6879.jpg",360,561,false],"1536x1536":["https:\/\/ajupe.com.uy\/web\/wp-content\/uploads\/2016\/04\/p-1596-6879.jpg",360,561,false],"2048x2048":["https:\/\/ajupe.com.uy\/web\/wp-content\/uploads\/2016\/04\/p-1596-6879.jpg",360,561,false],"woocommerce_archive_thumbnail":["https:\/\/ajupe.com.uy\/web\/wp-content\/uploads\/2016\/04\/p-1596-6879-300x450.jpg",300,450,true],"woocommerce_thumbnail":["https:\/\/ajupe.com.uy\/web\/wp-content\/uploads\/2016\/04\/p-1596-6879-300x300.jpg",300,300,true],"woocommerce_single":["https:\/\/ajupe.com.uy\/web\/wp-content\/uploads\/2016\/04\/p-1596-6879-300x468.jpg",300,468,true],"woocommerce_gallery_thumbnail":["https:\/\/ajupe.com.uy\/web\/wp-content\/uploads\/2016\/04\/p-1596-6879-100x100.jpg",100,100,true]},"post_excerpt_stackable_v2":"<p>Esta es la historia, incre\u00edble pero real, de una mujer que supo enfrentar la adversidad con un coraje admirable. El doctor Mahmoody, su mujer americana Betty y la hija de ambos, partieron de Estados Unidos hacia Ir\u00e1n, la tierra natal de Mahmoody. Hab\u00edan d<\/p>\n","category_list_v2":"","author_info_v2":{"name":"","url":""},"comments_num_v2":"0 comentarios","_links":{"self":[{"href":"https:\/\/ajupe.com.uy\/web\/wp-json\/wp\/v2\/product\/1596","targetHints":{"allow":["GET"]}}],"collection":[{"href":"https:\/\/ajupe.com.uy\/web\/wp-json\/wp\/v2\/product"}],"about":[{"href":"https:\/\/ajupe.com.uy\/web\/wp-json\/wp\/v2\/types\/product"}],"wp:featuredmedia":[{"embeddable":true,"href":"https:\/\/ajupe.com.uy\/web\/wp-json\/wp\/v2\/media\/1597"}],"wp:attachment":[{"href":"https:\/\/ajupe.com.uy\/web\/wp-json\/wp\/v2\/media?parent=1596"}],"wp:term":[{"taxonomy":"product_brand","embeddable":true,"href":"https:\/\/ajupe.com.uy\/web\/wp-json\/wp\/v2\/product_brand?post=1596"},{"taxonomy":"product_cat","embeddable":true,"href":"https:\/\/ajupe.com.uy\/web\/wp-json\/wp\/v2\/product_cat?post=1596"},{"taxonomy":"product_tag","embeddable":true,"href":"https:\/\/ajupe.com.uy\/web\/wp-json\/wp\/v2\/product_tag?post=1596"}],"curies":[{"name":"wp","href":"https:\/\/api.w.org\/{rel}","templated":true}]}}