{"id":1608,"date":"2010-07-14T00:00:00","date_gmt":"2010-07-14T03:00:00","guid":{"rendered":"http:\/\/ajupe.com.uy\/web\/?post_type=product&#038;p=1608"},"modified":"2010-07-14T00:00:00","modified_gmt":"2010-07-14T03:00:00","slug":"el-juego-de-las-horas","status":"publish","type":"product","link":"https:\/\/ajupe.com.uy\/web\/biblioteca\/el-juego-de-las-horas\/","title":{"rendered":"El juego de las horas"},"content":{"rendered":"<p>El cuerpo de una mujer es hallado en un bosque de Virginia. En su mu\u00f1eca, el homicida ha dejado un reloj de pulsera con un extra\u00f1o s\u00edmbolo. Se trata de la primera v\u00edctima de un asesino en serie que tiene en vilo a la poblaci\u00f3n de Wrightsburg. Su proceder es escalofriante y met\u00f3dico: siempre deja en la escena del crimen un reloj al que detiene en una hora concreta y escenifica sus cr\u00edmenes emulando algunos de los asesinatos m\u00e1s macabros de la historia. Sean King y Michelle Maxwell \u2013que abandonaron su carrera como agentes del servicio secreto para dedicarse a la investigaci\u00f3n privada- son llamados a participar en la investigaci\u00f3n del caso&#8230;<\/p>\n","protected":false},"excerpt":{"rendered":"<p>El cuerpo de una mujer es hallado en un bosque de Virginia. En su mu\u00f1eca, el homicida ha dejado un reloj de pulsera con un extra\u00f1o s\u00edmbolo. Se trata de la primera v\u00edctima de un asesino en serie que tiene en vilo a la poblaci\u00f3n de Wrightsburg. Su proceder <\/p>\n","protected":false},"featured_media":1609,"template":"","meta":[],"product_brand":[414],"product_cat":[30],"product_tag":[],"class_list":{"0":"post-1608","1":"product","2":"type-product","3":"status-publish","4":"has-post-thumbnail","6":"product_brand-david-baldacci","7":"product_cat-suspenso","9":"first","10":"instock","11":"purchasable","12":"product-type-simple"},"featured_image_urls_v2":{"full":["https:\/\/ajupe.com.uy\/web\/wp-content\/uploads\/2016\/04\/p-1608-6887.jpg",359,628,false],"thumbnail":["https:\/\/ajupe.com.uy\/web\/wp-content\/uploads\/2016\/04\/p-1608-6887.jpg",150,150,true],"medium":["https:\/\/ajupe.com.uy\/web\/wp-content\/uploads\/2016\/04\/p-1608-6887.jpg",300,214,true],"medium_large":["https:\/\/ajupe.com.uy\/web\/wp-content\/uploads\/2016\/04\/p-1608-6887.jpg",359,628,false],"large":["https:\/\/ajupe.com.uy\/web\/wp-content\/uploads\/2016\/04\/p-1608-6887.jpg",359,628,false],"1536x1536":["https:\/\/ajupe.com.uy\/web\/wp-content\/uploads\/2016\/04\/p-1608-6887.jpg",359,628,false],"2048x2048":["https:\/\/ajupe.com.uy\/web\/wp-content\/uploads\/2016\/04\/p-1608-6887.jpg",359,628,false],"woocommerce_archive_thumbnail":["https:\/\/ajupe.com.uy\/web\/wp-content\/uploads\/2016\/04\/p-1608-6887-300x450.jpg",300,450,true],"woocommerce_thumbnail":["https:\/\/ajupe.com.uy\/web\/wp-content\/uploads\/2016\/04\/p-1608-6887-300x300.jpg",300,300,true],"woocommerce_single":["https:\/\/ajupe.com.uy\/web\/wp-content\/uploads\/2016\/04\/p-1608-6887-300x525.jpg",300,525,true],"woocommerce_gallery_thumbnail":["https:\/\/ajupe.com.uy\/web\/wp-content\/uploads\/2016\/04\/p-1608-6887-100x100.jpg",100,100,true]},"post_excerpt_stackable_v2":"<p>El cuerpo de una mujer es hallado en un bosque de Virginia. En su mu\u00f1eca, el homicida ha dejado un reloj de pulsera con un extra\u00f1o s\u00edmbolo. Se trata de la primera v\u00edctima de un asesino en serie que tiene en vilo a la poblaci\u00f3n de Wrightsburg. Su proceder <\/p>\n","category_list_v2":"","author_info_v2":{"name":"","url":""},"comments_num_v2":"0 comentarios","_links":{"self":[{"href":"https:\/\/ajupe.com.uy\/web\/wp-json\/wp\/v2\/product\/1608","targetHints":{"allow":["GET"]}}],"collection":[{"href":"https:\/\/ajupe.com.uy\/web\/wp-json\/wp\/v2\/product"}],"about":[{"href":"https:\/\/ajupe.com.uy\/web\/wp-json\/wp\/v2\/types\/product"}],"wp:featuredmedia":[{"embeddable":true,"href":"https:\/\/ajupe.com.uy\/web\/wp-json\/wp\/v2\/media\/1609"}],"wp:attachment":[{"href":"https:\/\/ajupe.com.uy\/web\/wp-json\/wp\/v2\/media?parent=1608"}],"wp:term":[{"taxonomy":"product_brand","embeddable":true,"href":"https:\/\/ajupe.com.uy\/web\/wp-json\/wp\/v2\/product_brand?post=1608"},{"taxonomy":"product_cat","embeddable":true,"href":"https:\/\/ajupe.com.uy\/web\/wp-json\/wp\/v2\/product_cat?post=1608"},{"taxonomy":"product_tag","embeddable":true,"href":"https:\/\/ajupe.com.uy\/web\/wp-json\/wp\/v2\/product_tag?post=1608"}],"curies":[{"name":"wp","href":"https:\/\/api.w.org\/{rel}","templated":true}]}}