{"id":1618,"date":"2010-07-14T00:00:00","date_gmt":"2010-07-14T03:00:00","guid":{"rendered":"http:\/\/ajupe.com.uy\/web\/?post_type=product&#038;p=1618"},"modified":"2010-07-14T00:00:00","modified_gmt":"2010-07-14T03:00:00","slug":"retrato-en-sepia","status":"publish","type":"product","link":"https:\/\/ajupe.com.uy\/web\/biblioteca\/retrato-en-sepia\/","title":{"rendered":"Retrato en sepia"},"content":{"rendered":"<p>Narrada en la voz de una joven mujer, \u00e9sta es una magn\u00edfica novela hist\u00f3rica, situada a finales del siglo XIX en Chile, y una portentosa saga familiar en la que reencontramos algunos de los personajes de Hija de la fortuna y de La Casa de los esp\u00edritus. El tema principal es la memoria y los secretos de familia. La protagonista, Aurora del Valle, sufre un trauma brutal que determina su car\u00e1cter y borra de su mente los primeros cinco a\u00f1os de su vida. Criada por su ambiciosa abuela, Paulina del Valle, crece en un ambiente privilegiado, libre de muchas de las limitaciones que oprimen a las mujeres de su \u00e9poca, pero atormentada por horribles pesadillas. Cuando debe afrontar la traici\u00f3n del hombre que ama y la soledad, decide explorar el misterio de su pasado.<\/p>\n","protected":false},"excerpt":{"rendered":"<p>Narrada en la voz de una joven mujer, \u00e9sta es una magn\u00edfica novela hist\u00f3rica, situada a finales del siglo XIX en Chile, y una portentosa saga familiar en la que reencontramos algunos de los personajes de Hija de la fortuna y de La Casa de los esp\u00edritus. E<\/p>\n","protected":false},"featured_media":1619,"template":"","meta":[],"product_brand":[50],"product_cat":[46],"product_tag":[],"class_list":{"0":"post-1618","1":"product","2":"type-product","3":"status-publish","4":"has-post-thumbnail","6":"product_brand-isabel-allende","7":"product_cat-poesia","9":"first","10":"instock","11":"purchasable","12":"product-type-simple"},"featured_image_urls_v2":{"full":["https:\/\/ajupe.com.uy\/web\/wp-content\/uploads\/2016\/04\/p-1618-6893.jpg",360,548,false],"thumbnail":["https:\/\/ajupe.com.uy\/web\/wp-content\/uploads\/2016\/04\/p-1618-6893.jpg",150,150,true],"medium":["https:\/\/ajupe.com.uy\/web\/wp-content\/uploads\/2016\/04\/p-1618-6893.jpg",300,214,true],"medium_large":["https:\/\/ajupe.com.uy\/web\/wp-content\/uploads\/2016\/04\/p-1618-6893.jpg",360,548,false],"large":["https:\/\/ajupe.com.uy\/web\/wp-content\/uploads\/2016\/04\/p-1618-6893.jpg",360,548,false],"1536x1536":["https:\/\/ajupe.com.uy\/web\/wp-content\/uploads\/2016\/04\/p-1618-6893.jpg",360,548,false],"2048x2048":["https:\/\/ajupe.com.uy\/web\/wp-content\/uploads\/2016\/04\/p-1618-6893.jpg",360,548,false],"woocommerce_archive_thumbnail":["https:\/\/ajupe.com.uy\/web\/wp-content\/uploads\/2016\/04\/p-1618-6893-300x450.jpg",300,450,true],"woocommerce_thumbnail":["https:\/\/ajupe.com.uy\/web\/wp-content\/uploads\/2016\/04\/p-1618-6893-300x300.jpg",300,300,true],"woocommerce_single":["https:\/\/ajupe.com.uy\/web\/wp-content\/uploads\/2016\/04\/p-1618-6893-300x457.jpg",300,457,true],"woocommerce_gallery_thumbnail":["https:\/\/ajupe.com.uy\/web\/wp-content\/uploads\/2016\/04\/p-1618-6893-100x100.jpg",100,100,true]},"post_excerpt_stackable_v2":"<p>Narrada en la voz de una joven mujer, \u00e9sta es una magn\u00edfica novela hist\u00f3rica, situada a finales del siglo XIX en Chile, y una portentosa saga familiar en la que reencontramos algunos de los personajes de Hija de la fortuna y de La Casa de los esp\u00edritus. E<\/p>\n","category_list_v2":"","author_info_v2":{"name":"","url":""},"comments_num_v2":"0 comentarios","_links":{"self":[{"href":"https:\/\/ajupe.com.uy\/web\/wp-json\/wp\/v2\/product\/1618","targetHints":{"allow":["GET"]}}],"collection":[{"href":"https:\/\/ajupe.com.uy\/web\/wp-json\/wp\/v2\/product"}],"about":[{"href":"https:\/\/ajupe.com.uy\/web\/wp-json\/wp\/v2\/types\/product"}],"wp:featuredmedia":[{"embeddable":true,"href":"https:\/\/ajupe.com.uy\/web\/wp-json\/wp\/v2\/media\/1619"}],"wp:attachment":[{"href":"https:\/\/ajupe.com.uy\/web\/wp-json\/wp\/v2\/media?parent=1618"}],"wp:term":[{"taxonomy":"product_brand","embeddable":true,"href":"https:\/\/ajupe.com.uy\/web\/wp-json\/wp\/v2\/product_brand?post=1618"},{"taxonomy":"product_cat","embeddable":true,"href":"https:\/\/ajupe.com.uy\/web\/wp-json\/wp\/v2\/product_cat?post=1618"},{"taxonomy":"product_tag","embeddable":true,"href":"https:\/\/ajupe.com.uy\/web\/wp-json\/wp\/v2\/product_tag?post=1618"}],"curies":[{"name":"wp","href":"https:\/\/api.w.org\/{rel}","templated":true}]}}