{"id":1626,"date":"2010-07-14T00:00:00","date_gmt":"2010-07-14T03:00:00","guid":{"rendered":"http:\/\/ajupe.com.uy\/web\/?post_type=product&#038;p=1626"},"modified":"2010-07-14T00:00:00","modified_gmt":"2010-07-14T03:00:00","slug":"entre-dos-inviernos","status":"publish","type":"product","link":"https:\/\/ajupe.com.uy\/web\/biblioteca\/entre-dos-inviernos\/","title":{"rendered":"Entre dos inviernos"},"content":{"rendered":"<p>=  Ang\u00e9lica Bianchi comenz\u00f3 su carrera de autora en 1977 con su libro de cuentos \u201cRelatos\u201d. En 1986 public\u00f3 un nuevo volumen de cuentos, \u201cToda canci\u00f3n es silencio\u201d, cuyo t\u00edtulo corresponde al m\u00e1s extenso de los mismos. Ejercit\u00f3 adem\u00e1s, periodismo y cr\u00edtica literaria. \u201cEntre dos inviernos\u201d es una novela que se refiere al tiempo transcurrido entre los a\u00f1os 1972 y 1973 en el Uruguay y se desarrolla como una par\u00e1bola cronol\u00f3gica pautada por la conducta de sus personajes y centrada en la figura de su protagonista. La autora anima el relato con vigor, aunque soslayando con delicadeza y poes\u00eda los detalles cruentos y el drama subyacente.<\/p>\n","protected":false},"excerpt":{"rendered":"<p>=  Ang\u00e9lica Bianchi comenz\u00f3 su carrera de autora en 1977 con su libro de cuentos \u201cRelatos\u201d. En 1986 public\u00f3 un nuevo volumen de cuentos, \u201cToda canci\u00f3n es silencio\u201d, cuyo t\u00edtulo corresponde al m\u00e1s extenso de los mismos. Ejercit\u00f3 adem\u00e1s, periodismo y cr\u00edtic<\/p>\n","protected":false},"featured_media":1627,"template":"","meta":[],"product_brand":[352],"product_cat":[46],"product_tag":[],"class_list":{"0":"post-1626","1":"product","2":"type-product","3":"status-publish","4":"has-post-thumbnail","6":"product_brand-angelica-bianchi","7":"product_cat-poesia","9":"first","10":"instock","11":"purchasable","12":"product-type-simple"},"featured_image_urls_v2":{"full":["https:\/\/ajupe.com.uy\/web\/wp-content\/uploads\/2016\/04\/p-1626-6897.jpg",360,579,false],"thumbnail":["https:\/\/ajupe.com.uy\/web\/wp-content\/uploads\/2016\/04\/p-1626-6897.jpg",150,150,true],"medium":["https:\/\/ajupe.com.uy\/web\/wp-content\/uploads\/2016\/04\/p-1626-6897.jpg",300,214,true],"medium_large":["https:\/\/ajupe.com.uy\/web\/wp-content\/uploads\/2016\/04\/p-1626-6897.jpg",360,579,false],"large":["https:\/\/ajupe.com.uy\/web\/wp-content\/uploads\/2016\/04\/p-1626-6897.jpg",360,579,false],"1536x1536":["https:\/\/ajupe.com.uy\/web\/wp-content\/uploads\/2016\/04\/p-1626-6897.jpg",360,579,false],"2048x2048":["https:\/\/ajupe.com.uy\/web\/wp-content\/uploads\/2016\/04\/p-1626-6897.jpg",360,579,false],"woocommerce_archive_thumbnail":["https:\/\/ajupe.com.uy\/web\/wp-content\/uploads\/2016\/04\/p-1626-6897-300x450.jpg",300,450,true],"woocommerce_thumbnail":["https:\/\/ajupe.com.uy\/web\/wp-content\/uploads\/2016\/04\/p-1626-6897-300x300.jpg",300,300,true],"woocommerce_single":["https:\/\/ajupe.com.uy\/web\/wp-content\/uploads\/2016\/04\/p-1626-6897-300x483.jpg",300,483,true],"woocommerce_gallery_thumbnail":["https:\/\/ajupe.com.uy\/web\/wp-content\/uploads\/2016\/04\/p-1626-6897-100x100.jpg",100,100,true]},"post_excerpt_stackable_v2":"<p>=  Ang\u00e9lica Bianchi comenz\u00f3 su carrera de autora en 1977 con su libro de cuentos \u201cRelatos\u201d. En 1986 public\u00f3 un nuevo volumen de cuentos, \u201cToda canci\u00f3n es silencio\u201d, cuyo t\u00edtulo corresponde al m\u00e1s extenso de los mismos. Ejercit\u00f3 adem\u00e1s, periodismo y cr\u00edtic<\/p>\n","category_list_v2":"","author_info_v2":{"name":"","url":""},"comments_num_v2":"0 comentarios","_links":{"self":[{"href":"https:\/\/ajupe.com.uy\/web\/wp-json\/wp\/v2\/product\/1626","targetHints":{"allow":["GET"]}}],"collection":[{"href":"https:\/\/ajupe.com.uy\/web\/wp-json\/wp\/v2\/product"}],"about":[{"href":"https:\/\/ajupe.com.uy\/web\/wp-json\/wp\/v2\/types\/product"}],"wp:featuredmedia":[{"embeddable":true,"href":"https:\/\/ajupe.com.uy\/web\/wp-json\/wp\/v2\/media\/1627"}],"wp:attachment":[{"href":"https:\/\/ajupe.com.uy\/web\/wp-json\/wp\/v2\/media?parent=1626"}],"wp:term":[{"taxonomy":"product_brand","embeddable":true,"href":"https:\/\/ajupe.com.uy\/web\/wp-json\/wp\/v2\/product_brand?post=1626"},{"taxonomy":"product_cat","embeddable":true,"href":"https:\/\/ajupe.com.uy\/web\/wp-json\/wp\/v2\/product_cat?post=1626"},{"taxonomy":"product_tag","embeddable":true,"href":"https:\/\/ajupe.com.uy\/web\/wp-json\/wp\/v2\/product_tag?post=1626"}],"curies":[{"name":"wp","href":"https:\/\/api.w.org\/{rel}","templated":true}]}}