{"id":1628,"date":"2010-07-14T00:00:00","date_gmt":"2010-07-14T03:00:00","guid":{"rendered":"http:\/\/ajupe.com.uy\/web\/?post_type=product&#038;p=1628"},"modified":"2010-07-14T00:00:00","modified_gmt":"2010-07-14T03:00:00","slug":"poetas-del-mar-dulce","status":"publish","type":"product","link":"https:\/\/ajupe.com.uy\/web\/biblioteca\/poetas-del-mar-dulce\/","title":{"rendered":"Poetas del mar dulce"},"content":{"rendered":"<p>=  Toda poes\u00eda es la expresi\u00f3n est\u00e9tica de una emoci\u00f3n que parte del esp\u00edritu humano. En ella se confunden, en forma arm\u00f3nica y gratuita, el entendimiento, la imaginaci\u00f3n y el sentimiento de lo bello. Por lo tanto, preservar a la poes\u00eda significa salvaguardarla como noble impulso del alma que es, de cuantos intereses mezquinos lo anulen o amenacen, se denominen ellos ignorancia, materialismo, indiferencia o inmoralidad. Este libro, cuyas p\u00e1ginas concretan apretadamente aquellas elevadas manifestaciones del esp\u00edritu humano, se ha propuesto tal tarea. Esta tarea es el resultado de la comprensi\u00f3n, el amor por la poes\u00eda y el esfuerzo desinteresado por imponerlos.<\/p>\n","protected":false},"excerpt":{"rendered":"<p>=  Toda poes\u00eda es la expresi\u00f3n est\u00e9tica de una emoci\u00f3n que parte del esp\u00edritu humano. En ella se confunden, en forma arm\u00f3nica y gratuita, el entendimiento, la imaginaci\u00f3n y el sentimiento de lo bello. Por lo tanto, preservar a la poes\u00eda significa salvagua<\/p>\n","protected":false},"featured_media":1629,"template":"","meta":[],"product_brand":[352],"product_cat":[46],"product_tag":[],"class_list":{"0":"post-1628","1":"product","2":"type-product","3":"status-publish","4":"has-post-thumbnail","6":"product_brand-angelica-bianchi","7":"product_cat-poesia","9":"first","10":"instock","11":"purchasable","12":"product-type-simple"},"featured_image_urls_v2":{"full":["https:\/\/ajupe.com.uy\/web\/wp-content\/uploads\/2016\/04\/p-1628-6898.jpg",361,513,false],"thumbnail":["https:\/\/ajupe.com.uy\/web\/wp-content\/uploads\/2016\/04\/p-1628-6898.jpg",150,150,true],"medium":["https:\/\/ajupe.com.uy\/web\/wp-content\/uploads\/2016\/04\/p-1628-6898.jpg",300,214,true],"medium_large":["https:\/\/ajupe.com.uy\/web\/wp-content\/uploads\/2016\/04\/p-1628-6898.jpg",361,513,false],"large":["https:\/\/ajupe.com.uy\/web\/wp-content\/uploads\/2016\/04\/p-1628-6898.jpg",361,513,false],"1536x1536":["https:\/\/ajupe.com.uy\/web\/wp-content\/uploads\/2016\/04\/p-1628-6898.jpg",361,513,false],"2048x2048":["https:\/\/ajupe.com.uy\/web\/wp-content\/uploads\/2016\/04\/p-1628-6898.jpg",361,513,false],"woocommerce_archive_thumbnail":["https:\/\/ajupe.com.uy\/web\/wp-content\/uploads\/2016\/04\/p-1628-6898-300x450.jpg",300,450,true],"woocommerce_thumbnail":["https:\/\/ajupe.com.uy\/web\/wp-content\/uploads\/2016\/04\/p-1628-6898-300x300.jpg",300,300,true],"woocommerce_single":["https:\/\/ajupe.com.uy\/web\/wp-content\/uploads\/2016\/04\/p-1628-6898-300x426.jpg",300,426,true],"woocommerce_gallery_thumbnail":["https:\/\/ajupe.com.uy\/web\/wp-content\/uploads\/2016\/04\/p-1628-6898-100x100.jpg",100,100,true]},"post_excerpt_stackable_v2":"<p>=  Toda poes\u00eda es la expresi\u00f3n est\u00e9tica de una emoci\u00f3n que parte del esp\u00edritu humano. En ella se confunden, en forma arm\u00f3nica y gratuita, el entendimiento, la imaginaci\u00f3n y el sentimiento de lo bello. Por lo tanto, preservar a la poes\u00eda significa salvagua<\/p>\n","category_list_v2":"","author_info_v2":{"name":"","url":""},"comments_num_v2":"0 comentarios","_links":{"self":[{"href":"https:\/\/ajupe.com.uy\/web\/wp-json\/wp\/v2\/product\/1628","targetHints":{"allow":["GET"]}}],"collection":[{"href":"https:\/\/ajupe.com.uy\/web\/wp-json\/wp\/v2\/product"}],"about":[{"href":"https:\/\/ajupe.com.uy\/web\/wp-json\/wp\/v2\/types\/product"}],"wp:featuredmedia":[{"embeddable":true,"href":"https:\/\/ajupe.com.uy\/web\/wp-json\/wp\/v2\/media\/1629"}],"wp:attachment":[{"href":"https:\/\/ajupe.com.uy\/web\/wp-json\/wp\/v2\/media?parent=1628"}],"wp:term":[{"taxonomy":"product_brand","embeddable":true,"href":"https:\/\/ajupe.com.uy\/web\/wp-json\/wp\/v2\/product_brand?post=1628"},{"taxonomy":"product_cat","embeddable":true,"href":"https:\/\/ajupe.com.uy\/web\/wp-json\/wp\/v2\/product_cat?post=1628"},{"taxonomy":"product_tag","embeddable":true,"href":"https:\/\/ajupe.com.uy\/web\/wp-json\/wp\/v2\/product_tag?post=1628"}],"curies":[{"name":"wp","href":"https:\/\/api.w.org\/{rel}","templated":true}]}}