{"id":1632,"date":"2010-07-14T00:00:00","date_gmt":"2010-07-14T03:00:00","guid":{"rendered":"http:\/\/ajupe.com.uy\/web\/?post_type=product&#038;p=1632"},"modified":"2010-07-14T00:00:00","modified_gmt":"2010-07-14T03:00:00","slug":"por-los-tiempos-de-francisco-piria","status":"publish","type":"product","link":"https:\/\/ajupe.com.uy\/web\/biblioteca\/por-los-tiempos-de-francisco-piria\/","title":{"rendered":"Por los tiempos de Francisco Piria"},"content":{"rendered":"<p>=  Cuando las olas de los temporales aniquilaban toda huella humana en las arenas del \u201cPuerto del Ingl\u00e9s\u201d, la soledad volv\u00eda a ser la gran protagonista de aquel rinc\u00f3n agreste y alejado de los caminos reales. As\u00ed, fue tratado de \u201cloco\u201d por sus contempor\u00e1neos el hombre que en 1890 fund\u00f3 all\u00ed el \u201cEstablecimiento Agron\u00f3mico\u201d- y enseguida tambi\u00e9n \u201cTur\u00edstico\u201d \u2013 Piri\u00e1polis. El triunfo de ese emprendimiento \u2013 que le otorg\u00f3 al Uruguay el privilegio de contar en 1930 con el Hotel m\u00e1s importante de Sud\u00e1merica \u2013 por s\u00ed s\u00f3lo ameritar\u00eda la investigaci\u00f3n hist\u00f3rica.<\/p>\n","protected":false},"excerpt":{"rendered":"<p>=  Cuando las olas de los temporales aniquilaban toda huella humana en las arenas del \u201cPuerto del Ingl\u00e9s\u201d, la soledad volv\u00eda a ser la gran protagonista de aquel rinc\u00f3n agreste y alejado de los caminos reales. As\u00ed, fue tratado de \u201cloco\u201d por sus contempor\u00e1n<\/p>\n","protected":false},"featured_media":1633,"template":"","meta":[],"product_brand":[463],"product_cat":[45],"product_tag":[],"class_list":{"0":"post-1632","1":"product","2":"type-product","3":"status-publish","4":"has-post-thumbnail","6":"product_brand-luis-martinez-cherro","7":"product_cat-uruguayo","9":"first","10":"instock","11":"purchasable","12":"product-type-simple"},"featured_image_urls_v2":{"full":["https:\/\/ajupe.com.uy\/web\/wp-content\/uploads\/2016\/04\/p-1632-6901.jpg",359,499,false],"thumbnail":["https:\/\/ajupe.com.uy\/web\/wp-content\/uploads\/2016\/04\/p-1632-6901.jpg",150,150,true],"medium":["https:\/\/ajupe.com.uy\/web\/wp-content\/uploads\/2016\/04\/p-1632-6901.jpg",300,214,true],"medium_large":["https:\/\/ajupe.com.uy\/web\/wp-content\/uploads\/2016\/04\/p-1632-6901.jpg",359,499,false],"large":["https:\/\/ajupe.com.uy\/web\/wp-content\/uploads\/2016\/04\/p-1632-6901.jpg",359,499,false],"1536x1536":["https:\/\/ajupe.com.uy\/web\/wp-content\/uploads\/2016\/04\/p-1632-6901.jpg",359,499,false],"2048x2048":["https:\/\/ajupe.com.uy\/web\/wp-content\/uploads\/2016\/04\/p-1632-6901.jpg",359,499,false],"woocommerce_archive_thumbnail":["https:\/\/ajupe.com.uy\/web\/wp-content\/uploads\/2016\/04\/p-1632-6901-300x450.jpg",300,450,true],"woocommerce_thumbnail":["https:\/\/ajupe.com.uy\/web\/wp-content\/uploads\/2016\/04\/p-1632-6901-300x300.jpg",300,300,true],"woocommerce_single":["https:\/\/ajupe.com.uy\/web\/wp-content\/uploads\/2016\/04\/p-1632-6901-300x417.jpg",300,417,true],"woocommerce_gallery_thumbnail":["https:\/\/ajupe.com.uy\/web\/wp-content\/uploads\/2016\/04\/p-1632-6901-100x100.jpg",100,100,true]},"post_excerpt_stackable_v2":"<p>=  Cuando las olas de los temporales aniquilaban toda huella humana en las arenas del \u201cPuerto del Ingl\u00e9s\u201d, la soledad volv\u00eda a ser la gran protagonista de aquel rinc\u00f3n agreste y alejado de los caminos reales. As\u00ed, fue tratado de \u201cloco\u201d por sus contempor\u00e1n<\/p>\n","category_list_v2":"","author_info_v2":{"name":"","url":""},"comments_num_v2":"0 comentarios","_links":{"self":[{"href":"https:\/\/ajupe.com.uy\/web\/wp-json\/wp\/v2\/product\/1632","targetHints":{"allow":["GET"]}}],"collection":[{"href":"https:\/\/ajupe.com.uy\/web\/wp-json\/wp\/v2\/product"}],"about":[{"href":"https:\/\/ajupe.com.uy\/web\/wp-json\/wp\/v2\/types\/product"}],"wp:featuredmedia":[{"embeddable":true,"href":"https:\/\/ajupe.com.uy\/web\/wp-json\/wp\/v2\/media\/1633"}],"wp:attachment":[{"href":"https:\/\/ajupe.com.uy\/web\/wp-json\/wp\/v2\/media?parent=1632"}],"wp:term":[{"taxonomy":"product_brand","embeddable":true,"href":"https:\/\/ajupe.com.uy\/web\/wp-json\/wp\/v2\/product_brand?post=1632"},{"taxonomy":"product_cat","embeddable":true,"href":"https:\/\/ajupe.com.uy\/web\/wp-json\/wp\/v2\/product_cat?post=1632"},{"taxonomy":"product_tag","embeddable":true,"href":"https:\/\/ajupe.com.uy\/web\/wp-json\/wp\/v2\/product_tag?post=1632"}],"curies":[{"name":"wp","href":"https:\/\/api.w.org\/{rel}","templated":true}]}}