{"id":1638,"date":"2010-07-14T00:00:00","date_gmt":"2010-07-14T03:00:00","guid":{"rendered":"http:\/\/ajupe.com.uy\/web\/?post_type=product&#038;p=1638"},"modified":"2010-07-14T00:00:00","modified_gmt":"2010-07-14T03:00:00","slug":"cien-cepilladas-antes-de-dormir","status":"publish","type":"product","link":"https:\/\/ajupe.com.uy\/web\/biblioteca\/cien-cepilladas-antes-de-dormir\/","title":{"rendered":"Cien cepilladas antes de dormir"},"content":{"rendered":"<p>=  Diecis\u00e9is a\u00f1os, un diario \u00edntimo y el descubrimiento de un mundo nuevo: el sexo. El propio cuerpo de una adolescente y la ilusi\u00f3n de encontrar el amor en muchas camas, en muchos cuerpos, en casas desconocidas con hombres que no la aman. Melissa termina transitando un t\u00fanel oscuro y sucio, de humillaci\u00f3n y dolor, violencia y maltrato, en el que correr\u00e1 el riesgo de perder para siempre lo m\u00e1s precioso que tiene: ella misma. L\u00edrica y perturbadora, dura y rom\u00e1ntica, Cien cepilladas antes de dormir fue el debut italiano m\u00e1s fuerte y sorprendente de los \u00faltimos a\u00f1os.<\/p>\n","protected":false},"excerpt":{"rendered":"<p>=  Diecis\u00e9is a\u00f1os, un diario \u00edntimo y el descubrimiento de un mundo nuevo: el sexo. El propio cuerpo de una adolescente y la ilusi\u00f3n de encontrar el amor en muchas camas, en muchos cuerpos, en casas desconocidas con hombres que no la aman. Melissa termina<\/p>\n","protected":false},"featured_media":1639,"template":"","meta":[],"product_brand":[464],"product_cat":[29],"product_tag":[],"class_list":{"0":"post-1638","1":"product","2":"type-product","3":"status-publish","4":"has-post-thumbnail","6":"product_brand-melissa-p","7":"product_cat-novela","9":"first","10":"instock","11":"purchasable","12":"product-type-simple"},"featured_image_urls_v2":{"full":["https:\/\/ajupe.com.uy\/web\/wp-content\/uploads\/2016\/04\/p-1638-6904.jpg",360,561,false],"thumbnail":["https:\/\/ajupe.com.uy\/web\/wp-content\/uploads\/2016\/04\/p-1638-6904.jpg",150,150,true],"medium":["https:\/\/ajupe.com.uy\/web\/wp-content\/uploads\/2016\/04\/p-1638-6904.jpg",300,214,true],"medium_large":["https:\/\/ajupe.com.uy\/web\/wp-content\/uploads\/2016\/04\/p-1638-6904.jpg",360,561,false],"large":["https:\/\/ajupe.com.uy\/web\/wp-content\/uploads\/2016\/04\/p-1638-6904.jpg",360,561,false],"1536x1536":["https:\/\/ajupe.com.uy\/web\/wp-content\/uploads\/2016\/04\/p-1638-6904.jpg",360,561,false],"2048x2048":["https:\/\/ajupe.com.uy\/web\/wp-content\/uploads\/2016\/04\/p-1638-6904.jpg",360,561,false],"woocommerce_archive_thumbnail":["https:\/\/ajupe.com.uy\/web\/wp-content\/uploads\/2016\/04\/p-1638-6904-300x450.jpg",300,450,true],"woocommerce_thumbnail":["https:\/\/ajupe.com.uy\/web\/wp-content\/uploads\/2016\/04\/p-1638-6904-300x300.jpg",300,300,true],"woocommerce_single":["https:\/\/ajupe.com.uy\/web\/wp-content\/uploads\/2016\/04\/p-1638-6904-300x468.jpg",300,468,true],"woocommerce_gallery_thumbnail":["https:\/\/ajupe.com.uy\/web\/wp-content\/uploads\/2016\/04\/p-1638-6904-100x100.jpg",100,100,true]},"post_excerpt_stackable_v2":"<p>=  Diecis\u00e9is a\u00f1os, un diario \u00edntimo y el descubrimiento de un mundo nuevo: el sexo. El propio cuerpo de una adolescente y la ilusi\u00f3n de encontrar el amor en muchas camas, en muchos cuerpos, en casas desconocidas con hombres que no la aman. Melissa termina<\/p>\n","category_list_v2":"","author_info_v2":{"name":"","url":""},"comments_num_v2":"0 comentarios","_links":{"self":[{"href":"https:\/\/ajupe.com.uy\/web\/wp-json\/wp\/v2\/product\/1638","targetHints":{"allow":["GET"]}}],"collection":[{"href":"https:\/\/ajupe.com.uy\/web\/wp-json\/wp\/v2\/product"}],"about":[{"href":"https:\/\/ajupe.com.uy\/web\/wp-json\/wp\/v2\/types\/product"}],"wp:featuredmedia":[{"embeddable":true,"href":"https:\/\/ajupe.com.uy\/web\/wp-json\/wp\/v2\/media\/1639"}],"wp:attachment":[{"href":"https:\/\/ajupe.com.uy\/web\/wp-json\/wp\/v2\/media?parent=1638"}],"wp:term":[{"taxonomy":"product_brand","embeddable":true,"href":"https:\/\/ajupe.com.uy\/web\/wp-json\/wp\/v2\/product_brand?post=1638"},{"taxonomy":"product_cat","embeddable":true,"href":"https:\/\/ajupe.com.uy\/web\/wp-json\/wp\/v2\/product_cat?post=1638"},{"taxonomy":"product_tag","embeddable":true,"href":"https:\/\/ajupe.com.uy\/web\/wp-json\/wp\/v2\/product_tag?post=1638"}],"curies":[{"name":"wp","href":"https:\/\/api.w.org\/{rel}","templated":true}]}}