{"id":1640,"date":"2010-07-14T00:00:00","date_gmt":"2010-07-14T03:00:00","guid":{"rendered":"http:\/\/ajupe.com.uy\/web\/?post_type=product&#038;p=1640"},"modified":"2011-09-15T22:10:32","modified_gmt":"2011-09-16T01:10:32","slug":"j-f-kennedy-una-vida-inacabada","status":"publish","type":"product","link":"https:\/\/ajupe.com.uy\/web\/biblioteca\/j-f-kennedy-una-vida-inacabada\/","title":{"rendered":"J. F. Kennedy una vida inacabada"},"content":{"rendered":"<p>=  El 22 de diciembre de 1963, en la ciudad de Dallas, Lee Harvey Oswald dispar\u00f3 contra John Fitzgerald Kennedy, presidente de los Estados Unidos, provoc\u00e1ndole la muerte y convirti\u00e9ndole en uno de los personajes m\u00e1s mitificados de la historia de Estados Unidos. Dejando de lado las oscuras circunstancias que envolvieron su asesinato, la biograf\u00eda de Kennedy contin\u00faa siendo hoy un tema apasionante. Esta que el lector tiene en sus manos revela datos que nunca se hab\u00edan dado a conocer acerca de su vida, su presidencia y su legado.<\/p>\n","protected":false},"excerpt":{"rendered":"<p>=  El 22 de diciembre de 1963, en la ciudad de Dallas, Lee Harvey Oswald dispar\u00f3 contra John Fitzgerald Kennedy, presidente de los Estados Unidos, provoc\u00e1ndole la muerte y convirti\u00e9ndole en uno de los personajes m\u00e1s mitificados de la historia de Estados U<\/p>\n","protected":false},"featured_media":1641,"template":"","meta":[],"product_brand":[465],"product_cat":[44],"product_tag":[],"class_list":{"0":"post-1640","1":"product","2":"type-product","3":"status-publish","4":"has-post-thumbnail","6":"product_brand-robert-dallek","7":"product_cat-biografico","9":"first","10":"instock","11":"purchasable","12":"product-type-simple"},"featured_image_urls_v2":{"full":["https:\/\/ajupe.com.uy\/web\/wp-content\/uploads\/2016\/04\/p-1640-6905.jpg",361,539,false],"thumbnail":["https:\/\/ajupe.com.uy\/web\/wp-content\/uploads\/2016\/04\/p-1640-6905.jpg",150,150,true],"medium":["https:\/\/ajupe.com.uy\/web\/wp-content\/uploads\/2016\/04\/p-1640-6905.jpg",300,214,true],"medium_large":["https:\/\/ajupe.com.uy\/web\/wp-content\/uploads\/2016\/04\/p-1640-6905.jpg",361,539,false],"large":["https:\/\/ajupe.com.uy\/web\/wp-content\/uploads\/2016\/04\/p-1640-6905.jpg",361,539,false],"1536x1536":["https:\/\/ajupe.com.uy\/web\/wp-content\/uploads\/2016\/04\/p-1640-6905.jpg",361,539,false],"2048x2048":["https:\/\/ajupe.com.uy\/web\/wp-content\/uploads\/2016\/04\/p-1640-6905.jpg",361,539,false],"woocommerce_archive_thumbnail":["https:\/\/ajupe.com.uy\/web\/wp-content\/uploads\/2016\/04\/p-1640-6905-300x450.jpg",300,450,true],"woocommerce_thumbnail":["https:\/\/ajupe.com.uy\/web\/wp-content\/uploads\/2016\/04\/p-1640-6905-300x300.jpg",300,300,true],"woocommerce_single":["https:\/\/ajupe.com.uy\/web\/wp-content\/uploads\/2016\/04\/p-1640-6905-300x448.jpg",300,448,true],"woocommerce_gallery_thumbnail":["https:\/\/ajupe.com.uy\/web\/wp-content\/uploads\/2016\/04\/p-1640-6905-100x100.jpg",100,100,true]},"post_excerpt_stackable_v2":"<p>=  El 22 de diciembre de 1963, en la ciudad de Dallas, Lee Harvey Oswald dispar\u00f3 contra John Fitzgerald Kennedy, presidente de los Estados Unidos, provoc\u00e1ndole la muerte y convirti\u00e9ndole en uno de los personajes m\u00e1s mitificados de la historia de Estados U<\/p>\n","category_list_v2":"","author_info_v2":{"name":"","url":""},"comments_num_v2":"0 comentarios","_links":{"self":[{"href":"https:\/\/ajupe.com.uy\/web\/wp-json\/wp\/v2\/product\/1640","targetHints":{"allow":["GET"]}}],"collection":[{"href":"https:\/\/ajupe.com.uy\/web\/wp-json\/wp\/v2\/product"}],"about":[{"href":"https:\/\/ajupe.com.uy\/web\/wp-json\/wp\/v2\/types\/product"}],"wp:featuredmedia":[{"embeddable":true,"href":"https:\/\/ajupe.com.uy\/web\/wp-json\/wp\/v2\/media\/1641"}],"wp:attachment":[{"href":"https:\/\/ajupe.com.uy\/web\/wp-json\/wp\/v2\/media?parent=1640"}],"wp:term":[{"taxonomy":"product_brand","embeddable":true,"href":"https:\/\/ajupe.com.uy\/web\/wp-json\/wp\/v2\/product_brand?post=1640"},{"taxonomy":"product_cat","embeddable":true,"href":"https:\/\/ajupe.com.uy\/web\/wp-json\/wp\/v2\/product_cat?post=1640"},{"taxonomy":"product_tag","embeddable":true,"href":"https:\/\/ajupe.com.uy\/web\/wp-json\/wp\/v2\/product_tag?post=1640"}],"curies":[{"name":"wp","href":"https:\/\/api.w.org\/{rel}","templated":true}]}}