{"id":1644,"date":"2010-07-14T00:00:00","date_gmt":"2010-07-14T03:00:00","guid":{"rendered":"http:\/\/ajupe.com.uy\/web\/?post_type=product&#038;p=1644"},"modified":"2010-07-14T00:00:00","modified_gmt":"2010-07-14T03:00:00","slug":"escondido-en-las-sombras","status":"publish","type":"product","link":"https:\/\/ajupe.com.uy\/web\/biblioteca\/escondido-en-las-sombras\/","title":{"rendered":"Escondido en las sombras"},"content":{"rendered":"<p>Jean Sheridan, historiadora c\u00e9lebre y profesora universitaria, vuelve a la ciudad donde creci\u00f3 para asistir a la vig\u00e9sima reuni\u00f3n de ex alumnos de su clase. Desde el primer momento intuye que algo no anda bien: una de sus antiguas compa\u00f1eras, que se convirti\u00f3 en agente de Hollywood, muri\u00f3 hace d\u00edas en su piscina, y otra m\u00e1s falleci\u00f3 tambi\u00e9n en circunstancias misteriosas. Pero a Jean le ocurre algo aun m\u00e1s inquietante: recibe un fax an\u00f3nimo que le habla de su hija, una ni\u00f1a que dio en adopci\u00f3n al nacer, fruto de su relaci\u00f3n con un novio fallecido hac\u00eda veinte a\u00f1os. Esta hija hab\u00eda sido el secreto m\u00e1s celosamente guardado de su vida.<\/p>\n","protected":false},"excerpt":{"rendered":"<p>Jean Sheridan, historiadora c\u00e9lebre y profesora universitaria, vuelve a la ciudad donde creci\u00f3 para asistir a la vig\u00e9sima reuni\u00f3n de ex alumnos de su clase. Desde el primer momento intuye que algo no anda bien: una de sus antiguas compa\u00f1eras, que se convi<\/p>\n","protected":false},"featured_media":1645,"template":"","meta":[],"product_brand":[52],"product_cat":[30],"product_tag":[],"class_list":{"0":"post-1644","1":"product","2":"type-product","3":"status-publish","4":"has-post-thumbnail","6":"product_brand-mary-higgins-clark","7":"product_cat-suspenso","9":"first","10":"instock","11":"purchasable","12":"product-type-simple"},"featured_image_urls_v2":{"full":["https:\/\/ajupe.com.uy\/web\/wp-content\/uploads\/2016\/04\/p-1644-6907.jpg",359,526,false],"thumbnail":["https:\/\/ajupe.com.uy\/web\/wp-content\/uploads\/2016\/04\/p-1644-6907.jpg",150,150,true],"medium":["https:\/\/ajupe.com.uy\/web\/wp-content\/uploads\/2016\/04\/p-1644-6907.jpg",300,214,true],"medium_large":["https:\/\/ajupe.com.uy\/web\/wp-content\/uploads\/2016\/04\/p-1644-6907.jpg",359,526,false],"large":["https:\/\/ajupe.com.uy\/web\/wp-content\/uploads\/2016\/04\/p-1644-6907.jpg",359,526,false],"1536x1536":["https:\/\/ajupe.com.uy\/web\/wp-content\/uploads\/2016\/04\/p-1644-6907.jpg",359,526,false],"2048x2048":["https:\/\/ajupe.com.uy\/web\/wp-content\/uploads\/2016\/04\/p-1644-6907.jpg",359,526,false],"woocommerce_archive_thumbnail":["https:\/\/ajupe.com.uy\/web\/wp-content\/uploads\/2016\/04\/p-1644-6907-300x450.jpg",300,450,true],"woocommerce_thumbnail":["https:\/\/ajupe.com.uy\/web\/wp-content\/uploads\/2016\/04\/p-1644-6907-300x300.jpg",300,300,true],"woocommerce_single":["https:\/\/ajupe.com.uy\/web\/wp-content\/uploads\/2016\/04\/p-1644-6907-300x440.jpg",300,440,true],"woocommerce_gallery_thumbnail":["https:\/\/ajupe.com.uy\/web\/wp-content\/uploads\/2016\/04\/p-1644-6907-100x100.jpg",100,100,true]},"post_excerpt_stackable_v2":"<p>Jean Sheridan, historiadora c\u00e9lebre y profesora universitaria, vuelve a la ciudad donde creci\u00f3 para asistir a la vig\u00e9sima reuni\u00f3n de ex alumnos de su clase. Desde el primer momento intuye que algo no anda bien: una de sus antiguas compa\u00f1eras, que se convi<\/p>\n","category_list_v2":"","author_info_v2":{"name":"","url":""},"comments_num_v2":"0 comentarios","_links":{"self":[{"href":"https:\/\/ajupe.com.uy\/web\/wp-json\/wp\/v2\/product\/1644","targetHints":{"allow":["GET"]}}],"collection":[{"href":"https:\/\/ajupe.com.uy\/web\/wp-json\/wp\/v2\/product"}],"about":[{"href":"https:\/\/ajupe.com.uy\/web\/wp-json\/wp\/v2\/types\/product"}],"wp:featuredmedia":[{"embeddable":true,"href":"https:\/\/ajupe.com.uy\/web\/wp-json\/wp\/v2\/media\/1645"}],"wp:attachment":[{"href":"https:\/\/ajupe.com.uy\/web\/wp-json\/wp\/v2\/media?parent=1644"}],"wp:term":[{"taxonomy":"product_brand","embeddable":true,"href":"https:\/\/ajupe.com.uy\/web\/wp-json\/wp\/v2\/product_brand?post=1644"},{"taxonomy":"product_cat","embeddable":true,"href":"https:\/\/ajupe.com.uy\/web\/wp-json\/wp\/v2\/product_cat?post=1644"},{"taxonomy":"product_tag","embeddable":true,"href":"https:\/\/ajupe.com.uy\/web\/wp-json\/wp\/v2\/product_tag?post=1644"}],"curies":[{"name":"wp","href":"https:\/\/api.w.org\/{rel}","templated":true}]}}