{"id":1654,"date":"2010-07-14T00:00:00","date_gmt":"2010-07-14T03:00:00","guid":{"rendered":"http:\/\/ajupe.com.uy\/web\/?post_type=product&#038;p=1654"},"modified":"2010-07-14T00:00:00","modified_gmt":"2010-07-14T03:00:00","slug":"el-amor-en-cuatro-versiones","status":"publish","type":"product","link":"https:\/\/ajupe.com.uy\/web\/biblioteca\/el-amor-en-cuatro-versiones\/","title":{"rendered":"El amor en cuatro versiones"},"content":{"rendered":"<p>Ang\u00e9lica Bianchi nos permite recuperar el placer de la lectura con una prosa c\u00e1lida y cultivada, en la cual el alma humana, con sus luces y sus sombras, se yergue en busca de su fin verdadero: el Amor. Pero el Amor, tan estudiado pero tan poco comprendido, asumen en estas p\u00e1ginas, una pasi\u00f3n vital tan profunda que nos permite, como pocas veces, vislumbrar, a trav\u00e9s de los diversos rostros de Eros, la esencia de la vida misma.<\/p>\n","protected":false},"excerpt":{"rendered":"<p>Ang\u00e9lica Bianchi nos permite recuperar el placer de la lectura con una prosa c\u00e1lida y cultivada, en la cual el alma humana, con sus luces y sus sombras, se yergue en busca de su fin verdadero: el Amor. Pero el Amor, tan estudiado pero tan poco comprendido<\/p>\n","protected":false},"featured_media":1655,"template":"","meta":[],"product_brand":[352],"product_cat":[45],"product_tag":[],"class_list":{"0":"post-1654","1":"product","2":"type-product","3":"status-publish","4":"has-post-thumbnail","6":"product_brand-angelica-bianchi","7":"product_cat-uruguayo","9":"first","10":"instock","11":"purchasable","12":"product-type-simple"},"featured_image_urls_v2":{"full":["https:\/\/ajupe.com.uy\/web\/wp-content\/uploads\/2016\/04\/p-1654-6926.jpg",362,532,false],"thumbnail":["https:\/\/ajupe.com.uy\/web\/wp-content\/uploads\/2016\/04\/p-1654-6926.jpg",150,150,true],"medium":["https:\/\/ajupe.com.uy\/web\/wp-content\/uploads\/2016\/04\/p-1654-6926.jpg",300,214,true],"medium_large":["https:\/\/ajupe.com.uy\/web\/wp-content\/uploads\/2016\/04\/p-1654-6926.jpg",362,532,false],"large":["https:\/\/ajupe.com.uy\/web\/wp-content\/uploads\/2016\/04\/p-1654-6926.jpg",362,532,false],"1536x1536":["https:\/\/ajupe.com.uy\/web\/wp-content\/uploads\/2016\/04\/p-1654-6926.jpg",362,532,false],"2048x2048":["https:\/\/ajupe.com.uy\/web\/wp-content\/uploads\/2016\/04\/p-1654-6926.jpg",362,532,false],"woocommerce_archive_thumbnail":["https:\/\/ajupe.com.uy\/web\/wp-content\/uploads\/2016\/04\/p-1654-6926-300x450.jpg",300,450,true],"woocommerce_thumbnail":["https:\/\/ajupe.com.uy\/web\/wp-content\/uploads\/2016\/04\/p-1654-6926-300x300.jpg",300,300,true],"woocommerce_single":["https:\/\/ajupe.com.uy\/web\/wp-content\/uploads\/2016\/04\/p-1654-6926-300x441.jpg",300,441,true],"woocommerce_gallery_thumbnail":["https:\/\/ajupe.com.uy\/web\/wp-content\/uploads\/2016\/04\/p-1654-6926-100x100.jpg",100,100,true]},"post_excerpt_stackable_v2":"<p>Ang\u00e9lica Bianchi nos permite recuperar el placer de la lectura con una prosa c\u00e1lida y cultivada, en la cual el alma humana, con sus luces y sus sombras, se yergue en busca de su fin verdadero: el Amor. Pero el Amor, tan estudiado pero tan poco comprendido<\/p>\n","category_list_v2":"","author_info_v2":{"name":"","url":""},"comments_num_v2":"0 comentarios","_links":{"self":[{"href":"https:\/\/ajupe.com.uy\/web\/wp-json\/wp\/v2\/product\/1654","targetHints":{"allow":["GET"]}}],"collection":[{"href":"https:\/\/ajupe.com.uy\/web\/wp-json\/wp\/v2\/product"}],"about":[{"href":"https:\/\/ajupe.com.uy\/web\/wp-json\/wp\/v2\/types\/product"}],"wp:featuredmedia":[{"embeddable":true,"href":"https:\/\/ajupe.com.uy\/web\/wp-json\/wp\/v2\/media\/1655"}],"wp:attachment":[{"href":"https:\/\/ajupe.com.uy\/web\/wp-json\/wp\/v2\/media?parent=1654"}],"wp:term":[{"taxonomy":"product_brand","embeddable":true,"href":"https:\/\/ajupe.com.uy\/web\/wp-json\/wp\/v2\/product_brand?post=1654"},{"taxonomy":"product_cat","embeddable":true,"href":"https:\/\/ajupe.com.uy\/web\/wp-json\/wp\/v2\/product_cat?post=1654"},{"taxonomy":"product_tag","embeddable":true,"href":"https:\/\/ajupe.com.uy\/web\/wp-json\/wp\/v2\/product_tag?post=1654"}],"curies":[{"name":"wp","href":"https:\/\/api.w.org\/{rel}","templated":true}]}}