{"id":1662,"date":"2010-07-14T00:00:00","date_gmt":"2010-07-14T03:00:00","guid":{"rendered":"http:\/\/ajupe.com.uy\/web\/?post_type=product&#038;p=1662"},"modified":"2010-07-14T00:00:00","modified_gmt":"2010-07-14T03:00:00","slug":"1001-peliculas-que-hay-que-ver-antes-de-morir","status":"publish","type":"product","link":"https:\/\/ajupe.com.uy\/web\/biblioteca\/1001-peliculas-que-hay-que-ver-antes-de-morir\/","title":{"rendered":"1001 Pel\u00edculas que hay que ver antes de morir"},"content":{"rendered":"<p>Las pel\u00edculas de todos los tiempos, aquellas que no hay que perder, desde 2001:odisea del espacio hasta Z, desde las comedias cl\u00e1sicas hasta los m\u00e1s legendarios Western. La selecci\u00f3n que presenta este volumen considera tanto la importancia de las pel\u00edculas en la historia del cine como el entusiasmo con que las recibieron el p\u00fablico y la critica. Con rese\u00f1a amenas e informativas a cargo de un equipo de reputados cr\u00edticos, 1001 pel\u00edculas&#8230;&#8230;&#8230;. constituye la gu\u00eda de referencia esencial para cualquier amante del cine.<\/p>\n","protected":false},"excerpt":{"rendered":"<p>Las pel\u00edculas de todos los tiempos, aquellas que no hay que perder, desde 2001:odisea del espacio hasta Z, desde las comedias cl\u00e1sicas hasta los m\u00e1s legendarios Western. La selecci\u00f3n que presenta este volumen considera tanto la importancia de las pel\u00edcula<\/p>\n","protected":false},"featured_media":1663,"template":"","meta":[],"product_brand":[469],"product_cat":[34],"product_tag":[],"class_list":{"0":"post-1662","1":"product","2":"type-product","3":"status-publish","4":"has-post-thumbnail","6":"product_brand-steve-jay-schneider","7":"product_cat-otros","9":"first","10":"instock","11":"purchasable","12":"product-type-simple"},"featured_image_urls_v2":{"full":["https:\/\/ajupe.com.uy\/web\/wp-content\/uploads\/2016\/04\/p-1662-6930.jpg",361,468,false],"thumbnail":["https:\/\/ajupe.com.uy\/web\/wp-content\/uploads\/2016\/04\/p-1662-6930.jpg",150,150,true],"medium":["https:\/\/ajupe.com.uy\/web\/wp-content\/uploads\/2016\/04\/p-1662-6930.jpg",300,214,true],"medium_large":["https:\/\/ajupe.com.uy\/web\/wp-content\/uploads\/2016\/04\/p-1662-6930.jpg",361,468,false],"large":["https:\/\/ajupe.com.uy\/web\/wp-content\/uploads\/2016\/04\/p-1662-6930.jpg",361,468,false],"1536x1536":["https:\/\/ajupe.com.uy\/web\/wp-content\/uploads\/2016\/04\/p-1662-6930.jpg",361,468,false],"2048x2048":["https:\/\/ajupe.com.uy\/web\/wp-content\/uploads\/2016\/04\/p-1662-6930.jpg",361,468,false],"woocommerce_archive_thumbnail":["https:\/\/ajupe.com.uy\/web\/wp-content\/uploads\/2016\/04\/p-1662-6930-300x450.jpg",300,450,true],"woocommerce_thumbnail":["https:\/\/ajupe.com.uy\/web\/wp-content\/uploads\/2016\/04\/p-1662-6930-300x300.jpg",300,300,true],"woocommerce_single":["https:\/\/ajupe.com.uy\/web\/wp-content\/uploads\/2016\/04\/p-1662-6930-300x389.jpg",300,389,true],"woocommerce_gallery_thumbnail":["https:\/\/ajupe.com.uy\/web\/wp-content\/uploads\/2016\/04\/p-1662-6930-100x100.jpg",100,100,true]},"post_excerpt_stackable_v2":"<p>Las pel\u00edculas de todos los tiempos, aquellas que no hay que perder, desde 2001:odisea del espacio hasta Z, desde las comedias cl\u00e1sicas hasta los m\u00e1s legendarios Western. La selecci\u00f3n que presenta este volumen considera tanto la importancia de las pel\u00edcula<\/p>\n","category_list_v2":"","author_info_v2":{"name":"","url":""},"comments_num_v2":"0 comentarios","_links":{"self":[{"href":"https:\/\/ajupe.com.uy\/web\/wp-json\/wp\/v2\/product\/1662","targetHints":{"allow":["GET"]}}],"collection":[{"href":"https:\/\/ajupe.com.uy\/web\/wp-json\/wp\/v2\/product"}],"about":[{"href":"https:\/\/ajupe.com.uy\/web\/wp-json\/wp\/v2\/types\/product"}],"wp:featuredmedia":[{"embeddable":true,"href":"https:\/\/ajupe.com.uy\/web\/wp-json\/wp\/v2\/media\/1663"}],"wp:attachment":[{"href":"https:\/\/ajupe.com.uy\/web\/wp-json\/wp\/v2\/media?parent=1662"}],"wp:term":[{"taxonomy":"product_brand","embeddable":true,"href":"https:\/\/ajupe.com.uy\/web\/wp-json\/wp\/v2\/product_brand?post=1662"},{"taxonomy":"product_cat","embeddable":true,"href":"https:\/\/ajupe.com.uy\/web\/wp-json\/wp\/v2\/product_cat?post=1662"},{"taxonomy":"product_tag","embeddable":true,"href":"https:\/\/ajupe.com.uy\/web\/wp-json\/wp\/v2\/product_tag?post=1662"}],"curies":[{"name":"wp","href":"https:\/\/api.w.org\/{rel}","templated":true}]}}