{"id":1676,"date":"2010-07-14T00:00:00","date_gmt":"2010-07-14T03:00:00","guid":{"rendered":"http:\/\/ajupe.com.uy\/web\/?post_type=product&#038;p=1676"},"modified":"2011-09-16T16:43:31","modified_gmt":"2011-09-16T19:43:31","slug":"hasta-donde-me-lleve-el-viento","status":"publish","type":"product","link":"https:\/\/ajupe.com.uy\/web\/biblioteca\/hasta-donde-me-lleve-el-viento\/","title":{"rendered":"Hasta donde me lleve el viento"},"content":{"rendered":"<p>Hasta donde me lleve el viento narra el incre\u00edble viaje de Eduardo Rejduch de la Mancha, a lo largo de m\u00e1s de veinte a\u00f1os por los mares del mundo. Sus aventuras por islas lejanas y pa\u00edses remotos, su encuentro con diferentes culturas, tradiciones y leyendas colman este relato de sabores e im\u00e1genes y ex\u00f3ticas que quedar\u00e1n en la mente del lector.<\/p>\n","protected":false},"excerpt":{"rendered":"<p>Hasta donde me lleve el viento narra el incre\u00edble viaje de Eduardo Rejduch de la Mancha, a lo largo de m\u00e1s de veinte a\u00f1os por los mares del mundo. Sus aventuras por islas lejanas y pa\u00edses remotos, su encuentro con diferentes culturas, tradiciones y leyend<\/p>\n","protected":false},"featured_media":1677,"template":"","meta":[],"product_brand":[472],"product_cat":[45],"product_tag":[],"class_list":{"0":"post-1676","1":"product","2":"type-product","3":"status-publish","4":"has-post-thumbnail","6":"product_brand-eduardo-rejduch-de-la-mancha","7":"product_cat-uruguayo","9":"first","10":"instock","11":"purchasable","12":"product-type-simple"},"featured_image_urls_v2":{"full":["https:\/\/ajupe.com.uy\/web\/wp-content\/uploads\/2016\/04\/p-1676-6937.jpg",362,573,false],"thumbnail":["https:\/\/ajupe.com.uy\/web\/wp-content\/uploads\/2016\/04\/p-1676-6937.jpg",150,150,true],"medium":["https:\/\/ajupe.com.uy\/web\/wp-content\/uploads\/2016\/04\/p-1676-6937.jpg",300,214,true],"medium_large":["https:\/\/ajupe.com.uy\/web\/wp-content\/uploads\/2016\/04\/p-1676-6937.jpg",362,573,false],"large":["https:\/\/ajupe.com.uy\/web\/wp-content\/uploads\/2016\/04\/p-1676-6937.jpg",362,573,false],"1536x1536":["https:\/\/ajupe.com.uy\/web\/wp-content\/uploads\/2016\/04\/p-1676-6937.jpg",362,573,false],"2048x2048":["https:\/\/ajupe.com.uy\/web\/wp-content\/uploads\/2016\/04\/p-1676-6937.jpg",362,573,false],"woocommerce_archive_thumbnail":["https:\/\/ajupe.com.uy\/web\/wp-content\/uploads\/2016\/04\/p-1676-6937-300x450.jpg",300,450,true],"woocommerce_thumbnail":["https:\/\/ajupe.com.uy\/web\/wp-content\/uploads\/2016\/04\/p-1676-6937-300x300.jpg",300,300,true],"woocommerce_single":["https:\/\/ajupe.com.uy\/web\/wp-content\/uploads\/2016\/04\/p-1676-6937-300x475.jpg",300,475,true],"woocommerce_gallery_thumbnail":["https:\/\/ajupe.com.uy\/web\/wp-content\/uploads\/2016\/04\/p-1676-6937-100x100.jpg",100,100,true]},"post_excerpt_stackable_v2":"<p>Hasta donde me lleve el viento narra el incre\u00edble viaje de Eduardo Rejduch de la Mancha, a lo largo de m\u00e1s de veinte a\u00f1os por los mares del mundo. Sus aventuras por islas lejanas y pa\u00edses remotos, su encuentro con diferentes culturas, tradiciones y leyend<\/p>\n","category_list_v2":"","author_info_v2":{"name":"","url":""},"comments_num_v2":"0 comentarios","_links":{"self":[{"href":"https:\/\/ajupe.com.uy\/web\/wp-json\/wp\/v2\/product\/1676","targetHints":{"allow":["GET"]}}],"collection":[{"href":"https:\/\/ajupe.com.uy\/web\/wp-json\/wp\/v2\/product"}],"about":[{"href":"https:\/\/ajupe.com.uy\/web\/wp-json\/wp\/v2\/types\/product"}],"wp:featuredmedia":[{"embeddable":true,"href":"https:\/\/ajupe.com.uy\/web\/wp-json\/wp\/v2\/media\/1677"}],"wp:attachment":[{"href":"https:\/\/ajupe.com.uy\/web\/wp-json\/wp\/v2\/media?parent=1676"}],"wp:term":[{"taxonomy":"product_brand","embeddable":true,"href":"https:\/\/ajupe.com.uy\/web\/wp-json\/wp\/v2\/product_brand?post=1676"},{"taxonomy":"product_cat","embeddable":true,"href":"https:\/\/ajupe.com.uy\/web\/wp-json\/wp\/v2\/product_cat?post=1676"},{"taxonomy":"product_tag","embeddable":true,"href":"https:\/\/ajupe.com.uy\/web\/wp-json\/wp\/v2\/product_tag?post=1676"}],"curies":[{"name":"wp","href":"https:\/\/api.w.org\/{rel}","templated":true}]}}