{"id":1680,"date":"2010-07-14T00:00:00","date_gmt":"2010-07-14T03:00:00","guid":{"rendered":"http:\/\/ajupe.com.uy\/web\/?post_type=product&#038;p=1680"},"modified":"2010-07-14T00:00:00","modified_gmt":"2010-07-14T03:00:00","slug":"sobre-heroes-y-tumbas","status":"publish","type":"product","link":"https:\/\/ajupe.com.uy\/web\/biblioteca\/sobre-heroes-y-tumbas\/","title":{"rendered":"Sobre H\u00e9roes y Tumbas"},"content":{"rendered":"<p>De una s\u00f3lida formaci\u00f3n cient\u00edfica &#8211; trabajo en Par\u00eds con Ir\u00e9ne Joliot-Curie, y fue profesor de F\u00edsica en la ense\u00f1anza superior &#8211; Ernesto Sabato despu\u00e9s de publicar su estupendo libro de pensamiento cient\u00edfico y filos\u00f3fico, Uno y el Universo se dedico por entero a la literatura con extraordinaria fortuna. De esta escalofriante obra maestra se ha dicho que es una de las m\u00e1s importantes novela del siglo. El gran poeta italiano Salvatore Quasimodo no vacila en llamarla &quot;Un Apocalipsis de nuestro tiempo&quot; y Maurice Nadeau la califica como &quot; Un delirio que har\u00eda palidecer a Lautr\u00e9amont&quot;<\/p>\n","protected":false},"excerpt":{"rendered":"<p>De una s\u00f3lida formaci\u00f3n cient\u00edfica &#8211; trabajo en Par\u00eds con Ir\u00e9ne Joliot-Curie, y fue profesor de F\u00edsica en la ense\u00f1anza superior &#8211; Ernesto Sabato despu\u00e9s de publicar su estupendo libro de pensamiento cient\u00edfico y filos\u00f3fico, Uno y el Universo se dedico por<\/p>\n","protected":false},"featured_media":1681,"template":"","meta":[],"product_brand":[186],"product_cat":[33],"product_tag":[],"class_list":{"0":"post-1680","1":"product","2":"type-product","3":"status-publish","4":"has-post-thumbnail","6":"product_brand-ernesto-sabato","7":"product_cat-cuentos","9":"first","10":"instock","11":"purchasable","12":"product-type-simple"},"featured_image_urls_v2":{"full":["https:\/\/ajupe.com.uy\/web\/wp-content\/uploads\/2016\/04\/p-1680-6940.jpg",359,599,false],"thumbnail":["https:\/\/ajupe.com.uy\/web\/wp-content\/uploads\/2016\/04\/p-1680-6940.jpg",150,150,true],"medium":["https:\/\/ajupe.com.uy\/web\/wp-content\/uploads\/2016\/04\/p-1680-6940.jpg",300,214,true],"medium_large":["https:\/\/ajupe.com.uy\/web\/wp-content\/uploads\/2016\/04\/p-1680-6940.jpg",359,599,false],"large":["https:\/\/ajupe.com.uy\/web\/wp-content\/uploads\/2016\/04\/p-1680-6940.jpg",359,599,false],"1536x1536":["https:\/\/ajupe.com.uy\/web\/wp-content\/uploads\/2016\/04\/p-1680-6940.jpg",359,599,false],"2048x2048":["https:\/\/ajupe.com.uy\/web\/wp-content\/uploads\/2016\/04\/p-1680-6940.jpg",359,599,false],"woocommerce_archive_thumbnail":["https:\/\/ajupe.com.uy\/web\/wp-content\/uploads\/2016\/04\/p-1680-6940-300x450.jpg",300,450,true],"woocommerce_thumbnail":["https:\/\/ajupe.com.uy\/web\/wp-content\/uploads\/2016\/04\/p-1680-6940-300x300.jpg",300,300,true],"woocommerce_single":["https:\/\/ajupe.com.uy\/web\/wp-content\/uploads\/2016\/04\/p-1680-6940-300x501.jpg",300,501,true],"woocommerce_gallery_thumbnail":["https:\/\/ajupe.com.uy\/web\/wp-content\/uploads\/2016\/04\/p-1680-6940-100x100.jpg",100,100,true]},"post_excerpt_stackable_v2":"<p>De una s\u00f3lida formaci\u00f3n cient\u00edfica &#8211; trabajo en Par\u00eds con Ir\u00e9ne Joliot-Curie, y fue profesor de F\u00edsica en la ense\u00f1anza superior &#8211; Ernesto Sabato despu\u00e9s de publicar su estupendo libro de pensamiento cient\u00edfico y filos\u00f3fico, Uno y el Universo se dedico por<\/p>\n","category_list_v2":"","author_info_v2":{"name":"","url":""},"comments_num_v2":"0 comentarios","_links":{"self":[{"href":"https:\/\/ajupe.com.uy\/web\/wp-json\/wp\/v2\/product\/1680","targetHints":{"allow":["GET"]}}],"collection":[{"href":"https:\/\/ajupe.com.uy\/web\/wp-json\/wp\/v2\/product"}],"about":[{"href":"https:\/\/ajupe.com.uy\/web\/wp-json\/wp\/v2\/types\/product"}],"wp:featuredmedia":[{"embeddable":true,"href":"https:\/\/ajupe.com.uy\/web\/wp-json\/wp\/v2\/media\/1681"}],"wp:attachment":[{"href":"https:\/\/ajupe.com.uy\/web\/wp-json\/wp\/v2\/media?parent=1680"}],"wp:term":[{"taxonomy":"product_brand","embeddable":true,"href":"https:\/\/ajupe.com.uy\/web\/wp-json\/wp\/v2\/product_brand?post=1680"},{"taxonomy":"product_cat","embeddable":true,"href":"https:\/\/ajupe.com.uy\/web\/wp-json\/wp\/v2\/product_cat?post=1680"},{"taxonomy":"product_tag","embeddable":true,"href":"https:\/\/ajupe.com.uy\/web\/wp-json\/wp\/v2\/product_tag?post=1680"}],"curies":[{"name":"wp","href":"https:\/\/api.w.org\/{rel}","templated":true}]}}