{"id":1688,"date":"2010-07-14T00:00:00","date_gmt":"2010-07-14T03:00:00","guid":{"rendered":"http:\/\/ajupe.com.uy\/web\/?post_type=product&#038;p=1688"},"modified":"2010-07-14T00:00:00","modified_gmt":"2010-07-14T03:00:00","slug":"los-pasos-perdidos","status":"publish","type":"product","link":"https:\/\/ajupe.com.uy\/web\/biblioteca\/los-pasos-perdidos\/","title":{"rendered":"Los pasos perdidos"},"content":{"rendered":"<p>Un aut\u00e9ntico escritor escribe con todo su ser y, a veces, con todo lo que sabe. Alejo Carpentier -nacido en La Habana, de padre franc\u00e9s y de madre rusa &#8211; adem\u00e1s de ser uno de los mayores novelista hispanoamericano, pose\u00eda una muy vasta cultura &#8211; literaria, musical, filos\u00f3fica, hist\u00f3rica &#8211; que sus novelas no disimulan, y que en esta magistral y apasionante narraci\u00f3n, en buena medida autobiogr\u00e1fica, se muestra con particular evidencia . Grecia, la Edad Media, los poetas y los m\u00fasicos rom\u00e1nticos aparecen en medio de la selva americana, se mezclan con las aguas de los grande r\u00edos y se injertan con los \u00e1rboles centenarios, siempre prehist\u00f3ricos.<\/p>\n","protected":false},"excerpt":{"rendered":"<p>Un aut\u00e9ntico escritor escribe con todo su ser y, a veces, con todo lo que sabe. Alejo Carpentier -nacido en La Habana, de padre franc\u00e9s y de madre rusa &#8211; adem\u00e1s de ser uno de los mayores novelista hispanoamericano, pose\u00eda una muy vasta cultura &#8211; literaria<\/p>\n","protected":false},"featured_media":1689,"template":"","meta":[],"product_brand":[476],"product_cat":[29],"product_tag":[],"class_list":{"0":"post-1688","1":"product","2":"type-product","3":"status-publish","4":"has-post-thumbnail","6":"product_brand-alejo-carpentier","7":"product_cat-novela","9":"first","10":"instock","11":"purchasable","12":"product-type-simple"},"featured_image_urls_v2":{"full":["https:\/\/ajupe.com.uy\/web\/wp-content\/uploads\/2016\/04\/p-1688-6944.jpg",361,605,false],"thumbnail":["https:\/\/ajupe.com.uy\/web\/wp-content\/uploads\/2016\/04\/p-1688-6944.jpg",150,150,true],"medium":["https:\/\/ajupe.com.uy\/web\/wp-content\/uploads\/2016\/04\/p-1688-6944.jpg",300,214,true],"medium_large":["https:\/\/ajupe.com.uy\/web\/wp-content\/uploads\/2016\/04\/p-1688-6944.jpg",361,605,false],"large":["https:\/\/ajupe.com.uy\/web\/wp-content\/uploads\/2016\/04\/p-1688-6944.jpg",361,605,false],"1536x1536":["https:\/\/ajupe.com.uy\/web\/wp-content\/uploads\/2016\/04\/p-1688-6944.jpg",361,605,false],"2048x2048":["https:\/\/ajupe.com.uy\/web\/wp-content\/uploads\/2016\/04\/p-1688-6944.jpg",361,605,false],"woocommerce_archive_thumbnail":["https:\/\/ajupe.com.uy\/web\/wp-content\/uploads\/2016\/04\/p-1688-6944-300x450.jpg",300,450,true],"woocommerce_thumbnail":["https:\/\/ajupe.com.uy\/web\/wp-content\/uploads\/2016\/04\/p-1688-6944-300x300.jpg",300,300,true],"woocommerce_single":["https:\/\/ajupe.com.uy\/web\/wp-content\/uploads\/2016\/04\/p-1688-6944-300x503.jpg",300,503,true],"woocommerce_gallery_thumbnail":["https:\/\/ajupe.com.uy\/web\/wp-content\/uploads\/2016\/04\/p-1688-6944-100x100.jpg",100,100,true]},"post_excerpt_stackable_v2":"<p>Un aut\u00e9ntico escritor escribe con todo su ser y, a veces, con todo lo que sabe. Alejo Carpentier -nacido en La Habana, de padre franc\u00e9s y de madre rusa &#8211; adem\u00e1s de ser uno de los mayores novelista hispanoamericano, pose\u00eda una muy vasta cultura &#8211; literaria<\/p>\n","category_list_v2":"","author_info_v2":{"name":"","url":""},"comments_num_v2":"0 comentarios","_links":{"self":[{"href":"https:\/\/ajupe.com.uy\/web\/wp-json\/wp\/v2\/product\/1688","targetHints":{"allow":["GET"]}}],"collection":[{"href":"https:\/\/ajupe.com.uy\/web\/wp-json\/wp\/v2\/product"}],"about":[{"href":"https:\/\/ajupe.com.uy\/web\/wp-json\/wp\/v2\/types\/product"}],"wp:featuredmedia":[{"embeddable":true,"href":"https:\/\/ajupe.com.uy\/web\/wp-json\/wp\/v2\/media\/1689"}],"wp:attachment":[{"href":"https:\/\/ajupe.com.uy\/web\/wp-json\/wp\/v2\/media?parent=1688"}],"wp:term":[{"taxonomy":"product_brand","embeddable":true,"href":"https:\/\/ajupe.com.uy\/web\/wp-json\/wp\/v2\/product_brand?post=1688"},{"taxonomy":"product_cat","embeddable":true,"href":"https:\/\/ajupe.com.uy\/web\/wp-json\/wp\/v2\/product_cat?post=1688"},{"taxonomy":"product_tag","embeddable":true,"href":"https:\/\/ajupe.com.uy\/web\/wp-json\/wp\/v2\/product_tag?post=1688"}],"curies":[{"name":"wp","href":"https:\/\/api.w.org\/{rel}","templated":true}]}}