{"id":1694,"date":"2010-07-14T00:00:00","date_gmt":"2010-07-14T03:00:00","guid":{"rendered":"http:\/\/ajupe.com.uy\/web\/?post_type=product&#038;p=1694"},"modified":"2010-07-14T00:00:00","modified_gmt":"2010-07-14T03:00:00","slug":"las-tumbas-del-manana","status":"publish","type":"product","link":"https:\/\/ajupe.com.uy\/web\/biblioteca\/las-tumbas-del-manana\/","title":{"rendered":"Las tumbas del ma\u00f1ana"},"content":{"rendered":"<p>Cambridge, Inglaterra, semanas previas al estallido de la Primera Guerra Mundial. Joseph Reavley recibe la visita inesperada de su hermano Matthew, quien le anuncia la fat\u00eddica muerte de su padre en un accidente de tr\u00e1fico. A su dolor se suma el desasosiego: la noche anterior a los hechos, John Reavley hab\u00eda revelado a su hijo Matthew que estaba en posesi\u00f3n de un documento que iba a cambiar la historia de Inglaterra para siempre. Matthew y \u00e9l hab\u00edan decidido encontrarse en Londres para discutir sobre el tema, pero nunca tuvieron la oportunidad de hacerlo. Joseph y Matthew intentaron averiguar qu\u00e9 encerraba ese documento y los motivos que tenia la persona que por preservar el contenido del mismo hab\u00eda decidido eliminar al matrimonio Reavley.<\/p>\n","protected":false},"excerpt":{"rendered":"<p>Cambridge, Inglaterra, semanas previas al estallido de la Primera Guerra Mundial. Joseph Reavley recibe la visita inesperada de su hermano Matthew, quien le anuncia la fat\u00eddica muerte de su padre en un accidente de tr\u00e1fico. A su dolor se suma el desasosie<\/p>\n","protected":false},"featured_media":1695,"template":"","meta":[],"product_brand":[313],"product_cat":[30],"product_tag":[],"class_list":{"0":"post-1694","1":"product","2":"type-product","3":"status-publish","4":"has-post-thumbnail","6":"product_brand-anne-perry","7":"product_cat-suspenso","9":"first","10":"instock","11":"purchasable","12":"product-type-simple"},"featured_image_urls_v2":{"full":["https:\/\/ajupe.com.uy\/web\/wp-content\/uploads\/2016\/04\/p-1694-6948.jpg",358,546,false],"thumbnail":["https:\/\/ajupe.com.uy\/web\/wp-content\/uploads\/2016\/04\/p-1694-6948.jpg",150,150,true],"medium":["https:\/\/ajupe.com.uy\/web\/wp-content\/uploads\/2016\/04\/p-1694-6948.jpg",300,214,true],"medium_large":["https:\/\/ajupe.com.uy\/web\/wp-content\/uploads\/2016\/04\/p-1694-6948.jpg",358,546,false],"large":["https:\/\/ajupe.com.uy\/web\/wp-content\/uploads\/2016\/04\/p-1694-6948.jpg",358,546,false],"1536x1536":["https:\/\/ajupe.com.uy\/web\/wp-content\/uploads\/2016\/04\/p-1694-6948.jpg",358,546,false],"2048x2048":["https:\/\/ajupe.com.uy\/web\/wp-content\/uploads\/2016\/04\/p-1694-6948.jpg",358,546,false],"woocommerce_archive_thumbnail":["https:\/\/ajupe.com.uy\/web\/wp-content\/uploads\/2016\/04\/p-1694-6948-300x450.jpg",300,450,true],"woocommerce_thumbnail":["https:\/\/ajupe.com.uy\/web\/wp-content\/uploads\/2016\/04\/p-1694-6948-300x300.jpg",300,300,true],"woocommerce_single":["https:\/\/ajupe.com.uy\/web\/wp-content\/uploads\/2016\/04\/p-1694-6948-300x458.jpg",300,458,true],"woocommerce_gallery_thumbnail":["https:\/\/ajupe.com.uy\/web\/wp-content\/uploads\/2016\/04\/p-1694-6948-100x100.jpg",100,100,true]},"post_excerpt_stackable_v2":"<p>Cambridge, Inglaterra, semanas previas al estallido de la Primera Guerra Mundial. Joseph Reavley recibe la visita inesperada de su hermano Matthew, quien le anuncia la fat\u00eddica muerte de su padre en un accidente de tr\u00e1fico. A su dolor se suma el desasosie<\/p>\n","category_list_v2":"","author_info_v2":{"name":"","url":""},"comments_num_v2":"0 comentarios","_links":{"self":[{"href":"https:\/\/ajupe.com.uy\/web\/wp-json\/wp\/v2\/product\/1694","targetHints":{"allow":["GET"]}}],"collection":[{"href":"https:\/\/ajupe.com.uy\/web\/wp-json\/wp\/v2\/product"}],"about":[{"href":"https:\/\/ajupe.com.uy\/web\/wp-json\/wp\/v2\/types\/product"}],"wp:featuredmedia":[{"embeddable":true,"href":"https:\/\/ajupe.com.uy\/web\/wp-json\/wp\/v2\/media\/1695"}],"wp:attachment":[{"href":"https:\/\/ajupe.com.uy\/web\/wp-json\/wp\/v2\/media?parent=1694"}],"wp:term":[{"taxonomy":"product_brand","embeddable":true,"href":"https:\/\/ajupe.com.uy\/web\/wp-json\/wp\/v2\/product_brand?post=1694"},{"taxonomy":"product_cat","embeddable":true,"href":"https:\/\/ajupe.com.uy\/web\/wp-json\/wp\/v2\/product_cat?post=1694"},{"taxonomy":"product_tag","embeddable":true,"href":"https:\/\/ajupe.com.uy\/web\/wp-json\/wp\/v2\/product_tag?post=1694"}],"curies":[{"name":"wp","href":"https:\/\/api.w.org\/{rel}","templated":true}]}}