{"id":1698,"date":"2010-07-14T00:00:00","date_gmt":"2010-07-14T03:00:00","guid":{"rendered":"http:\/\/ajupe.com.uy\/web\/?post_type=product&#038;p=1698"},"modified":"2010-07-14T00:00:00","modified_gmt":"2010-07-14T03:00:00","slug":"falsas-apariencias","status":"publish","type":"product","link":"https:\/\/ajupe.com.uy\/web\/biblioteca\/falsas-apariencias\/","title":{"rendered":"Falsas Apariencias"},"content":{"rendered":"<p>Shelly Trotter, una abogada especializada en la defensa de menores, acepta representar a un joven de diecisiete a\u00f1os acusado de asesinar a un polic\u00eda. Shelly tiene poca experiencia en juicios de este calibre, pero decide defender al procesado, Alex Baniewicz, porque duda de su culpabilidad. Sospecha que el crimen podr\u00eda encubrir toda una trama de corrupci\u00f3n en la que estar\u00edan implicados otros agentes. A medida que transcurre el juicio, y a pesar de que cada vez son m\u00e1s numerosas las pruebas que incumplan a su cliente, Shelly se reafirma en su lucha por salvarle de la pena de muerte. Su implicaci\u00f3n no s\u00f3lo es profesional, sino tambi\u00e9n personal, ya que la abogada cree que el caso podr\u00eda estar relacionado con un desagradable episodio de su pasado.<\/p>\n","protected":false},"excerpt":{"rendered":"<p>Shelly Trotter, una abogada especializada en la defensa de menores, acepta representar a un joven de diecisiete a\u00f1os acusado de asesinar a un polic\u00eda. Shelly tiene poca experiencia en juicios de este calibre, pero decide defender al procesado, Alex Baniew<\/p>\n","protected":false},"featured_media":1699,"template":"","meta":[],"product_brand":[478],"product_cat":[30],"product_tag":[],"class_list":{"0":"post-1698","1":"product","2":"type-product","3":"status-publish","4":"has-post-thumbnail","6":"product_brand-david-ellis","7":"product_cat-suspenso","9":"first","10":"instock","11":"purchasable","12":"product-type-simple"},"featured_image_urls_v2":{"full":["https:\/\/ajupe.com.uy\/web\/wp-content\/uploads\/2016\/04\/p-1698-6953.jpg",360,542,false],"thumbnail":["https:\/\/ajupe.com.uy\/web\/wp-content\/uploads\/2016\/04\/p-1698-6953.jpg",150,150,true],"medium":["https:\/\/ajupe.com.uy\/web\/wp-content\/uploads\/2016\/04\/p-1698-6953.jpg",300,214,true],"medium_large":["https:\/\/ajupe.com.uy\/web\/wp-content\/uploads\/2016\/04\/p-1698-6953.jpg",360,542,false],"large":["https:\/\/ajupe.com.uy\/web\/wp-content\/uploads\/2016\/04\/p-1698-6953.jpg",360,542,false],"1536x1536":["https:\/\/ajupe.com.uy\/web\/wp-content\/uploads\/2016\/04\/p-1698-6953.jpg",360,542,false],"2048x2048":["https:\/\/ajupe.com.uy\/web\/wp-content\/uploads\/2016\/04\/p-1698-6953.jpg",360,542,false],"woocommerce_archive_thumbnail":["https:\/\/ajupe.com.uy\/web\/wp-content\/uploads\/2016\/04\/p-1698-6953-300x450.jpg",300,450,true],"woocommerce_thumbnail":["https:\/\/ajupe.com.uy\/web\/wp-content\/uploads\/2016\/04\/p-1698-6953-300x300.jpg",300,300,true],"woocommerce_single":["https:\/\/ajupe.com.uy\/web\/wp-content\/uploads\/2016\/04\/p-1698-6953-300x452.jpg",300,452,true],"woocommerce_gallery_thumbnail":["https:\/\/ajupe.com.uy\/web\/wp-content\/uploads\/2016\/04\/p-1698-6953-100x100.jpg",100,100,true]},"post_excerpt_stackable_v2":"<p>Shelly Trotter, una abogada especializada en la defensa de menores, acepta representar a un joven de diecisiete a\u00f1os acusado de asesinar a un polic\u00eda. Shelly tiene poca experiencia en juicios de este calibre, pero decide defender al procesado, Alex Baniew<\/p>\n","category_list_v2":"","author_info_v2":{"name":"","url":""},"comments_num_v2":"0 comentarios","_links":{"self":[{"href":"https:\/\/ajupe.com.uy\/web\/wp-json\/wp\/v2\/product\/1698","targetHints":{"allow":["GET"]}}],"collection":[{"href":"https:\/\/ajupe.com.uy\/web\/wp-json\/wp\/v2\/product"}],"about":[{"href":"https:\/\/ajupe.com.uy\/web\/wp-json\/wp\/v2\/types\/product"}],"wp:featuredmedia":[{"embeddable":true,"href":"https:\/\/ajupe.com.uy\/web\/wp-json\/wp\/v2\/media\/1699"}],"wp:attachment":[{"href":"https:\/\/ajupe.com.uy\/web\/wp-json\/wp\/v2\/media?parent=1698"}],"wp:term":[{"taxonomy":"product_brand","embeddable":true,"href":"https:\/\/ajupe.com.uy\/web\/wp-json\/wp\/v2\/product_brand?post=1698"},{"taxonomy":"product_cat","embeddable":true,"href":"https:\/\/ajupe.com.uy\/web\/wp-json\/wp\/v2\/product_cat?post=1698"},{"taxonomy":"product_tag","embeddable":true,"href":"https:\/\/ajupe.com.uy\/web\/wp-json\/wp\/v2\/product_tag?post=1698"}],"curies":[{"name":"wp","href":"https:\/\/api.w.org\/{rel}","templated":true}]}}