{"id":1700,"date":"2010-07-14T00:00:00","date_gmt":"2010-07-14T03:00:00","guid":{"rendered":"http:\/\/ajupe.com.uy\/web\/?post_type=product&#038;p=1700"},"modified":"2011-09-19T21:47:48","modified_gmt":"2011-09-20T00:47:48","slug":"la-mujer-justa","status":"publish","type":"product","link":"https:\/\/ajupe.com.uy\/web\/biblioteca\/la-mujer-justa\/","title":{"rendered":"La Mujer Justa"},"content":{"rendered":"<p>Una tarde, en una elegante cafeter\u00eda de Budapest, una mujer relata a su amiga c\u00f3mo un d\u00eda, a ra\u00edz de un banal incidente, descubri\u00f3 que su marido estaba entregando en cuerpo y alma a un amor secreto que lo consum\u00eda, y luego su vano intento por reconquistarlo. En la misma ciudad, una noche, el hombre que fue su marido confiesa a un amigo c\u00f3mo dejo a su esposa por la mujer que deseaba desde a\u00f1os atr\u00e1s, para despu\u00e9s de casarse con ella perderla para siempre. Al alba, en una peque\u00f1a pensi\u00f3n romana, una mujer cuenta a su amante c\u00f3mo ella, de origen humilde, se hab\u00eda casado con un hombre rico, pero el matrimonio hab\u00eda sucumbido al resentimiento y la venganza.<\/p>\n","protected":false},"excerpt":{"rendered":"<p>Una tarde, en una elegante cafeter\u00eda de Budapest, una mujer relata a su amiga c\u00f3mo un d\u00eda, a ra\u00edz de un banal incidente, descubri\u00f3 que su marido estaba entregando en cuerpo y alma a un amor secreto que lo consum\u00eda, y luego su vano intento por reconquistar<\/p>\n","protected":false},"featured_media":1701,"template":"","meta":[],"product_brand":[397],"product_cat":[29],"product_tag":[],"class_list":{"0":"post-1700","1":"product","2":"type-product","3":"status-publish","4":"has-post-thumbnail","6":"product_brand-sandor-marai","7":"product_cat-novela","9":"first","10":"instock","11":"purchasable","12":"product-type-simple"},"featured_image_urls_v2":{"full":["https:\/\/ajupe.com.uy\/web\/wp-content\/uploads\/2016\/04\/p-1700-6955.jpg",360,570,false],"thumbnail":["https:\/\/ajupe.com.uy\/web\/wp-content\/uploads\/2016\/04\/p-1700-6955.jpg",150,150,true],"medium":["https:\/\/ajupe.com.uy\/web\/wp-content\/uploads\/2016\/04\/p-1700-6955.jpg",300,214,true],"medium_large":["https:\/\/ajupe.com.uy\/web\/wp-content\/uploads\/2016\/04\/p-1700-6955.jpg",360,570,false],"large":["https:\/\/ajupe.com.uy\/web\/wp-content\/uploads\/2016\/04\/p-1700-6955.jpg",360,570,false],"1536x1536":["https:\/\/ajupe.com.uy\/web\/wp-content\/uploads\/2016\/04\/p-1700-6955.jpg",360,570,false],"2048x2048":["https:\/\/ajupe.com.uy\/web\/wp-content\/uploads\/2016\/04\/p-1700-6955.jpg",360,570,false],"woocommerce_archive_thumbnail":["https:\/\/ajupe.com.uy\/web\/wp-content\/uploads\/2016\/04\/p-1700-6955-300x450.jpg",300,450,true],"woocommerce_thumbnail":["https:\/\/ajupe.com.uy\/web\/wp-content\/uploads\/2016\/04\/p-1700-6955-300x300.jpg",300,300,true],"woocommerce_single":["https:\/\/ajupe.com.uy\/web\/wp-content\/uploads\/2016\/04\/p-1700-6955-300x475.jpg",300,475,true],"woocommerce_gallery_thumbnail":["https:\/\/ajupe.com.uy\/web\/wp-content\/uploads\/2016\/04\/p-1700-6955-100x100.jpg",100,100,true]},"post_excerpt_stackable_v2":"<p>Una tarde, en una elegante cafeter\u00eda de Budapest, una mujer relata a su amiga c\u00f3mo un d\u00eda, a ra\u00edz de un banal incidente, descubri\u00f3 que su marido estaba entregando en cuerpo y alma a un amor secreto que lo consum\u00eda, y luego su vano intento por reconquistar<\/p>\n","category_list_v2":"","author_info_v2":{"name":"","url":""},"comments_num_v2":"0 comentarios","_links":{"self":[{"href":"https:\/\/ajupe.com.uy\/web\/wp-json\/wp\/v2\/product\/1700","targetHints":{"allow":["GET"]}}],"collection":[{"href":"https:\/\/ajupe.com.uy\/web\/wp-json\/wp\/v2\/product"}],"about":[{"href":"https:\/\/ajupe.com.uy\/web\/wp-json\/wp\/v2\/types\/product"}],"wp:featuredmedia":[{"embeddable":true,"href":"https:\/\/ajupe.com.uy\/web\/wp-json\/wp\/v2\/media\/1701"}],"wp:attachment":[{"href":"https:\/\/ajupe.com.uy\/web\/wp-json\/wp\/v2\/media?parent=1700"}],"wp:term":[{"taxonomy":"product_brand","embeddable":true,"href":"https:\/\/ajupe.com.uy\/web\/wp-json\/wp\/v2\/product_brand?post=1700"},{"taxonomy":"product_cat","embeddable":true,"href":"https:\/\/ajupe.com.uy\/web\/wp-json\/wp\/v2\/product_cat?post=1700"},{"taxonomy":"product_tag","embeddable":true,"href":"https:\/\/ajupe.com.uy\/web\/wp-json\/wp\/v2\/product_tag?post=1700"}],"curies":[{"name":"wp","href":"https:\/\/api.w.org\/{rel}","templated":true}]}}