{"id":1710,"date":"2010-07-14T00:00:00","date_gmt":"2010-07-14T03:00:00","guid":{"rendered":"http:\/\/ajupe.com.uy\/web\/?post_type=product&#038;p=1710"},"modified":"2010-07-14T00:00:00","modified_gmt":"2010-07-14T03:00:00","slug":"desde-las-cenizas","status":"publish","type":"product","link":"https:\/\/ajupe.com.uy\/web\/biblioteca\/desde-las-cenizas\/","title":{"rendered":"Desde las cenizas"},"content":{"rendered":"<p>Diana vive junto a su marido y sus hijos: sin embargo, la soledad y el aburrimiento la cortejan sin tregua. No es la \u00fanica: tambi\u00e9n su hermana y otros amigos atraviesan una crisis afectiva marcada por el tedio y el desamor. Un d\u00eda Diana ingresa, accidentalmente, en el correo electr\u00f3nico de un hombre al que no conoce pero con el que inicia un juego medi\u00e1tico, an\u00f3nimo y audaz, que les concede a ambos la cuota de seducci\u00f3n que les estaba faltando. Y as\u00ed, lo que empieza como una travesura deviene una necesidad: los mensajes son un remedio para Diana, una ilusi\u00f3n que le cubre los d\u00edas vac\u00edos y la llena de expectativas.<\/p>\n","protected":false},"excerpt":{"rendered":"<p>Diana vive junto a su marido y sus hijos: sin embargo, la soledad y el aburrimiento la cortejan sin tregua. No es la \u00fanica: tambi\u00e9n su hermana y otros amigos atraviesan una crisis afectiva marcada por el tedio y el desamor. Un d\u00eda Diana ingresa, accidenta<\/p>\n","protected":false},"featured_media":1711,"template":"","meta":[],"product_brand":[482],"product_cat":[29],"product_tag":[],"class_list":{"0":"post-1710","1":"product","2":"type-product","3":"status-publish","4":"has-post-thumbnail","6":"product_brand-claudia-amengual","7":"product_cat-novela","9":"first","10":"instock","11":"purchasable","12":"product-type-simple"},"featured_image_urls_v2":{"full":["https:\/\/ajupe.com.uy\/web\/wp-content\/uploads\/2016\/04\/p-1710-6961.jpg",358,574,false],"thumbnail":["https:\/\/ajupe.com.uy\/web\/wp-content\/uploads\/2016\/04\/p-1710-6961.jpg",150,150,true],"medium":["https:\/\/ajupe.com.uy\/web\/wp-content\/uploads\/2016\/04\/p-1710-6961.jpg",300,214,true],"medium_large":["https:\/\/ajupe.com.uy\/web\/wp-content\/uploads\/2016\/04\/p-1710-6961.jpg",358,574,false],"large":["https:\/\/ajupe.com.uy\/web\/wp-content\/uploads\/2016\/04\/p-1710-6961.jpg",358,574,false],"1536x1536":["https:\/\/ajupe.com.uy\/web\/wp-content\/uploads\/2016\/04\/p-1710-6961.jpg",358,574,false],"2048x2048":["https:\/\/ajupe.com.uy\/web\/wp-content\/uploads\/2016\/04\/p-1710-6961.jpg",358,574,false],"woocommerce_archive_thumbnail":["https:\/\/ajupe.com.uy\/web\/wp-content\/uploads\/2016\/04\/p-1710-6961-300x450.jpg",300,450,true],"woocommerce_thumbnail":["https:\/\/ajupe.com.uy\/web\/wp-content\/uploads\/2016\/04\/p-1710-6961-300x300.jpg",300,300,true],"woocommerce_single":["https:\/\/ajupe.com.uy\/web\/wp-content\/uploads\/2016\/04\/p-1710-6961-300x481.jpg",300,481,true],"woocommerce_gallery_thumbnail":["https:\/\/ajupe.com.uy\/web\/wp-content\/uploads\/2016\/04\/p-1710-6961-100x100.jpg",100,100,true]},"post_excerpt_stackable_v2":"<p>Diana vive junto a su marido y sus hijos: sin embargo, la soledad y el aburrimiento la cortejan sin tregua. No es la \u00fanica: tambi\u00e9n su hermana y otros amigos atraviesan una crisis afectiva marcada por el tedio y el desamor. Un d\u00eda Diana ingresa, accidenta<\/p>\n","category_list_v2":"","author_info_v2":{"name":"","url":""},"comments_num_v2":"0 comentarios","_links":{"self":[{"href":"https:\/\/ajupe.com.uy\/web\/wp-json\/wp\/v2\/product\/1710","targetHints":{"allow":["GET"]}}],"collection":[{"href":"https:\/\/ajupe.com.uy\/web\/wp-json\/wp\/v2\/product"}],"about":[{"href":"https:\/\/ajupe.com.uy\/web\/wp-json\/wp\/v2\/types\/product"}],"wp:featuredmedia":[{"embeddable":true,"href":"https:\/\/ajupe.com.uy\/web\/wp-json\/wp\/v2\/media\/1711"}],"wp:attachment":[{"href":"https:\/\/ajupe.com.uy\/web\/wp-json\/wp\/v2\/media?parent=1710"}],"wp:term":[{"taxonomy":"product_brand","embeddable":true,"href":"https:\/\/ajupe.com.uy\/web\/wp-json\/wp\/v2\/product_brand?post=1710"},{"taxonomy":"product_cat","embeddable":true,"href":"https:\/\/ajupe.com.uy\/web\/wp-json\/wp\/v2\/product_cat?post=1710"},{"taxonomy":"product_tag","embeddable":true,"href":"https:\/\/ajupe.com.uy\/web\/wp-json\/wp\/v2\/product_tag?post=1710"}],"curies":[{"name":"wp","href":"https:\/\/api.w.org\/{rel}","templated":true}]}}