{"id":1714,"date":"2010-07-14T00:00:00","date_gmt":"2010-07-14T03:00:00","guid":{"rendered":"http:\/\/ajupe.com.uy\/web\/?post_type=product&#038;p=1714"},"modified":"2010-07-14T00:00:00","modified_gmt":"2010-07-14T03:00:00","slug":"todo-el-amor","status":"publish","type":"product","link":"https:\/\/ajupe.com.uy\/web\/biblioteca\/todo-el-amor\/","title":{"rendered":"Todo el Amor"},"content":{"rendered":"<p>Siempre marcado, o pose\u00eddo, por el amor, Neruda alcanz\u00f3 una fama mete\u00f3rica, cuando s\u00f3lo era un jovencito, con sus Veinte poemas de amor, y una canci\u00f3n desesperada, en el que hay este verso sorprendente en un poeta tan: &quot;Es tan corto el amor, y es tan corto el olvido&quot;. Tras la apariencia pesimista de esta afirmaci\u00f3n, lo que Neruda dice es que su amor no se limita a una mujer, por que est\u00e1 inspirado por la mujer en s\u00ed, por el Eterno Femenino, que se multiplica en diversos cuerpos y en diversas almas, sin dejar de ser \u00e9l mismo. Esta mujer total es la que habita en Todo el amor, porque nunca dej\u00f3 de habitar en el coraz\u00f3n del poeta.<\/p>\n","protected":false},"excerpt":{"rendered":"<p>Siempre marcado, o pose\u00eddo, por el amor, Neruda alcanz\u00f3 una fama mete\u00f3rica, cuando s\u00f3lo era un jovencito, con sus Veinte poemas de amor, y una canci\u00f3n desesperada, en el que hay este verso sorprendente en un poeta tan: &quot;Es tan corto el amor, y es tan<\/p>\n","protected":false},"featured_media":1715,"template":"","meta":[],"product_brand":[483],"product_cat":[46],"product_tag":[],"class_list":{"0":"post-1714","1":"product","2":"type-product","3":"status-publish","4":"has-post-thumbnail","6":"product_brand-pablo-neruda","7":"product_cat-poesia","9":"first","10":"instock","11":"purchasable","12":"product-type-simple"},"featured_image_urls_v2":{"full":["https:\/\/ajupe.com.uy\/web\/wp-content\/uploads\/2016\/04\/p-1714-6964.jpg",360,586,false],"thumbnail":["https:\/\/ajupe.com.uy\/web\/wp-content\/uploads\/2016\/04\/p-1714-6964.jpg",150,150,true],"medium":["https:\/\/ajupe.com.uy\/web\/wp-content\/uploads\/2016\/04\/p-1714-6964.jpg",300,214,true],"medium_large":["https:\/\/ajupe.com.uy\/web\/wp-content\/uploads\/2016\/04\/p-1714-6964.jpg",360,586,false],"large":["https:\/\/ajupe.com.uy\/web\/wp-content\/uploads\/2016\/04\/p-1714-6964.jpg",360,586,false],"1536x1536":["https:\/\/ajupe.com.uy\/web\/wp-content\/uploads\/2016\/04\/p-1714-6964.jpg",360,586,false],"2048x2048":["https:\/\/ajupe.com.uy\/web\/wp-content\/uploads\/2016\/04\/p-1714-6964.jpg",360,586,false],"woocommerce_archive_thumbnail":["https:\/\/ajupe.com.uy\/web\/wp-content\/uploads\/2016\/04\/p-1714-6964-300x450.jpg",300,450,true],"woocommerce_thumbnail":["https:\/\/ajupe.com.uy\/web\/wp-content\/uploads\/2016\/04\/p-1714-6964-300x300.jpg",300,300,true],"woocommerce_single":["https:\/\/ajupe.com.uy\/web\/wp-content\/uploads\/2016\/04\/p-1714-6964-300x488.jpg",300,488,true],"woocommerce_gallery_thumbnail":["https:\/\/ajupe.com.uy\/web\/wp-content\/uploads\/2016\/04\/p-1714-6964-100x100.jpg",100,100,true]},"post_excerpt_stackable_v2":"<p>Siempre marcado, o pose\u00eddo, por el amor, Neruda alcanz\u00f3 una fama mete\u00f3rica, cuando s\u00f3lo era un jovencito, con sus Veinte poemas de amor, y una canci\u00f3n desesperada, en el que hay este verso sorprendente en un poeta tan: &quot;Es tan corto el amor, y es tan<\/p>\n","category_list_v2":"","author_info_v2":{"name":"","url":""},"comments_num_v2":"0 comentarios","_links":{"self":[{"href":"https:\/\/ajupe.com.uy\/web\/wp-json\/wp\/v2\/product\/1714","targetHints":{"allow":["GET"]}}],"collection":[{"href":"https:\/\/ajupe.com.uy\/web\/wp-json\/wp\/v2\/product"}],"about":[{"href":"https:\/\/ajupe.com.uy\/web\/wp-json\/wp\/v2\/types\/product"}],"wp:featuredmedia":[{"embeddable":true,"href":"https:\/\/ajupe.com.uy\/web\/wp-json\/wp\/v2\/media\/1715"}],"wp:attachment":[{"href":"https:\/\/ajupe.com.uy\/web\/wp-json\/wp\/v2\/media?parent=1714"}],"wp:term":[{"taxonomy":"product_brand","embeddable":true,"href":"https:\/\/ajupe.com.uy\/web\/wp-json\/wp\/v2\/product_brand?post=1714"},{"taxonomy":"product_cat","embeddable":true,"href":"https:\/\/ajupe.com.uy\/web\/wp-json\/wp\/v2\/product_cat?post=1714"},{"taxonomy":"product_tag","embeddable":true,"href":"https:\/\/ajupe.com.uy\/web\/wp-json\/wp\/v2\/product_tag?post=1714"}],"curies":[{"name":"wp","href":"https:\/\/api.w.org\/{rel}","templated":true}]}}