{"id":1716,"date":"2010-07-14T00:00:00","date_gmt":"2010-07-14T03:00:00","guid":{"rendered":"http:\/\/ajupe.com.uy\/web\/?post_type=product&#038;p=1716"},"modified":"2010-07-14T00:00:00","modified_gmt":"2010-07-14T03:00:00","slug":"el-anatomista-2","status":"publish","type":"product","link":"https:\/\/ajupe.com.uy\/web\/biblioteca\/el-anatomista-2\/","title":{"rendered":"El Anatomista"},"content":{"rendered":"<p>Este joven escritor ha sido una de las m\u00e1s sorprendentes y reconfortantes revelaciones de los \u00faltimos a\u00f1os, pues nos demuestra que la invenci\u00f3n po\u00e9tica no ha muerto, que las nuevas generaciones de novelistas tambi\u00e9n saben, todav\u00eda, congeniar la imaginaci\u00f3n con el rigor. En este libro Andahazi no emplea su indudable fantas\u00eda para escribir una novela fant\u00e1stica, sino para recrear un momento del siglo XVI en Italia. Su protagonista, el anatomista Mateo Col\u00f3n, descubre, en el cuerpo de la mujer, el centro secreto donde reside el Amor. Descubre menos importante, quiz\u00e1, pero mucho m\u00e1s turbador que el de su famoso hom\u00f3nimo.<\/p>\n","protected":false},"excerpt":{"rendered":"<p>Este joven escritor ha sido una de las m\u00e1s sorprendentes y reconfortantes revelaciones de los \u00faltimos a\u00f1os, pues nos demuestra que la invenci\u00f3n po\u00e9tica no ha muerto, que las nuevas generaciones de novelistas tambi\u00e9n saben, todav\u00eda, congeniar la imaginaci\u00f3<\/p>\n","protected":false},"featured_media":1717,"template":"","meta":[],"product_brand":[128],"product_cat":[29],"product_tag":[],"class_list":{"0":"post-1716","1":"product","2":"type-product","3":"status-publish","4":"has-post-thumbnail","6":"product_brand-federico-andahazi","7":"product_cat-novela","9":"first","10":"instock","11":"purchasable","12":"product-type-simple"},"featured_image_urls_v2":{"full":["https:\/\/ajupe.com.uy\/web\/wp-content\/uploads\/2016\/04\/p-1716-6965.jpg",360,586,false],"thumbnail":["https:\/\/ajupe.com.uy\/web\/wp-content\/uploads\/2016\/04\/p-1716-6965.jpg",150,150,true],"medium":["https:\/\/ajupe.com.uy\/web\/wp-content\/uploads\/2016\/04\/p-1716-6965.jpg",300,214,true],"medium_large":["https:\/\/ajupe.com.uy\/web\/wp-content\/uploads\/2016\/04\/p-1716-6965.jpg",360,586,false],"large":["https:\/\/ajupe.com.uy\/web\/wp-content\/uploads\/2016\/04\/p-1716-6965.jpg",360,586,false],"1536x1536":["https:\/\/ajupe.com.uy\/web\/wp-content\/uploads\/2016\/04\/p-1716-6965.jpg",360,586,false],"2048x2048":["https:\/\/ajupe.com.uy\/web\/wp-content\/uploads\/2016\/04\/p-1716-6965.jpg",360,586,false],"woocommerce_archive_thumbnail":["https:\/\/ajupe.com.uy\/web\/wp-content\/uploads\/2016\/04\/p-1716-6965-300x450.jpg",300,450,true],"woocommerce_thumbnail":["https:\/\/ajupe.com.uy\/web\/wp-content\/uploads\/2016\/04\/p-1716-6965-300x300.jpg",300,300,true],"woocommerce_single":["https:\/\/ajupe.com.uy\/web\/wp-content\/uploads\/2016\/04\/p-1716-6965-300x488.jpg",300,488,true],"woocommerce_gallery_thumbnail":["https:\/\/ajupe.com.uy\/web\/wp-content\/uploads\/2016\/04\/p-1716-6965-100x100.jpg",100,100,true]},"post_excerpt_stackable_v2":"<p>Este joven escritor ha sido una de las m\u00e1s sorprendentes y reconfortantes revelaciones de los \u00faltimos a\u00f1os, pues nos demuestra que la invenci\u00f3n po\u00e9tica no ha muerto, que las nuevas generaciones de novelistas tambi\u00e9n saben, todav\u00eda, congeniar la imaginaci\u00f3<\/p>\n","category_list_v2":"","author_info_v2":{"name":"","url":""},"comments_num_v2":"0 comentarios","_links":{"self":[{"href":"https:\/\/ajupe.com.uy\/web\/wp-json\/wp\/v2\/product\/1716","targetHints":{"allow":["GET"]}}],"collection":[{"href":"https:\/\/ajupe.com.uy\/web\/wp-json\/wp\/v2\/product"}],"about":[{"href":"https:\/\/ajupe.com.uy\/web\/wp-json\/wp\/v2\/types\/product"}],"wp:featuredmedia":[{"embeddable":true,"href":"https:\/\/ajupe.com.uy\/web\/wp-json\/wp\/v2\/media\/1717"}],"wp:attachment":[{"href":"https:\/\/ajupe.com.uy\/web\/wp-json\/wp\/v2\/media?parent=1716"}],"wp:term":[{"taxonomy":"product_brand","embeddable":true,"href":"https:\/\/ajupe.com.uy\/web\/wp-json\/wp\/v2\/product_brand?post=1716"},{"taxonomy":"product_cat","embeddable":true,"href":"https:\/\/ajupe.com.uy\/web\/wp-json\/wp\/v2\/product_cat?post=1716"},{"taxonomy":"product_tag","embeddable":true,"href":"https:\/\/ajupe.com.uy\/web\/wp-json\/wp\/v2\/product_tag?post=1716"}],"curies":[{"name":"wp","href":"https:\/\/api.w.org\/{rel}","templated":true}]}}