{"id":1718,"date":"2010-07-14T00:00:00","date_gmt":"2010-07-14T03:00:00","guid":{"rendered":"http:\/\/ajupe.com.uy\/web\/?post_type=product&#038;p=1718"},"modified":"2010-07-14T00:00:00","modified_gmt":"2010-07-14T03:00:00","slug":"diario-de-la-guerra-del-cerdo","status":"publish","type":"product","link":"https:\/\/ajupe.com.uy\/web\/biblioteca\/diario-de-la-guerra-del-cerdo\/","title":{"rendered":"Diario de la guerra del cerdo"},"content":{"rendered":"<p>Hay algunos grandes escritores, muy pocos, que revelan poseer, adem\u00e1s de talento creador, un esp\u00edritu generoso e indulgente &#8211; el ejemplo m\u00e1s notorio es Cervantes &#8211; , que si no aumenta el valor literario de sus obras, las envuelve en una cordial luminosidad. Este es el caso de Bioy Caseres, excepcional narrador, que contempla la realidad, sin excluir la m\u00e1s s\u00f3rdida, con una superior, espiritual iron\u00eda. Iron\u00eda que en esta divertida y maravillosamente triste obra maestra puede ser objetiva y po\u00e9ticamente implacable, sin necesidad de ser agresiva ni cruel, y en la que su protagonista, extraordinario hombre com\u00fan, todo lo ve a la luz ag\u00f3nica de un crep\u00fasculo vespertino.<\/p>\n","protected":false},"excerpt":{"rendered":"<p>Hay algunos grandes escritores, muy pocos, que revelan poseer, adem\u00e1s de talento creador, un esp\u00edritu generoso e indulgente &#8211; el ejemplo m\u00e1s notorio es Cervantes &#8211; , que si no aumenta el valor literario de sus obras, las envuelve en una cordial luminosida<\/p>\n","protected":false},"featured_media":1719,"template":"","meta":[],"product_brand":[484],"product_cat":[29],"product_tag":[],"class_list":{"0":"post-1718","1":"product","2":"type-product","3":"status-publish","4":"has-post-thumbnail","6":"product_brand-adolfo-bioy-casares","7":"product_cat-novela","9":"first","10":"instock","11":"purchasable","12":"product-type-simple"},"featured_image_urls_v2":{"full":["https:\/\/ajupe.com.uy\/web\/wp-content\/uploads\/2016\/04\/p-1718-6966.jpg",360,586,false],"thumbnail":["https:\/\/ajupe.com.uy\/web\/wp-content\/uploads\/2016\/04\/p-1718-6966.jpg",150,150,true],"medium":["https:\/\/ajupe.com.uy\/web\/wp-content\/uploads\/2016\/04\/p-1718-6966.jpg",300,214,true],"medium_large":["https:\/\/ajupe.com.uy\/web\/wp-content\/uploads\/2016\/04\/p-1718-6966.jpg",360,586,false],"large":["https:\/\/ajupe.com.uy\/web\/wp-content\/uploads\/2016\/04\/p-1718-6966.jpg",360,586,false],"1536x1536":["https:\/\/ajupe.com.uy\/web\/wp-content\/uploads\/2016\/04\/p-1718-6966.jpg",360,586,false],"2048x2048":["https:\/\/ajupe.com.uy\/web\/wp-content\/uploads\/2016\/04\/p-1718-6966.jpg",360,586,false],"woocommerce_archive_thumbnail":["https:\/\/ajupe.com.uy\/web\/wp-content\/uploads\/2016\/04\/p-1718-6966-300x450.jpg",300,450,true],"woocommerce_thumbnail":["https:\/\/ajupe.com.uy\/web\/wp-content\/uploads\/2016\/04\/p-1718-6966-300x300.jpg",300,300,true],"woocommerce_single":["https:\/\/ajupe.com.uy\/web\/wp-content\/uploads\/2016\/04\/p-1718-6966-300x488.jpg",300,488,true],"woocommerce_gallery_thumbnail":["https:\/\/ajupe.com.uy\/web\/wp-content\/uploads\/2016\/04\/p-1718-6966-100x100.jpg",100,100,true]},"post_excerpt_stackable_v2":"<p>Hay algunos grandes escritores, muy pocos, que revelan poseer, adem\u00e1s de talento creador, un esp\u00edritu generoso e indulgente &#8211; el ejemplo m\u00e1s notorio es Cervantes &#8211; , que si no aumenta el valor literario de sus obras, las envuelve en una cordial luminosida<\/p>\n","category_list_v2":"","author_info_v2":{"name":"","url":""},"comments_num_v2":"0 comentarios","_links":{"self":[{"href":"https:\/\/ajupe.com.uy\/web\/wp-json\/wp\/v2\/product\/1718","targetHints":{"allow":["GET"]}}],"collection":[{"href":"https:\/\/ajupe.com.uy\/web\/wp-json\/wp\/v2\/product"}],"about":[{"href":"https:\/\/ajupe.com.uy\/web\/wp-json\/wp\/v2\/types\/product"}],"wp:featuredmedia":[{"embeddable":true,"href":"https:\/\/ajupe.com.uy\/web\/wp-json\/wp\/v2\/media\/1719"}],"wp:attachment":[{"href":"https:\/\/ajupe.com.uy\/web\/wp-json\/wp\/v2\/media?parent=1718"}],"wp:term":[{"taxonomy":"product_brand","embeddable":true,"href":"https:\/\/ajupe.com.uy\/web\/wp-json\/wp\/v2\/product_brand?post=1718"},{"taxonomy":"product_cat","embeddable":true,"href":"https:\/\/ajupe.com.uy\/web\/wp-json\/wp\/v2\/product_cat?post=1718"},{"taxonomy":"product_tag","embeddable":true,"href":"https:\/\/ajupe.com.uy\/web\/wp-json\/wp\/v2\/product_tag?post=1718"}],"curies":[{"name":"wp","href":"https:\/\/api.w.org\/{rel}","templated":true}]}}