{"id":1722,"date":"2010-07-14T00:00:00","date_gmt":"2010-07-14T03:00:00","guid":{"rendered":"http:\/\/ajupe.com.uy\/web\/?post_type=product&#038;p=1722"},"modified":"2010-07-14T00:00:00","modified_gmt":"2010-07-14T03:00:00","slug":"nosotras-que-nos-queremos-tanto-2","status":"publish","type":"product","link":"https:\/\/ajupe.com.uy\/web\/biblioteca\/nosotras-que-nos-queremos-tanto-2\/","title":{"rendered":"Nosotras que nos queremos tanto"},"content":{"rendered":"<p>La lengua espa\u00f1ola cuenta, tanto en Espa\u00f1a como, sobre todo, en Am\u00e9rica, con un buen n\u00famero de mujeres novelistas de innegable talento. Entre ellas ocupa un lugar destacado Marcela Serrano, qui\u00e9n ha declarado &quot;El d\u00eda en que el hombre se apoder\u00f3 del lenguaje se apoder\u00f3 de la historia y de la vida. Al hacerlo nos silenci\u00f3. Yo dir\u00eda que la gran revoluci\u00f3n de este siglo es que las mujeres recuperen la voz &quot; En este libro, que recibi\u00f3 el premio a la mejor novela latinoamericana escrita por una mujer, cuatro voces femeninas, a inteligente distancia de los hombres, hablan de la vida, del amor y el desamor, de la muerte de los sue\u00f1os.<\/p>\n","protected":false},"excerpt":{"rendered":"<p>La lengua espa\u00f1ola cuenta, tanto en Espa\u00f1a como, sobre todo, en Am\u00e9rica, con un buen n\u00famero de mujeres novelistas de innegable talento. Entre ellas ocupa un lugar destacado Marcela Serrano, qui\u00e9n ha declarado &quot;El d\u00eda en que el hombre se apoder\u00f3 del l<\/p>\n","protected":false},"featured_media":1723,"template":"","meta":[],"product_brand":[68],"product_cat":[29],"product_tag":[],"class_list":{"0":"post-1722","1":"product","2":"type-product","3":"status-publish","4":"has-post-thumbnail","6":"product_brand-marcela-serrano","7":"product_cat-novela","9":"first","10":"instock","11":"purchasable","12":"product-type-simple"},"featured_image_urls_v2":{"full":["https:\/\/ajupe.com.uy\/web\/wp-content\/uploads\/2016\/04\/p-1722-6968.jpg",360,586,false],"thumbnail":["https:\/\/ajupe.com.uy\/web\/wp-content\/uploads\/2016\/04\/p-1722-6968.jpg",150,150,true],"medium":["https:\/\/ajupe.com.uy\/web\/wp-content\/uploads\/2016\/04\/p-1722-6968.jpg",300,214,true],"medium_large":["https:\/\/ajupe.com.uy\/web\/wp-content\/uploads\/2016\/04\/p-1722-6968.jpg",360,586,false],"large":["https:\/\/ajupe.com.uy\/web\/wp-content\/uploads\/2016\/04\/p-1722-6968.jpg",360,586,false],"1536x1536":["https:\/\/ajupe.com.uy\/web\/wp-content\/uploads\/2016\/04\/p-1722-6968.jpg",360,586,false],"2048x2048":["https:\/\/ajupe.com.uy\/web\/wp-content\/uploads\/2016\/04\/p-1722-6968.jpg",360,586,false],"woocommerce_archive_thumbnail":["https:\/\/ajupe.com.uy\/web\/wp-content\/uploads\/2016\/04\/p-1722-6968-300x450.jpg",300,450,true],"woocommerce_thumbnail":["https:\/\/ajupe.com.uy\/web\/wp-content\/uploads\/2016\/04\/p-1722-6968-300x300.jpg",300,300,true],"woocommerce_single":["https:\/\/ajupe.com.uy\/web\/wp-content\/uploads\/2016\/04\/p-1722-6968-300x488.jpg",300,488,true],"woocommerce_gallery_thumbnail":["https:\/\/ajupe.com.uy\/web\/wp-content\/uploads\/2016\/04\/p-1722-6968-100x100.jpg",100,100,true]},"post_excerpt_stackable_v2":"<p>La lengua espa\u00f1ola cuenta, tanto en Espa\u00f1a como, sobre todo, en Am\u00e9rica, con un buen n\u00famero de mujeres novelistas de innegable talento. Entre ellas ocupa un lugar destacado Marcela Serrano, qui\u00e9n ha declarado &quot;El d\u00eda en que el hombre se apoder\u00f3 del l<\/p>\n","category_list_v2":"","author_info_v2":{"name":"","url":""},"comments_num_v2":"0 comentarios","_links":{"self":[{"href":"https:\/\/ajupe.com.uy\/web\/wp-json\/wp\/v2\/product\/1722","targetHints":{"allow":["GET"]}}],"collection":[{"href":"https:\/\/ajupe.com.uy\/web\/wp-json\/wp\/v2\/product"}],"about":[{"href":"https:\/\/ajupe.com.uy\/web\/wp-json\/wp\/v2\/types\/product"}],"wp:featuredmedia":[{"embeddable":true,"href":"https:\/\/ajupe.com.uy\/web\/wp-json\/wp\/v2\/media\/1723"}],"wp:attachment":[{"href":"https:\/\/ajupe.com.uy\/web\/wp-json\/wp\/v2\/media?parent=1722"}],"wp:term":[{"taxonomy":"product_brand","embeddable":true,"href":"https:\/\/ajupe.com.uy\/web\/wp-json\/wp\/v2\/product_brand?post=1722"},{"taxonomy":"product_cat","embeddable":true,"href":"https:\/\/ajupe.com.uy\/web\/wp-json\/wp\/v2\/product_cat?post=1722"},{"taxonomy":"product_tag","embeddable":true,"href":"https:\/\/ajupe.com.uy\/web\/wp-json\/wp\/v2\/product_tag?post=1722"}],"curies":[{"name":"wp","href":"https:\/\/api.w.org\/{rel}","templated":true}]}}