{"id":1728,"date":"2010-07-14T00:00:00","date_gmt":"2010-07-14T03:00:00","guid":{"rendered":"http:\/\/ajupe.com.uy\/web\/?post_type=product&#038;p=1728"},"modified":"2010-07-14T00:00:00","modified_gmt":"2010-07-14T03:00:00","slug":"la-decima-revelacion","status":"publish","type":"product","link":"https:\/\/ajupe.com.uy\/web\/biblioteca\/la-decima-revelacion\/","title":{"rendered":"La D\u00e9cima Revelaci\u00f3n"},"content":{"rendered":"<p>En esta emocionante segunda parte, Charlene desaparece de repente mientras explora un viejo bosque en las monta\u00f1as Apalach, en Estados Unidos. All\u00ed, en el exuberante marco de \u00e1rboles enormes, r\u00edos rodeados de montes y majestuosas cascadas, el lector empezar\u00e1 su aventura en busca de la D\u00e9cima Revelaci\u00f3n. Este viaje abrir\u00e1 la puerta a otras dimensiones, a recuerdos de experiencias pasadas y otros siglos, al momento anterior a nuestra concepci\u00f3n y a nuestra visi\u00f3n del nacimiento, el pasaje de la muerte y la revisi\u00f3n de vida que todos debemos enfrentar&#8230;. a la dimensi\u00f3n llena de amor de la Otra Vida, donde est\u00e1 guardado el conocimiento del destino humano.<\/p>\n","protected":false},"excerpt":{"rendered":"<p>En esta emocionante segunda parte, Charlene desaparece de repente mientras explora un viejo bosque en las monta\u00f1as Apalach, en Estados Unidos. All\u00ed, en el exuberante marco de \u00e1rboles enormes, r\u00edos rodeados de montes y majestuosas cascadas, el lector empez<\/p>\n","protected":false},"featured_media":1729,"template":"","meta":[],"product_brand":[57],"product_cat":[32],"product_tag":[],"class_list":{"0":"post-1728","1":"product","2":"type-product","3":"status-publish","4":"has-post-thumbnail","6":"product_brand-james-redfield","7":"product_cat-autoayuda","9":"first","10":"instock","11":"purchasable","12":"product-type-simple"},"featured_image_urls_v2":{"full":["https:\/\/ajupe.com.uy\/web\/wp-content\/uploads\/2016\/04\/p-1728-6972.jpg",359,539,false],"thumbnail":["https:\/\/ajupe.com.uy\/web\/wp-content\/uploads\/2016\/04\/p-1728-6972.jpg",150,150,true],"medium":["https:\/\/ajupe.com.uy\/web\/wp-content\/uploads\/2016\/04\/p-1728-6972.jpg",300,214,true],"medium_large":["https:\/\/ajupe.com.uy\/web\/wp-content\/uploads\/2016\/04\/p-1728-6972.jpg",359,539,false],"large":["https:\/\/ajupe.com.uy\/web\/wp-content\/uploads\/2016\/04\/p-1728-6972.jpg",359,539,false],"1536x1536":["https:\/\/ajupe.com.uy\/web\/wp-content\/uploads\/2016\/04\/p-1728-6972.jpg",359,539,false],"2048x2048":["https:\/\/ajupe.com.uy\/web\/wp-content\/uploads\/2016\/04\/p-1728-6972.jpg",359,539,false],"woocommerce_archive_thumbnail":["https:\/\/ajupe.com.uy\/web\/wp-content\/uploads\/2016\/04\/p-1728-6972-300x450.jpg",300,450,true],"woocommerce_thumbnail":["https:\/\/ajupe.com.uy\/web\/wp-content\/uploads\/2016\/04\/p-1728-6972-300x300.jpg",300,300,true],"woocommerce_single":["https:\/\/ajupe.com.uy\/web\/wp-content\/uploads\/2016\/04\/p-1728-6972-300x450.jpg",300,450,true],"woocommerce_gallery_thumbnail":["https:\/\/ajupe.com.uy\/web\/wp-content\/uploads\/2016\/04\/p-1728-6972-100x100.jpg",100,100,true]},"post_excerpt_stackable_v2":"<p>En esta emocionante segunda parte, Charlene desaparece de repente mientras explora un viejo bosque en las monta\u00f1as Apalach, en Estados Unidos. All\u00ed, en el exuberante marco de \u00e1rboles enormes, r\u00edos rodeados de montes y majestuosas cascadas, el lector empez<\/p>\n","category_list_v2":"","author_info_v2":{"name":"","url":""},"comments_num_v2":"0 comentarios","_links":{"self":[{"href":"https:\/\/ajupe.com.uy\/web\/wp-json\/wp\/v2\/product\/1728","targetHints":{"allow":["GET"]}}],"collection":[{"href":"https:\/\/ajupe.com.uy\/web\/wp-json\/wp\/v2\/product"}],"about":[{"href":"https:\/\/ajupe.com.uy\/web\/wp-json\/wp\/v2\/types\/product"}],"wp:featuredmedia":[{"embeddable":true,"href":"https:\/\/ajupe.com.uy\/web\/wp-json\/wp\/v2\/media\/1729"}],"wp:attachment":[{"href":"https:\/\/ajupe.com.uy\/web\/wp-json\/wp\/v2\/media?parent=1728"}],"wp:term":[{"taxonomy":"product_brand","embeddable":true,"href":"https:\/\/ajupe.com.uy\/web\/wp-json\/wp\/v2\/product_brand?post=1728"},{"taxonomy":"product_cat","embeddable":true,"href":"https:\/\/ajupe.com.uy\/web\/wp-json\/wp\/v2\/product_cat?post=1728"},{"taxonomy":"product_tag","embeddable":true,"href":"https:\/\/ajupe.com.uy\/web\/wp-json\/wp\/v2\/product_tag?post=1728"}],"curies":[{"name":"wp","href":"https:\/\/api.w.org\/{rel}","templated":true}]}}