{"id":1734,"date":"2010-07-14T00:00:00","date_gmt":"2010-07-14T03:00:00","guid":{"rendered":"http:\/\/ajupe.com.uy\/web\/?post_type=product&#038;p=1734"},"modified":"2010-07-14T00:00:00","modified_gmt":"2010-07-14T03:00:00","slug":"verdades-ocultas","status":"publish","type":"product","link":"https:\/\/ajupe.com.uy\/web\/biblioteca\/verdades-ocultas\/","title":{"rendered":"Verdades Ocultas"},"content":{"rendered":"<p>A los ojos de todo el mundo, los Ferguson parecen la pareja perfecta, con dos hijos apuestos, una casa espectacular en una zona exclusiva de Connecticut y un grupo de buenos amigos. Sin embargo Lynn, madre y esposa devota, no ha logrado nunca desentra\u00f1ar el pasado de su marido: su fallido primer matrimonio y el hijo del que nunca habla. En alg\u00fan lugar se esconde la clave para atender la violencia que est\u00e1 destruyendo a la familia. Los amigos m\u00e1s \u00edntimos murmuran. Pero Lynn no se atreve a admitir en p\u00fablico lo que realmente sucede dentro de su casa.<\/p>\n","protected":false},"excerpt":{"rendered":"<p>A los ojos de todo el mundo, los Ferguson parecen la pareja perfecta, con dos hijos apuestos, una casa espectacular en una zona exclusiva de Connecticut y un grupo de buenos amigos. Sin embargo Lynn, madre y esposa devota, no ha logrado nunca desentra\u00f1ar <\/p>\n","protected":false},"featured_media":1735,"template":"","meta":[],"product_brand":[181],"product_cat":[29],"product_tag":[],"class_list":{"0":"post-1734","1":"product","2":"type-product","3":"status-publish","4":"has-post-thumbnail","6":"product_brand-belva-plain","7":"product_cat-novela","9":"first","10":"instock","11":"purchasable","12":"product-type-simple"},"featured_image_urls_v2":{"full":["https:\/\/ajupe.com.uy\/web\/wp-content\/uploads\/2016\/04\/p-1734-6976.jpg",340,522,false],"thumbnail":["https:\/\/ajupe.com.uy\/web\/wp-content\/uploads\/2016\/04\/p-1734-6976.jpg",150,150,true],"medium":["https:\/\/ajupe.com.uy\/web\/wp-content\/uploads\/2016\/04\/p-1734-6976.jpg",300,214,true],"medium_large":["https:\/\/ajupe.com.uy\/web\/wp-content\/uploads\/2016\/04\/p-1734-6976.jpg",340,522,false],"large":["https:\/\/ajupe.com.uy\/web\/wp-content\/uploads\/2016\/04\/p-1734-6976.jpg",340,522,false],"1536x1536":["https:\/\/ajupe.com.uy\/web\/wp-content\/uploads\/2016\/04\/p-1734-6976.jpg",340,522,false],"2048x2048":["https:\/\/ajupe.com.uy\/web\/wp-content\/uploads\/2016\/04\/p-1734-6976.jpg",340,522,false],"woocommerce_archive_thumbnail":["https:\/\/ajupe.com.uy\/web\/wp-content\/uploads\/2016\/04\/p-1734-6976-300x450.jpg",300,450,true],"woocommerce_thumbnail":["https:\/\/ajupe.com.uy\/web\/wp-content\/uploads\/2016\/04\/p-1734-6976-300x300.jpg",300,300,true],"woocommerce_single":["https:\/\/ajupe.com.uy\/web\/wp-content\/uploads\/2016\/04\/p-1734-6976-300x461.jpg",300,461,true],"woocommerce_gallery_thumbnail":["https:\/\/ajupe.com.uy\/web\/wp-content\/uploads\/2016\/04\/p-1734-6976-100x100.jpg",100,100,true]},"post_excerpt_stackable_v2":"<p>A los ojos de todo el mundo, los Ferguson parecen la pareja perfecta, con dos hijos apuestos, una casa espectacular en una zona exclusiva de Connecticut y un grupo de buenos amigos. Sin embargo Lynn, madre y esposa devota, no ha logrado nunca desentra\u00f1ar <\/p>\n","category_list_v2":"","author_info_v2":{"name":"","url":""},"comments_num_v2":"0 comentarios","_links":{"self":[{"href":"https:\/\/ajupe.com.uy\/web\/wp-json\/wp\/v2\/product\/1734","targetHints":{"allow":["GET"]}}],"collection":[{"href":"https:\/\/ajupe.com.uy\/web\/wp-json\/wp\/v2\/product"}],"about":[{"href":"https:\/\/ajupe.com.uy\/web\/wp-json\/wp\/v2\/types\/product"}],"wp:featuredmedia":[{"embeddable":true,"href":"https:\/\/ajupe.com.uy\/web\/wp-json\/wp\/v2\/media\/1735"}],"wp:attachment":[{"href":"https:\/\/ajupe.com.uy\/web\/wp-json\/wp\/v2\/media?parent=1734"}],"wp:term":[{"taxonomy":"product_brand","embeddable":true,"href":"https:\/\/ajupe.com.uy\/web\/wp-json\/wp\/v2\/product_brand?post=1734"},{"taxonomy":"product_cat","embeddable":true,"href":"https:\/\/ajupe.com.uy\/web\/wp-json\/wp\/v2\/product_cat?post=1734"},{"taxonomy":"product_tag","embeddable":true,"href":"https:\/\/ajupe.com.uy\/web\/wp-json\/wp\/v2\/product_tag?post=1734"}],"curies":[{"name":"wp","href":"https:\/\/api.w.org\/{rel}","templated":true}]}}