{"id":1742,"date":"2010-07-14T00:00:00","date_gmt":"2010-07-14T03:00:00","guid":{"rendered":"http:\/\/ajupe.com.uy\/web\/?post_type=product&#038;p=1742"},"modified":"2011-09-16T18:34:01","modified_gmt":"2011-09-16T21:34:01","slug":"orientales-de-los-origenes-a-1865","status":"publish","type":"product","link":"https:\/\/ajupe.com.uy\/web\/biblioteca\/orientales-de-los-origenes-a-1865\/","title":{"rendered":"Orientales (De los origenes a 1865)"},"content":{"rendered":"<p>Para devolver a los ciudadanos, ilustres y oscuros, orientales de nacimiento o por opci\u00f3n vital, de todos los extremos del prisma ideol\u00f3gico y de todas las opciones pol\u00edticas, con todas las virtudes y sus limitaciones a cuesta, el sitial que les corresponde como agonistas del arduo proceso de construir una naci\u00f3n. El c\u00famulo de paciones, ideales, voluntades, intereses, ego\u00edsmos y sacrificios que los animaron constituyen el meollo de la existencia humana y, qui\u00e9rase o no, forjar diariamente la historia. Para cerrar el ciclo historico con un estudio de los \u00faltimos a\u00f1os los de la dictadura y la recuperaci\u00f3n democr\u00e1tica.<\/p>\n","protected":false},"excerpt":{"rendered":"<p>Para devolver a los ciudadanos, ilustres y oscuros, orientales de nacimiento o por opci\u00f3n vital, de todos los extremos del prisma ideol\u00f3gico y de todas las opciones pol\u00edticas, con todas las virtudes y sus limitaciones a cuesta, el sitial que les correspon<\/p>\n","protected":false},"featured_media":1743,"template":"","meta":[],"product_brand":[489],"product_cat":[31,45],"product_tag":[],"class_list":{"0":"post-1742","1":"product","2":"type-product","3":"status-publish","4":"has-post-thumbnail","6":"product_brand-lincoln-r-maiztegui-casas","7":"product_cat-historico","8":"product_cat-uruguayo","10":"first","11":"instock","12":"purchasable","13":"product-type-simple"},"featured_image_urls_v2":{"full":["https:\/\/ajupe.com.uy\/web\/wp-content\/uploads\/2016\/04\/p-1742-6981.jpg",359,529,false],"thumbnail":["https:\/\/ajupe.com.uy\/web\/wp-content\/uploads\/2016\/04\/p-1742-6981.jpg",150,150,true],"medium":["https:\/\/ajupe.com.uy\/web\/wp-content\/uploads\/2016\/04\/p-1742-6981.jpg",300,214,true],"medium_large":["https:\/\/ajupe.com.uy\/web\/wp-content\/uploads\/2016\/04\/p-1742-6981.jpg",359,529,false],"large":["https:\/\/ajupe.com.uy\/web\/wp-content\/uploads\/2016\/04\/p-1742-6981.jpg",359,529,false],"1536x1536":["https:\/\/ajupe.com.uy\/web\/wp-content\/uploads\/2016\/04\/p-1742-6981.jpg",359,529,false],"2048x2048":["https:\/\/ajupe.com.uy\/web\/wp-content\/uploads\/2016\/04\/p-1742-6981.jpg",359,529,false],"woocommerce_archive_thumbnail":["https:\/\/ajupe.com.uy\/web\/wp-content\/uploads\/2016\/04\/p-1742-6981-300x450.jpg",300,450,true],"woocommerce_thumbnail":["https:\/\/ajupe.com.uy\/web\/wp-content\/uploads\/2016\/04\/p-1742-6981-300x300.jpg",300,300,true],"woocommerce_single":["https:\/\/ajupe.com.uy\/web\/wp-content\/uploads\/2016\/04\/p-1742-6981-300x442.jpg",300,442,true],"woocommerce_gallery_thumbnail":["https:\/\/ajupe.com.uy\/web\/wp-content\/uploads\/2016\/04\/p-1742-6981-100x100.jpg",100,100,true]},"post_excerpt_stackable_v2":"<p>Para devolver a los ciudadanos, ilustres y oscuros, orientales de nacimiento o por opci\u00f3n vital, de todos los extremos del prisma ideol\u00f3gico y de todas las opciones pol\u00edticas, con todas las virtudes y sus limitaciones a cuesta, el sitial que les correspon<\/p>\n","category_list_v2":"","author_info_v2":{"name":"","url":""},"comments_num_v2":"0 comentarios","_links":{"self":[{"href":"https:\/\/ajupe.com.uy\/web\/wp-json\/wp\/v2\/product\/1742","targetHints":{"allow":["GET"]}}],"collection":[{"href":"https:\/\/ajupe.com.uy\/web\/wp-json\/wp\/v2\/product"}],"about":[{"href":"https:\/\/ajupe.com.uy\/web\/wp-json\/wp\/v2\/types\/product"}],"wp:featuredmedia":[{"embeddable":true,"href":"https:\/\/ajupe.com.uy\/web\/wp-json\/wp\/v2\/media\/1743"}],"wp:attachment":[{"href":"https:\/\/ajupe.com.uy\/web\/wp-json\/wp\/v2\/media?parent=1742"}],"wp:term":[{"taxonomy":"product_brand","embeddable":true,"href":"https:\/\/ajupe.com.uy\/web\/wp-json\/wp\/v2\/product_brand?post=1742"},{"taxonomy":"product_cat","embeddable":true,"href":"https:\/\/ajupe.com.uy\/web\/wp-json\/wp\/v2\/product_cat?post=1742"},{"taxonomy":"product_tag","embeddable":true,"href":"https:\/\/ajupe.com.uy\/web\/wp-json\/wp\/v2\/product_tag?post=1742"}],"curies":[{"name":"wp","href":"https:\/\/api.w.org\/{rel}","templated":true}]}}