{"id":1750,"date":"2010-07-14T00:00:00","date_gmt":"2010-07-14T03:00:00","guid":{"rendered":"http:\/\/ajupe.com.uy\/web\/?post_type=product&#038;p=1750"},"modified":"2010-07-14T00:00:00","modified_gmt":"2010-07-14T03:00:00","slug":"assassini","status":"publish","type":"product","link":"https:\/\/ajupe.com.uy\/web\/biblioteca\/assassini\/","title":{"rendered":"Assassini"},"content":{"rendered":"<p>El papa agoniza en su lecho de muerte y su secesi\u00f3n desata un despiadado enfrentamiento de intereses inconfesables. En Nueva York se produce una serie de misteriosos asesinatos de religiosos, entre ellos sor Valentine, hija de un poderoso hombre de negocios. El hijo de este Ben, un ex jesuita que conoce las entra\u00f1as de la Iglesia se encargar\u00e1 de la investigaci\u00f3n. Ben no escatima esfuerzos para llegar al fondo del asunto, pero en su camino es amenazado y presionado para que abandone el caso. Los Assassini, un grupo de cl\u00e9rigos violentos y fan\u00e1ticos que conocen los secretos m\u00e1s rec\u00f3nditos del Vaticano y cuyo l\u00edder es el enigm\u00e1tico Archiduque, no est\u00e1n dispuestos a que nadie se interponga en sus tenebrosas maquinaciones.<\/p>\n","protected":false},"excerpt":{"rendered":"<p>El papa agoniza en su lecho de muerte y su secesi\u00f3n desata un despiadado enfrentamiento de intereses inconfesables. En Nueva York se produce una serie de misteriosos asesinatos de religiosos, entre ellos sor Valentine, hija de un poderoso hombre de negoci<\/p>\n","protected":false},"featured_media":1751,"template":"","meta":[],"product_brand":[493],"product_cat":[30],"product_tag":[],"class_list":{"0":"post-1750","1":"product","2":"type-product","3":"status-publish","4":"has-post-thumbnail","6":"product_brand-thomas-gifford","7":"product_cat-suspenso","9":"first","10":"instock","11":"purchasable","12":"product-type-simple"},"featured_image_urls_v2":{"full":["https:\/\/ajupe.com.uy\/web\/wp-content\/uploads\/2016\/04\/p-1750-6985.jpg",360,542,false],"thumbnail":["https:\/\/ajupe.com.uy\/web\/wp-content\/uploads\/2016\/04\/p-1750-6985.jpg",150,150,true],"medium":["https:\/\/ajupe.com.uy\/web\/wp-content\/uploads\/2016\/04\/p-1750-6985.jpg",300,214,true],"medium_large":["https:\/\/ajupe.com.uy\/web\/wp-content\/uploads\/2016\/04\/p-1750-6985.jpg",360,542,false],"large":["https:\/\/ajupe.com.uy\/web\/wp-content\/uploads\/2016\/04\/p-1750-6985.jpg",360,542,false],"1536x1536":["https:\/\/ajupe.com.uy\/web\/wp-content\/uploads\/2016\/04\/p-1750-6985.jpg",360,542,false],"2048x2048":["https:\/\/ajupe.com.uy\/web\/wp-content\/uploads\/2016\/04\/p-1750-6985.jpg",360,542,false],"woocommerce_archive_thumbnail":["https:\/\/ajupe.com.uy\/web\/wp-content\/uploads\/2016\/04\/p-1750-6985-300x450.jpg",300,450,true],"woocommerce_thumbnail":["https:\/\/ajupe.com.uy\/web\/wp-content\/uploads\/2016\/04\/p-1750-6985-300x300.jpg",300,300,true],"woocommerce_single":["https:\/\/ajupe.com.uy\/web\/wp-content\/uploads\/2016\/04\/p-1750-6985-300x452.jpg",300,452,true],"woocommerce_gallery_thumbnail":["https:\/\/ajupe.com.uy\/web\/wp-content\/uploads\/2016\/04\/p-1750-6985-100x100.jpg",100,100,true]},"post_excerpt_stackable_v2":"<p>El papa agoniza en su lecho de muerte y su secesi\u00f3n desata un despiadado enfrentamiento de intereses inconfesables. En Nueva York se produce una serie de misteriosos asesinatos de religiosos, entre ellos sor Valentine, hija de un poderoso hombre de negoci<\/p>\n","category_list_v2":"","author_info_v2":{"name":"","url":""},"comments_num_v2":"0 comentarios","_links":{"self":[{"href":"https:\/\/ajupe.com.uy\/web\/wp-json\/wp\/v2\/product\/1750","targetHints":{"allow":["GET"]}}],"collection":[{"href":"https:\/\/ajupe.com.uy\/web\/wp-json\/wp\/v2\/product"}],"about":[{"href":"https:\/\/ajupe.com.uy\/web\/wp-json\/wp\/v2\/types\/product"}],"wp:featuredmedia":[{"embeddable":true,"href":"https:\/\/ajupe.com.uy\/web\/wp-json\/wp\/v2\/media\/1751"}],"wp:attachment":[{"href":"https:\/\/ajupe.com.uy\/web\/wp-json\/wp\/v2\/media?parent=1750"}],"wp:term":[{"taxonomy":"product_brand","embeddable":true,"href":"https:\/\/ajupe.com.uy\/web\/wp-json\/wp\/v2\/product_brand?post=1750"},{"taxonomy":"product_cat","embeddable":true,"href":"https:\/\/ajupe.com.uy\/web\/wp-json\/wp\/v2\/product_cat?post=1750"},{"taxonomy":"product_tag","embeddable":true,"href":"https:\/\/ajupe.com.uy\/web\/wp-json\/wp\/v2\/product_tag?post=1750"}],"curies":[{"name":"wp","href":"https:\/\/api.w.org\/{rel}","templated":true}]}}