{"id":1762,"date":"2010-07-14T00:00:00","date_gmt":"2010-07-14T03:00:00","guid":{"rendered":"http:\/\/ajupe.com.uy\/web\/?post_type=product&#038;p=1762"},"modified":"2010-07-14T00:00:00","modified_gmt":"2010-07-14T03:00:00","slug":"luz-perdida","status":"publish","type":"product","link":"https:\/\/ajupe.com.uy\/web\/biblioteca\/luz-perdida\/","title":{"rendered":"Luz Perdida"},"content":{"rendered":"<p>Desencantado con el cuerpo de polic\u00eda de Los \u00c1ngeles, Harry Bosch decide abandonarlo tras casi 30 a\u00f1os como miembro del mismo. Sin embargo, desea seguir ejerciendo y retomar aquellos casos que no puedo resolver durante sus a\u00f1os como agente. Uno de ellos es el asesino de Angella Benton, una joven que trabaja en unos estudios cinematogr\u00e1ficos. Su muerte se produjo d\u00edas antes del robo de dos millones de d\u00f3lares que iban a utilizarse durante el rodaje de una pel\u00edcula, y Bosch cree que ambos hecho podr\u00edan estar relacionados. Si en el \u00e1mbito profesional Bosch prefiere ahora actuar por su cuenta, en el terreno personal tambi\u00e9n es un solitario.<\/p>\n","protected":false},"excerpt":{"rendered":"<p>Desencantado con el cuerpo de polic\u00eda de Los \u00c1ngeles, Harry Bosch decide abandonarlo tras casi 30 a\u00f1os como miembro del mismo. Sin embargo, desea seguir ejerciendo y retomar aquellos casos que no puedo resolver durante sus a\u00f1os como agente. Uno de ellos e<\/p>\n","protected":false},"featured_media":1763,"template":"","meta":[],"product_brand":[384],"product_cat":[30],"product_tag":[],"class_list":{"0":"post-1762","1":"product","2":"type-product","3":"status-publish","4":"has-post-thumbnail","6":"product_brand-michael-connelly","7":"product_cat-suspenso","9":"first","10":"instock","11":"purchasable","12":"product-type-simple"},"featured_image_urls_v2":{"full":["https:\/\/ajupe.com.uy\/web\/wp-content\/uploads\/2016\/04\/p-1762-6991.jpg",360,542,false],"thumbnail":["https:\/\/ajupe.com.uy\/web\/wp-content\/uploads\/2016\/04\/p-1762-6991.jpg",150,150,true],"medium":["https:\/\/ajupe.com.uy\/web\/wp-content\/uploads\/2016\/04\/p-1762-6991.jpg",300,214,true],"medium_large":["https:\/\/ajupe.com.uy\/web\/wp-content\/uploads\/2016\/04\/p-1762-6991.jpg",360,542,false],"large":["https:\/\/ajupe.com.uy\/web\/wp-content\/uploads\/2016\/04\/p-1762-6991.jpg",360,542,false],"1536x1536":["https:\/\/ajupe.com.uy\/web\/wp-content\/uploads\/2016\/04\/p-1762-6991.jpg",360,542,false],"2048x2048":["https:\/\/ajupe.com.uy\/web\/wp-content\/uploads\/2016\/04\/p-1762-6991.jpg",360,542,false],"woocommerce_archive_thumbnail":["https:\/\/ajupe.com.uy\/web\/wp-content\/uploads\/2016\/04\/p-1762-6991-300x450.jpg",300,450,true],"woocommerce_thumbnail":["https:\/\/ajupe.com.uy\/web\/wp-content\/uploads\/2016\/04\/p-1762-6991-300x300.jpg",300,300,true],"woocommerce_single":["https:\/\/ajupe.com.uy\/web\/wp-content\/uploads\/2016\/04\/p-1762-6991-300x452.jpg",300,452,true],"woocommerce_gallery_thumbnail":["https:\/\/ajupe.com.uy\/web\/wp-content\/uploads\/2016\/04\/p-1762-6991-100x100.jpg",100,100,true]},"post_excerpt_stackable_v2":"<p>Desencantado con el cuerpo de polic\u00eda de Los \u00c1ngeles, Harry Bosch decide abandonarlo tras casi 30 a\u00f1os como miembro del mismo. Sin embargo, desea seguir ejerciendo y retomar aquellos casos que no puedo resolver durante sus a\u00f1os como agente. Uno de ellos e<\/p>\n","category_list_v2":"","author_info_v2":{"name":"","url":""},"comments_num_v2":"0 comentarios","_links":{"self":[{"href":"https:\/\/ajupe.com.uy\/web\/wp-json\/wp\/v2\/product\/1762","targetHints":{"allow":["GET"]}}],"collection":[{"href":"https:\/\/ajupe.com.uy\/web\/wp-json\/wp\/v2\/product"}],"about":[{"href":"https:\/\/ajupe.com.uy\/web\/wp-json\/wp\/v2\/types\/product"}],"wp:featuredmedia":[{"embeddable":true,"href":"https:\/\/ajupe.com.uy\/web\/wp-json\/wp\/v2\/media\/1763"}],"wp:attachment":[{"href":"https:\/\/ajupe.com.uy\/web\/wp-json\/wp\/v2\/media?parent=1762"}],"wp:term":[{"taxonomy":"product_brand","embeddable":true,"href":"https:\/\/ajupe.com.uy\/web\/wp-json\/wp\/v2\/product_brand?post=1762"},{"taxonomy":"product_cat","embeddable":true,"href":"https:\/\/ajupe.com.uy\/web\/wp-json\/wp\/v2\/product_cat?post=1762"},{"taxonomy":"product_tag","embeddable":true,"href":"https:\/\/ajupe.com.uy\/web\/wp-json\/wp\/v2\/product_tag?post=1762"}],"curies":[{"name":"wp","href":"https:\/\/api.w.org\/{rel}","templated":true}]}}