{"id":1764,"date":"2010-07-14T00:00:00","date_gmt":"2010-07-14T03:00:00","guid":{"rendered":"http:\/\/ajupe.com.uy\/web\/?post_type=product&#038;p=1764"},"modified":"2011-09-16T18:41:57","modified_gmt":"2011-09-16T21:41:57","slug":"castigo","status":"publish","type":"product","link":"https:\/\/ajupe.com.uy\/web\/biblioteca\/castigo\/","title":{"rendered":"Castigo"},"content":{"rendered":"<p>En un fr\u00edo s\u00f3tano en alg\u00fan lugar de Noruega se halla encerrada Emilie, una ni\u00f1a de nueve a\u00f1os. Desconoce d\u00f3nde est\u00e1 y el motivo de su encierro. Tampoco sabe quien es el hombre que regularmente le ofrece comida y bebida; sin embargo, su instinto le dice que debe comportarse bien con \u00e9l. Si no, puede ocurrirle lo que le pas\u00f3 a Kim, el ni\u00f1o que estaba con ella y al que un d\u00eda el hombre se llev\u00f3. Yngvar Stubo, el comisario del servicio de criminolog\u00eda noruego encargado del caso, decide solicitar la ayuda de Inger Johanne Vik, una psic\u00f3loga que en el pasado trabaj\u00f3 como profiler para el FBI. Vik no quiere aceptar la propuesta, pero la aparici\u00f3n de una de las v\u00edctimas le hace cambiar de parecer.<\/p>\n","protected":false},"excerpt":{"rendered":"<p>En un fr\u00edo s\u00f3tano en alg\u00fan lugar de Noruega se halla encerrada Emilie, una ni\u00f1a de nueve a\u00f1os. Desconoce d\u00f3nde est\u00e1 y el motivo de su encierro. Tampoco sabe quien es el hombre que regularmente le ofrece comida y bebida; sin embargo, su instinto le dice qu<\/p>\n","protected":false},"featured_media":1765,"template":"","meta":[],"product_brand":[499],"product_cat":[29],"product_tag":[],"class_list":{"0":"post-1764","1":"product","2":"type-product","3":"status-publish","4":"has-post-thumbnail","6":"product_brand-anne-holt","7":"product_cat-novela","9":"first","10":"instock","11":"purchasable","12":"product-type-simple"},"featured_image_urls_v2":{"full":["https:\/\/ajupe.com.uy\/web\/wp-content\/uploads\/2016\/04\/p-1764-6992.jpg",360,542,false],"thumbnail":["https:\/\/ajupe.com.uy\/web\/wp-content\/uploads\/2016\/04\/p-1764-6992.jpg",150,150,true],"medium":["https:\/\/ajupe.com.uy\/web\/wp-content\/uploads\/2016\/04\/p-1764-6992.jpg",300,214,true],"medium_large":["https:\/\/ajupe.com.uy\/web\/wp-content\/uploads\/2016\/04\/p-1764-6992.jpg",360,542,false],"large":["https:\/\/ajupe.com.uy\/web\/wp-content\/uploads\/2016\/04\/p-1764-6992.jpg",360,542,false],"1536x1536":["https:\/\/ajupe.com.uy\/web\/wp-content\/uploads\/2016\/04\/p-1764-6992.jpg",360,542,false],"2048x2048":["https:\/\/ajupe.com.uy\/web\/wp-content\/uploads\/2016\/04\/p-1764-6992.jpg",360,542,false],"woocommerce_archive_thumbnail":["https:\/\/ajupe.com.uy\/web\/wp-content\/uploads\/2016\/04\/p-1764-6992-300x450.jpg",300,450,true],"woocommerce_thumbnail":["https:\/\/ajupe.com.uy\/web\/wp-content\/uploads\/2016\/04\/p-1764-6992-300x300.jpg",300,300,true],"woocommerce_single":["https:\/\/ajupe.com.uy\/web\/wp-content\/uploads\/2016\/04\/p-1764-6992-300x452.jpg",300,452,true],"woocommerce_gallery_thumbnail":["https:\/\/ajupe.com.uy\/web\/wp-content\/uploads\/2016\/04\/p-1764-6992-100x100.jpg",100,100,true]},"post_excerpt_stackable_v2":"<p>En un fr\u00edo s\u00f3tano en alg\u00fan lugar de Noruega se halla encerrada Emilie, una ni\u00f1a de nueve a\u00f1os. Desconoce d\u00f3nde est\u00e1 y el motivo de su encierro. Tampoco sabe quien es el hombre que regularmente le ofrece comida y bebida; sin embargo, su instinto le dice qu<\/p>\n","category_list_v2":"","author_info_v2":{"name":"","url":""},"comments_num_v2":"0 comentarios","_links":{"self":[{"href":"https:\/\/ajupe.com.uy\/web\/wp-json\/wp\/v2\/product\/1764","targetHints":{"allow":["GET"]}}],"collection":[{"href":"https:\/\/ajupe.com.uy\/web\/wp-json\/wp\/v2\/product"}],"about":[{"href":"https:\/\/ajupe.com.uy\/web\/wp-json\/wp\/v2\/types\/product"}],"wp:featuredmedia":[{"embeddable":true,"href":"https:\/\/ajupe.com.uy\/web\/wp-json\/wp\/v2\/media\/1765"}],"wp:attachment":[{"href":"https:\/\/ajupe.com.uy\/web\/wp-json\/wp\/v2\/media?parent=1764"}],"wp:term":[{"taxonomy":"product_brand","embeddable":true,"href":"https:\/\/ajupe.com.uy\/web\/wp-json\/wp\/v2\/product_brand?post=1764"},{"taxonomy":"product_cat","embeddable":true,"href":"https:\/\/ajupe.com.uy\/web\/wp-json\/wp\/v2\/product_cat?post=1764"},{"taxonomy":"product_tag","embeddable":true,"href":"https:\/\/ajupe.com.uy\/web\/wp-json\/wp\/v2\/product_tag?post=1764"}],"curies":[{"name":"wp","href":"https:\/\/api.w.org\/{rel}","templated":true}]}}